{"id":2526,"date":"2020-07-31T19:02:45","date_gmt":"2020-07-31T19:02:45","guid":{"rendered":"https:\/\/wander.com.ar\/website\/?page_id=2526"},"modified":"2024-10-24T09:53:47","modified_gmt":"2024-10-24T12:53:47","slug":"la-empresa","status":"publish","type":"page","link":"https:\/\/wander.com.ar\/website\/la-empresa\/","title":{"rendered":"La Empresa"},"content":{"rendered":"<p>[et_pb_section fb_built=\u00bb1&#8243; admin_label=\u00bbSecci\u00f3n de Empresa\u00bb module_id=\u00bbhome_inicio\u00bb _builder_version=\u00bb4.27.2&#8243; width_tablet=\u00bb\u00bb width_phone=\u00bb90%\u00bb width_last_edited=\u00bbon|phone\u00bb max_width=\u00bb1150px\u00bb module_alignment=\u00bbcenter\u00bb custom_margin=\u00bb0px||||false|false\u00bb custom_margin_tablet=\u00bb0px||||false|false\u00bb custom_margin_phone=\u00bb30px||||false|false\u00bb custom_margin_last_edited=\u00bbon|phone\u00bb custom_padding=\u00bb0px|0px|37px|0px|false|false\u00bb top_divider_color=\u00bb#939393&#8243; top_divider_height=\u00bb0px\u00bb border_color_all=\u00bb#303030&#8243; global_colors_info=\u00bb{}\u00bb][et_pb_row custom_padding_last_edited=\u00bbon|phone\u00bb _builder_version=\u00bb4.27.2&#8243; _module_preset=\u00bbdefault\u00bb width=\u00bb100%\u00bb width_tablet=\u00bb88%\u00bb width_phone=\u00bb96%\u00bb width_last_edited=\u00bbon|phone\u00bb custom_margin_tablet=\u00bb\u00bb custom_margin_phone=\u00bb0px||||false|false\u00bb custom_margin_last_edited=\u00bbon|phone\u00bb custom_padding=\u00bb23px|||||\u00bb custom_padding_tablet=\u00bb23px|||||\u00bb custom_padding_phone=\u00bb0px||||false|false\u00bb global_colors_info=\u00bb{}\u00bb][et_pb_column type=\u00bb4_4&#8243; _builder_version=\u00bb4.16&#8243; _module_preset=\u00bbdefault\u00bb global_colors_info=\u00bb{}\u00bb][et_pb_text _builder_version=\u00bb4.27.2&#8243; _module_preset=\u00bbdefault\u00bb width_tablet=\u00bb\u00bb width_phone=\u00bb90%\u00bb width_last_edited=\u00bbon|phone\u00bb max_width=\u00bb1150px\u00bb custom_margin=\u00bb48px||||false|false\u00bb custom_margin_tablet=\u00bb||||false|false\u00bb custom_margin_phone=\u00bb|||0px|false|false\u00bb custom_margin_last_edited=\u00bbon|tablet\u00bb custom_padding=\u00bb11px|||10px|false|false\u00bb custom_padding_tablet=\u00bb11px|||10px|false|false\u00bb custom_padding_phone=\u00bb0px|||0px|false|false\u00bb custom_padding_last_edited=\u00bbon|desktop\u00bb border_width_left=\u00bb8px\u00bb border_color_left=\u00bb#e02b20&#8243; border_width_left_tablet=\u00bb8px\u00bb border_width_left_phone=\u00bb0px\u00bb border_width_left_last_edited=\u00bbon|phone\u00bb global_colors_info=\u00bb{}\u00bb]<\/p>\n<h1>Qui\u00e9nes somos<\/h1>\n<p>[\/et_pb_text][\/et_pb_column][\/et_pb_row][et_pb_row column_structure=\u00bb3_5,2_5&#8243; admin_label=\u00bbJuice Types Row\u00bb _builder_version=\u00bb4.27.2&#8243; width=\u00bb100%\u00bb width_tablet=\u00bb100%\u00bb width_phone=\u00bb90%\u00bb width_last_edited=\u00bbon|phone\u00bb module_alignment=\u00bbcenter\u00bb custom_margin=\u00bb-15px|auto||auto|false|false\u00bb custom_margin_tablet=\u00bb-15px|auto||auto|false|false\u00bb custom_margin_phone=\u00bb0px|0px||0px|false|false\u00bb custom_margin_last_edited=\u00bbon|phone\u00bb custom_padding=\u00bb16px|0px|3px|0px|false|true\u00bb global_colors_info=\u00bb{}\u00bb][et_pb_column type=\u00bb3_5&#8243; _builder_version=\u00bb4.16&#8243; custom_padding=\u00bb|0px||0px|false|true\u00bb custom_padding_tablet=\u00bb||40px||false|true\u00bb custom_padding_phone=\u00bb|0px||11px|false|false\u00bb custom_padding_last_edited=\u00bbon|phone\u00bb global_colors_info=\u00bb{}\u00bb custom_padding__hover=\u00bb|||\u00bb][et_pb_blurb title=\u00bbNuestra Empresa\u00bb image=\u00bbhttps:\/\/wander.com.ar\/website\/wp-content\/uploads\/03-scaled.jpg\u00bb content_max_width=\u00bb100%\u00bb icon_placement_tablet=\u00bb\u00bb icon_placement_phone=\u00bb\u00bb icon_placement_last_edited=\u00bbon|desktop\u00bb image_icon_width_tablet=\u00bb100%\u00bb image_icon_width_phone=\u00bb100%\u00bb image_icon_width_last_edited=\u00bbon|tablet\u00bb content_max_width_tablet=\u00bb90%\u00bb content_max_width_phone=\u00bb100%\u00bb content_max_width_last_edited=\u00bbon|phone\u00bb _builder_version=\u00bb4.27.2&#8243; _module_preset=\u00bbdefault\u00bb body_font=\u00bbRoboto Condensed|300|||||||\u00bb body_font_size=\u00bb18px\u00bb body_line_height=\u00bb1.75em\u00bb image_icon_custom_padding_tablet=\u00bb\u00bb image_icon_custom_padding_phone=\u00bb\u00bb image_icon_custom_padding_last_edited=\u00bbon|desktop\u00bb custom_margin=\u00bb|0px||0px|false|false\u00bb custom_margin_tablet=\u00bb\u00bb custom_margin_phone=\u00bb-40px||||false|false\u00bb custom_margin_last_edited=\u00bbon|phone\u00bb custom_padding=\u00bb|52px|||false|false\u00bb custom_padding_tablet=\u00bb\u00bb custom_padding_phone=\u00bb|0px|||false|false\u00bb custom_padding_last_edited=\u00bbon|desktop\u00bb body_font_size_tablet=\u00bb\u00bb body_font_size_phone=\u00bb17px\u00bb body_font_size_last_edited=\u00bbon|desktop\u00bb body_line_height_tablet=\u00bb\u00bb body_line_height_phone=\u00bb\u00bb body_line_height_last_edited=\u00bbon|desktop\u00bb module_alignment_tablet=\u00bb\u00bb module_alignment_phone=\u00bbcenter\u00bb module_alignment_last_edited=\u00bbon|phone\u00bb custom_css_blurb_image=\u00bbdisplay:none\u00bb custom_css_blurb_title=\u00bbdisplay:none\u00bb border_width_all_image_tablet=\u00bb\u00bb border_width_all_image_phone=\u00bb\u00bb border_width_all_image_last_edited=\u00bbon|desktop\u00bb image_max_width_tablet=\u00bb100%\u00bb image_max_width_phone=\u00bb\u00bb image_max_width_last_edited=\u00bbon|tablet\u00bb global_colors_info=\u00bb{}\u00bb custom_css_blurb_image_last_edited=\u00bbon|phone\u00bb custom_css_blurb_image_tablet=\u00bbdisplay:block\u00bb custom_css_blurb_title_last_edited=\u00bbon|tablet\u00bb custom_css_blurb_image_phone=\u00bbdisplay:block\u00bb custom_css_blurb_title_tablet=\u00bbdisplay:none\u00bb custom_css_blurb_title_phone=\u00bbdisplay:none\u00bb]<\/p>\n<p>Nacida en 1979, Wander es una\u00a0 marca destinada a satisfacer las necesidades de un mercado exigente, que desea productos de excelente calidad a precios competitivos.<\/p>\n<p><span>Ofrecemos al mercado una completa l\u00ednea de productos cuidados en cada detalle, desde la selecci\u00f3n de las materias primas hasta el dise\u00f1o final en su envase, \u00a0siempre atentos a las necesidades de nuestros consumidores.<\/span><\/p>\n<p><span>La innovaci\u00f3n en dise\u00f1o suma un plus de valor a la calidad probada de nuestros productos para afianzar nuestro liderazgo, fortalecer nuestros lazos comerciales y expandir nuestras posibilidades de crecimiento de manera notable de cara al futuro. Ese futuro que se transforma en compromiso cotidiano para una empresa con objetivos claros y ambiciones de excelencia.<\/span><\/p>\n<p>[\/et_pb_blurb][\/et_pb_column][et_pb_column type=\u00bb2_5&#8243; disabled_on=\u00bbon|on|off\u00bb _builder_version=\u00bb4.27.2&#8243; background_enable_image=\u00bboff\u00bb background_position=\u00bbtop_center\u00bb custom_padding=\u00bb||||false|false\u00bb global_colors_info=\u00bb{}\u00bb custom_padding__hover=\u00bb|||\u00bb][et_pb_video src=\u00bbhttps:\/\/youtu.be\/ZtNZDemClK4?si=l3cgA_CkAUHZ4HmR\u00bb _builder_version=\u00bb4.27.2&#8243; _module_preset=\u00bbdefault\u00bb global_colors_info=\u00bb{}\u00bb][\/et_pb_video][\/et_pb_column][\/et_pb_row][et_pb_row _builder_version=\u00bb4.27.2&#8243; _module_preset=\u00bbdefault\u00bb width=\u00bb100%\u00bb custom_margin=\u00bb|auto|0px|auto||\u00bb global_colors_info=\u00bb{}\u00bb][et_pb_column type=\u00bb4_4&#8243; _builder_version=\u00bb4.16&#8243; _module_preset=\u00bbdefault\u00bb global_colors_info=\u00bb{}\u00bb][et_pb_testimonial author=\u00bbMarcelo Fern\u00e1ndez\u00bb job_title=\u00bbDirector\u00bb company_name=\u00bbNorwan Group\u00bb portrait_url=\u00bbhttps:\/\/wander.com.ar\/website\/wp-content\/uploads\/maf.jpg\u00bb portrait_width=\u00bb120px\u00bb portrait_height=\u00bb120px\u00bb use_icon_font_size=\u00bbon\u00bb icon_font_size=\u00bb49px\u00bb portrait_width_tablet=\u00bb\u00bb portrait_width_phone=\u00bb\u00bb portrait_width_last_edited=\u00bbon|desktop\u00bb icon_font_size_tablet=\u00bb\u00bb icon_font_size_phone=\u00bb\u00bb icon_font_size_last_edited=\u00bbon|desktop\u00bb _builder_version=\u00bb4.27.2&#8243; _module_preset=\u00bbdefault\u00bb body_font=\u00bbRoboto Condensed|300|||||||\u00bb body_font_size=\u00bb22px\u00bb author_font=\u00bbRoboto Condensed|700|||||||\u00bb position_font_size=\u00bb16px\u00bb company_font_size=\u00bb17px\u00bb custom_padding=\u00bb54px||||false|false\u00bb child_filter_brightness=\u00bb120%\u00bb position_font_size_tablet=\u00bb\u00bb position_font_size_phone=\u00bb\u00bb position_font_size_last_edited=\u00bbon|desktop\u00bb text_orientation_tablet=\u00bb\u00bb text_orientation_phone=\u00bbcenter\u00bb text_orientation_last_edited=\u00bbon|phone\u00bb custom_css_testimonial_description=\u00bbpadding-top:20px\u00bb custom_css_testimonial_author=\u00bbmargin-top:10px\u00bb border_width_all_portrait=\u00bb9px\u00bb border_color_all_portrait=\u00bb#ffffff\u00bb global_colors_info=\u00bb{}\u00bb custom_css_testimonial_description_last_edited=\u00bbon|desktop\u00bb custom_css_testimonial_description_tablet=\u00bbpadding-top:20px\u00bb custom_css_testimonial_description_phone=\u00bbpadding-top:20px\u00bb]<\/p>\n<p>Satisfacer las necesidades de quienes nos eligieron, respondiendo a sus inquietudes y desarrollando productos de excelente calidad, es NUESTRO DESAF\u00cdO.<\/p>\n<p>[\/et_pb_testimonial][\/et_pb_column][\/et_pb_row][et_pb_row _builder_version=\u00bb4.27.2&#8243; _module_preset=\u00bbdefault\u00bb width=\u00bb100%\u00bb custom_margin=\u00bb0px||||false|false\u00bb custom_margin_tablet=\u00bb0px||||false|false\u00bb custom_margin_phone=\u00bb0px||||false|false\u00bb custom_margin_last_edited=\u00bbon|desktop\u00bb custom_padding=\u00bb0px||0px||false|false\u00bb global_colors_info=\u00bb{}\u00bb][et_pb_column type=\u00bb4_4&#8243; _builder_version=\u00bb4.16&#8243; _module_preset=\u00bbdefault\u00bb global_colors_info=\u00bb{}\u00bb][et_pb_cta title=\u00bb\u00bfQuer\u00e9s trabajar en la empresa?\u00bb button_url=\u00bbhttps:\/\/norwangroup.com\/website\/contacto\/#cv\u00bb url_new_window=\u00bbon\u00bb button_text=\u00bbENVIAR CV\u00bb _builder_version=\u00bb4.27.2&#8243; _module_preset=\u00bbdefault\u00bb header_font_size=\u00bb26px\u00bb button_alignment=\u00bbcenter\u00bb custom_margin=\u00bb||11px||false|false\u00bb custom_margin_tablet=\u00bb||11px||false|false\u00bb custom_margin_phone=\u00bb22px||10px||false|false\u00bb custom_margin_last_edited=\u00bbon|tablet\u00bb global_colors_info=\u00bb{}\u00bb][\/et_pb_cta][\/et_pb_column][\/et_pb_row][et_pb_row column_structure=\u00bb1_3,1_3,1_3&#8243; _builder_version=\u00bb4.27.2&#8243; _module_preset=\u00bbdefault\u00bb width=\u00bb100%\u00bb custom_margin=\u00bb|auto|20px|auto|false|false\u00bb custom_padding=\u00bb26px|||||\u00bb hover_enabled=\u00bb0&#8243; global_colors_info=\u00bb{}\u00bb sticky_enabled=\u00bb0&#8243;][et_pb_column type=\u00bb1_3&#8243; _builder_version=\u00bb4.16&#8243; _module_preset=\u00bbdefault\u00bb custom_padding=\u00bb|||32px|false|false\u00bb custom_padding_tablet=\u00bb\u00bb custom_padding_phone=\u00bb\u00bb custom_padding_last_edited=\u00bbon|desktop\u00bb border_width_right=\u00bb2px\u00bb border_color_right=\u00bb#d6d6d6&#8243; border_color_right_tablet=\u00bbrgba(0,0,0,0)\u00bb border_color_right_phone=\u00bb\u00bb border_color_right_last_edited=\u00bbon|desktop\u00bb global_colors_info=\u00bb{}\u00bb][et_pb_social_media_follow use_icon_font_size=\u00bbon\u00bb icon_font_size=\u00bb24px\u00bb _builder_version=\u00bb4.27.2&#8243; _module_preset=\u00bbdefault\u00bb custom_button=\u00bbon\u00bb button_text_size=\u00bb17px\u00bb custom_margin=\u00bb|||-35px|false|false\u00bb hover_enabled=\u00bb0&#8243; global_colors_info=\u00bb{}\u00bb sticky_enabled=\u00bb0&#8243; text_orientation_last_edited=\u00bbon|tablet\u00bb text_orientation_tablet=\u00bbcenter\u00bb custom_margin_last_edited=\u00bbon|phone\u00bb custom_margin_tablet=\u00bb|0px|25px|0px|false|false\u00bb custom_margin_phone=\u00bb|||-29px|false|false\u00bb text_orientation_phone=\u00bbcenter\u00bb][et_pb_social_media_follow_network social_network=\u00bbfacebook\u00bb url=\u00bbhttps:\/\/www.facebook.com\/wanderargentina.ok\u00bb _builder_version=\u00bb4.16&#8243; _module_preset=\u00bbdefault\u00bb background_color=\u00bb#3b5998&#8243; custom_padding=\u00bb|||32px|false|false\u00bb custom_padding_tablet=\u00bb\u00bb custom_padding_phone=\u00bb\u00bb custom_padding_last_edited=\u00bbon|desktop\u00bb global_colors_info=\u00bb{}\u00bb follow_button=\u00bboff\u00bb url_new_window=\u00bbon\u00bb]facebook[\/et_pb_social_media_follow_network][et_pb_social_media_follow_network social_network=\u00bbinstagram\u00bb url=\u00bbhttps:\/\/www.instagram.com\/wanderargentina.ok\/\u00bb _builder_version=\u00bb4.16&#8243; _module_preset=\u00bbdefault\u00bb background_color=\u00bb#ea2c59&#8243; custom_padding=\u00bb|||32px|false|false\u00bb custom_padding_tablet=\u00bb\u00bb custom_padding_phone=\u00bb\u00bb custom_padding_last_edited=\u00bbon|desktop\u00bb global_colors_info=\u00bb{}\u00bb follow_button=\u00bboff\u00bb url_new_window=\u00bbon\u00bb]instagram[\/et_pb_social_media_follow_network][et_pb_social_media_follow_network social_network=\u00bbyoutube\u00bb url=\u00bbhttps:\/\/www.youtube.com\/@WanderRacingTV\/\u00bb _builder_version=\u00bb4.27.2&#8243; _module_preset=\u00bbdefault\u00bb background_color=\u00bb#e02b20&#8243; background_enable_color=\u00bbon\u00bb custom_padding=\u00bb|||32px|false|false\u00bb custom_padding_tablet=\u00bb\u00bb custom_padding_phone=\u00bb\u00bb custom_padding_last_edited=\u00bbon|desktop\u00bb global_colors_info=\u00bb{}\u00bb follow_button=\u00bboff\u00bb url_new_window=\u00bbon\u00bb]youtube[\/et_pb_social_media_follow_network][\/et_pb_social_media_follow][\/et_pb_column][et_pb_column type=\u00bb1_3&#8243; _builder_version=\u00bb4.27.2&#8243; _module_preset=\u00bbdefault\u00bb border_color_right=\u00bb#d6d6d6&#8243; border_color_right_tablet=\u00bbrgba(0,0,0,0)\u00bb border_color_right_phone=\u00bb\u00bb border_color_right_last_edited=\u00bbon|desktop\u00bb global_colors_info=\u00bb{}\u00bb][et_pb_text _builder_version=\u00bb4.27.2&#8243; _module_preset=\u00bbdefault\u00bb text_font=\u00bb|300|||||||\u00bb custom_margin=\u00bb|||21px|false|false\u00bb custom_padding=\u00bb|||32px|false|false\u00bb custom_padding_tablet=\u00bb\u00bb custom_padding_phone=\u00bb\u00bb custom_padding_last_edited=\u00bbon|desktop\u00bb hover_enabled=\u00bb0&#8243; global_colors_info=\u00bb{}\u00bb text_orientation_last_edited=\u00bbon|phone\u00bb text_orientation_tablet=\u00bbcenter\u00bb sticky_enabled=\u00bb0&#8243; text_orientation_phone=\u00bbleft\u00bb custom_margin_last_edited=\u00bbon|phone\u00bb custom_margin_tablet=\u00bb|||0px|false|false\u00bb custom_margin_phone=\u00bb|||21px|false|false\u00bb]<\/p>\n<h5><strong>Casa Central:<\/strong> JC Orsetti 858<\/h5>\n<p>(2152) Granadero Baigorria | Santa Fe | Argentina<\/p>\n<p>[\/et_pb_text][\/et_pb_column][et_pb_column type=\u00bb1_3&#8243; _builder_version=\u00bb4.27.2&#8243; _module_preset=\u00bbdefault\u00bb border_color_right=\u00bb#d6d6d6&#8243; border_color_right_tablet=\u00bbrgba(0,0,0,0)\u00bb border_color_right_phone=\u00bb\u00bb border_color_right_last_edited=\u00bbon|desktop\u00bb global_colors_info=\u00bb{}\u00bb][\/et_pb_column][\/et_pb_row][\/et_pb_section]<\/p>\n","protected":false},"excerpt":{"rendered":"<p>Qui\u00e9nes somosNacida en 1979, Wander es una\u00a0 marca destinada a satisfacer las necesidades de un mercado exigente, que desea productos de excelente calidad a precios competitivos. Ofrecemos al mercado una completa l\u00ednea de productos cuidados en cada detalle, desde la selecci\u00f3n de las materias primas hasta el dise\u00f1o final en su envase, \u00a0siempre atentos a [&hellip;]<\/p>\n","protected":false},"author":10,"featured_media":0,"parent":0,"menu_order":0,"comment_status":"closed","ping_status":"closed","template":"","meta":{"_et_pb_use_builder":"on","_et_pb_old_content":"","_et_gb_content_width":"","footnotes":""},"class_list":["post-2526","page","type-page","status-publish","hentry"],"yoast_head":"<!-- This site is optimized with the Yoast SEO plugin v23.9 - https:\/\/yoast.com\/wordpress\/plugins\/seo\/ -->\n<title>La Empresa -<\/title>\n<meta name=\"robots\" content=\"index, follow, max-snippet:-1, max-image-preview:large, max-video-preview:-1\" \/>\n<link rel=\"canonical\" href=\"https:\/\/wander.com.ar\/website\/la-empresa\/\" \/>\n<meta property=\"og:locale\" content=\"es_ES\" \/>\n<meta property=\"og:type\" content=\"article\" \/>\n<meta property=\"og:title\" content=\"La Empresa -\" \/>\n<meta property=\"og:description\" content=\"Qui\u00e9nes somosNacida en 1979, Wander es una\u00a0 marca destinada a satisfacer las necesidades de un mercado exigente, que desea productos de excelente calidad a precios competitivos. Ofrecemos al mercado una completa l\u00ednea de productos cuidados en cada detalle, desde la selecci\u00f3n de las materias primas hasta el dise\u00f1o final en su envase, \u00a0siempre atentos a [&hellip;]\" \/>\n<meta property=\"og:url\" content=\"https:\/\/wander.com.ar\/website\/la-empresa\/\" \/>\n<meta property=\"og:site_name\" content=\"Wander\" \/>\n<meta property=\"article:publisher\" content=\"https:\/\/www.facebook.com\/wanderargentina.ok\/\" \/>\n<meta property=\"article:modified_time\" content=\"2024-10-24T12:53:47+00:00\" \/>\n<meta name=\"twitter:card\" content=\"summary_large_image\" \/>\n<meta name=\"twitter:label1\" content=\"Tiempo de lectura\" \/>\n\t<meta name=\"twitter:data1\" content=\"8 minutos\" \/>\n<script type=\"application\/ld+json\" class=\"yoast-schema-graph\">{\"@context\":\"https:\/\/schema.org\",\"@graph\":[{\"@type\":\"WebPage\",\"@id\":\"https:\/\/wander.com.ar\/website\/la-empresa\/\",\"url\":\"https:\/\/wander.com.ar\/website\/la-empresa\/\",\"name\":\"La Empresa -\",\"isPartOf\":{\"@id\":\"https:\/\/wander.com.ar\/website\/#website\"},\"datePublished\":\"2020-07-31T19:02:45+00:00\",\"dateModified\":\"2024-10-24T12:53:47+00:00\",\"breadcrumb\":{\"@id\":\"https:\/\/wander.com.ar\/website\/la-empresa\/#breadcrumb\"},\"inLanguage\":\"es\",\"potentialAction\":[{\"@type\":\"ReadAction\",\"target\":[\"https:\/\/wander.com.ar\/website\/la-empresa\/\"]}]},{\"@type\":\"BreadcrumbList\",\"@id\":\"https:\/\/wander.com.ar\/website\/la-empresa\/#breadcrumb\",\"itemListElement\":[{\"@type\":\"ListItem\",\"position\":1,\"name\":\"Portada\",\"item\":\"https:\/\/wander.com.ar\/website\/\"},{\"@type\":\"ListItem\",\"position\":2,\"name\":\"La Empresa\"}]},{\"@type\":\"WebSite\",\"@id\":\"https:\/\/wander.com.ar\/website\/#website\",\"url\":\"https:\/\/wander.com.ar\/website\/\",\"name\":\"Wander Argentina\",\"description\":\"Productos para el mercado automotor\",\"publisher\":{\"@id\":\"https:\/\/wander.com.ar\/website\/#organization\"},\"alternateName\":\"Wander\",\"potentialAction\":[{\"@type\":\"SearchAction\",\"target\":{\"@type\":\"EntryPoint\",\"urlTemplate\":\"https:\/\/wander.com.ar\/website\/?s={search_term_string}\"},\"query-input\":{\"@type\":\"PropertyValueSpecification\",\"valueRequired\":true,\"valueName\":\"search_term_string\"}}],\"inLanguage\":\"es\"},{\"@type\":\"Organization\",\"@id\":\"https:\/\/wander.com.ar\/website\/#organization\",\"name\":\"Wander Argentina\",\"alternateName\":\"Wander\",\"url\":\"https:\/\/wander.com.ar\/website\/\",\"logo\":{\"@type\":\"ImageObject\",\"inLanguage\":\"es\",\"@id\":\"https:\/\/wander.com.ar\/website\/#\/schema\/logo\/image\/\",\"url\":\"https:\/\/wander.com.ar\/website\/wp-content\/uploads\/wander_isologo_hor_pos.png\",\"contentUrl\":\"https:\/\/wander.com.ar\/website\/wp-content\/uploads\/wander_isologo_hor_pos.png\",\"width\":951,\"height\":333,\"caption\":\"Wander Argentina\"},\"image\":{\"@id\":\"https:\/\/wander.com.ar\/website\/#\/schema\/logo\/image\/\"},\"sameAs\":[\"https:\/\/www.facebook.com\/wanderargentina.ok\/\",\"https:\/\/www.youtube.com\/@WanderRacingTV\",\"https:\/\/www.instagram.com\/wanderargentina.ok\"]}]}<\/script>\n<!-- \/ Yoast SEO plugin. -->","yoast_head_json":{"title":"La Empresa -","robots":{"index":"index","follow":"follow","max-snippet":"max-snippet:-1","max-image-preview":"max-image-preview:large","max-video-preview":"max-video-preview:-1"},"canonical":"https:\/\/wander.com.ar\/website\/la-empresa\/","og_locale":"es_ES","og_type":"article","og_title":"La Empresa -","og_description":"Qui\u00e9nes somosNacida en 1979, Wander es una\u00a0 marca destinada a satisfacer las necesidades de un mercado exigente, que desea productos de excelente calidad a precios competitivos. Ofrecemos al mercado una completa l\u00ednea de productos cuidados en cada detalle, desde la selecci\u00f3n de las materias primas hasta el dise\u00f1o final en su envase, \u00a0siempre atentos a [&hellip;]","og_url":"https:\/\/wander.com.ar\/website\/la-empresa\/","og_site_name":"Wander","article_publisher":"https:\/\/www.facebook.com\/wanderargentina.ok\/","article_modified_time":"2024-10-24T12:53:47+00:00","twitter_card":"summary_large_image","twitter_misc":{"Tiempo de lectura":"8 minutos"},"schema":{"@context":"https:\/\/schema.org","@graph":[{"@type":"WebPage","@id":"https:\/\/wander.com.ar\/website\/la-empresa\/","url":"https:\/\/wander.com.ar\/website\/la-empresa\/","name":"La Empresa -","isPartOf":{"@id":"https:\/\/wander.com.ar\/website\/#website"},"datePublished":"2020-07-31T19:02:45+00:00","dateModified":"2024-10-24T12:53:47+00:00","breadcrumb":{"@id":"https:\/\/wander.com.ar\/website\/la-empresa\/#breadcrumb"},"inLanguage":"es","potentialAction":[{"@type":"ReadAction","target":["https:\/\/wander.com.ar\/website\/la-empresa\/"]}]},{"@type":"BreadcrumbList","@id":"https:\/\/wander.com.ar\/website\/la-empresa\/#breadcrumb","itemListElement":[{"@type":"ListItem","position":1,"name":"Portada","item":"https:\/\/wander.com.ar\/website\/"},{"@type":"ListItem","position":2,"name":"La Empresa"}]},{"@type":"WebSite","@id":"https:\/\/wander.com.ar\/website\/#website","url":"https:\/\/wander.com.ar\/website\/","name":"Wander Argentina","description":"Productos para el mercado automotor","publisher":{"@id":"https:\/\/wander.com.ar\/website\/#organization"},"alternateName":"Wander","potentialAction":[{"@type":"SearchAction","target":{"@type":"EntryPoint","urlTemplate":"https:\/\/wander.com.ar\/website\/?s={search_term_string}"},"query-input":{"@type":"PropertyValueSpecification","valueRequired":true,"valueName":"search_term_string"}}],"inLanguage":"es"},{"@type":"Organization","@id":"https:\/\/wander.com.ar\/website\/#organization","name":"Wander Argentina","alternateName":"Wander","url":"https:\/\/wander.com.ar\/website\/","logo":{"@type":"ImageObject","inLanguage":"es","@id":"https:\/\/wander.com.ar\/website\/#\/schema\/logo\/image\/","url":"https:\/\/wander.com.ar\/website\/wp-content\/uploads\/wander_isologo_hor_pos.png","contentUrl":"https:\/\/wander.com.ar\/website\/wp-content\/uploads\/wander_isologo_hor_pos.png","width":951,"height":333,"caption":"Wander Argentina"},"image":{"@id":"https:\/\/wander.com.ar\/website\/#\/schema\/logo\/image\/"},"sameAs":["https:\/\/www.facebook.com\/wanderargentina.ok\/","https:\/\/www.youtube.com\/@WanderRacingTV","https:\/\/www.instagram.com\/wanderargentina.ok"]}]}},"_links":{"self":[{"href":"https:\/\/wander.com.ar\/website\/wp-json\/wp\/v2\/pages\/2526","targetHints":{"allow":["GET"]}}],"collection":[{"href":"https:\/\/wander.com.ar\/website\/wp-json\/wp\/v2\/pages"}],"about":[{"href":"https:\/\/wander.com.ar\/website\/wp-json\/wp\/v2\/types\/page"}],"author":[{"embeddable":true,"href":"https:\/\/wander.com.ar\/website\/wp-json\/wp\/v2\/users\/10"}],"replies":[{"embeddable":true,"href":"https:\/\/wander.com.ar\/website\/wp-json\/wp\/v2\/comments?post=2526"}],"version-history":[{"count":3,"href":"https:\/\/wander.com.ar\/website\/wp-json\/wp\/v2\/pages\/2526\/revisions"}],"predecessor-version":[{"id":8097,"href":"https:\/\/wander.com.ar\/website\/wp-json\/wp\/v2\/pages\/2526\/revisions\/8097"}],"wp:attachment":[{"href":"https:\/\/wander.com.ar\/website\/wp-json\/wp\/v2\/media?parent=2526"}],"curies":[{"name":"wp","href":"https:\/\/api.w.org\/{rel}","templated":true}]}}