{"id":1012,"date":"2008-10-20T15:49:24","date_gmt":"2008-10-20T15:49:24","guid":{"rendered":"http:\/\/www.idcontacto.com\/wander\/?post_type=product&#038;p=1012"},"modified":"2024-10-05T13:09:19","modified_gmt":"2024-10-05T16:09:19","slug":"w1080","status":"publish","type":"product","link":"https:\/\/wander.com.ar\/website\/productos\/w1080\/","title":{"rendered":"BMX SUPER 15W-50 JASO MA2"},"content":{"rendered":"<h3>Beneficios<\/h3>\n<ul>\n<li>Brinda m\u00e1xima protecci\u00f3n a las partes vitales del motor.<\/li>\n<li>No produce dep\u00f3sitos en aros y pistones.<\/li>\n<li>Optimiza la circulaci\u00f3n del aceite en fr\u00edo, facilitando el arranque.<\/li>\n<li>Excelente protecci\u00f3n antidesgaste.<\/li>\n<li>Reduce la fricci\u00f3n y disminuye el consumo de aceite.<\/li>\n<\/ul>\n<div class='et-box et-shadow'>\n\t\t\t\t\t<div class='et-box-content'>Se recomienda su uso en c\u00e1rter de motores de motos de cuatro tiempos, de calle, pisteras, enduro o motocross.<\/div><\/div>\n","protected":false},"excerpt":{"rendered":"<p>Su f\u00f3rmula satisface las exigencias internacionales. Los aditivos hacen que las piezas trabajen con un m\u00ednimo de rozamiento para que sus superficies no sufran el contacto metal-metal. Apto para sistemas de v\u00e1lvulas simples o m\u00faltiples y motores que utilicen combustibles con o sin plomo.<\/p>\n","protected":false},"featured_media":7500,"template":"","meta":{"_et_pb_use_builder":"","_et_pb_old_content":"","_et_gb_content_width":""},"product_brand":[],"product_cat":[152],"product_tag":[371,370,372],"class_list":{"0":"post-1012","1":"product","2":"type-product","3":"status-publish","4":"has-post-thumbnail","6":"product_cat-lubricantes-para-motores-motos","7":"product_tag-aceite-15w50","8":"product_tag-aceite-15w50-semisitetico","9":"product_tag-aceite-15w50-semisitetico-4t","11":"first","12":"instock","13":"shipping-taxable","14":"purchasable","15":"product-type-simple"},"yoast_head":"<!-- This site is optimized with the Yoast SEO plugin v23.9 - https:\/\/yoast.com\/wordpress\/plugins\/seo\/ -->\n<title>Aceite 15W50 Semisint\u00e9tico BMX 4T Wander<\/title>\n<meta name=\"description\" content=\"El Aceite 15W50 Semisint\u00e9tico BMX 4T\u00a0esta especialmente recomendado para ser utilizado como\u00a0 aceite de c\u00e1rter en motores.\" \/>\n<meta name=\"robots\" content=\"index, follow, max-snippet:-1, max-image-preview:large, max-video-preview:-1\" \/>\n<link rel=\"canonical\" href=\"https:\/\/wander.com.ar\/website\/productos\/w1080\/\" \/>\n<meta property=\"og:locale\" content=\"es_ES\" \/>\n<meta property=\"og:type\" content=\"article\" \/>\n<meta property=\"og:title\" content=\"Aceite 15W50 Semisint\u00e9tico BMX 4T Wander\" \/>\n<meta property=\"og:description\" content=\"El Aceite 15W50 Semisint\u00e9tico BMX 4T\u00a0esta especialmente recomendado para ser utilizado como\u00a0 aceite de c\u00e1rter en motores.\" \/>\n<meta property=\"og:url\" content=\"https:\/\/wander.com.ar\/website\/productos\/w1080\/\" \/>\n<meta property=\"og:site_name\" content=\"Wander\" \/>\n<meta property=\"article:publisher\" content=\"https:\/\/www.facebook.com\/wanderargentina.ok\/\" \/>\n<meta property=\"article:modified_time\" content=\"2024-10-05T16:09:19+00:00\" \/>\n<meta property=\"og:image\" content=\"https:\/\/wander.com.ar\/website\/wp-content\/uploads\/W1085-1.webp\" \/>\n\t<meta property=\"og:image:width\" content=\"1500\" \/>\n\t<meta property=\"og:image:height\" content=\"1500\" \/>\n\t<meta property=\"og:image:type\" content=\"image\/webp\" \/>\n<meta name=\"twitter:card\" content=\"summary_large_image\" \/>\n<meta name=\"twitter:label1\" content=\"Tiempo de lectura\" \/>\n\t<meta name=\"twitter:data1\" content=\"1 minuto\" \/>\n<script type=\"application\/ld+json\" class=\"yoast-schema-graph\">{\"@context\":\"https:\/\/schema.org\",\"@graph\":[{\"@type\":\"WebPage\",\"@id\":\"https:\/\/wander.com.ar\/website\/productos\/w1080\/\",\"url\":\"https:\/\/wander.com.ar\/website\/productos\/w1080\/\",\"name\":\"Aceite 15W50 Semisint\u00e9tico BMX 4T Wander\",\"isPartOf\":{\"@id\":\"https:\/\/wander.com.ar\/website\/#website\"},\"primaryImageOfPage\":{\"@id\":\"https:\/\/wander.com.ar\/website\/productos\/w1080\/#primaryimage\"},\"image\":{\"@id\":\"https:\/\/wander.com.ar\/website\/productos\/w1080\/#primaryimage\"},\"thumbnailUrl\":\"https:\/\/wander.com.ar\/website\/wp-content\/uploads\/W1085-1.webp\",\"datePublished\":\"2008-10-20T15:49:24+00:00\",\"dateModified\":\"2024-10-05T16:09:19+00:00\",\"description\":\"El Aceite 15W50 Semisint\u00e9tico BMX 4T\u00a0esta especialmente recomendado para ser utilizado como\u00a0 aceite de c\u00e1rter en motores.\",\"breadcrumb\":{\"@id\":\"https:\/\/wander.com.ar\/website\/productos\/w1080\/#breadcrumb\"},\"inLanguage\":\"es\",\"potentialAction\":[{\"@type\":\"ReadAction\",\"target\":[\"https:\/\/wander.com.ar\/website\/productos\/w1080\/\"]}]},{\"@type\":\"ImageObject\",\"inLanguage\":\"es\",\"@id\":\"https:\/\/wander.com.ar\/website\/productos\/w1080\/#primaryimage\",\"url\":\"https:\/\/wander.com.ar\/website\/wp-content\/uploads\/W1085-1.webp\",\"contentUrl\":\"https:\/\/wander.com.ar\/website\/wp-content\/uploads\/W1085-1.webp\",\"width\":1500,\"height\":1500},{\"@type\":\"BreadcrumbList\",\"@id\":\"https:\/\/wander.com.ar\/website\/productos\/w1080\/#breadcrumb\",\"itemListElement\":[{\"@type\":\"ListItem\",\"position\":1,\"name\":\"Portada\",\"item\":\"https:\/\/wander.com.ar\/website\/\"},{\"@type\":\"ListItem\",\"position\":2,\"name\":\"Nuestros Productos\",\"item\":\"https:\/\/wander.com.ar\/website\/?page_id=2343\"},{\"@type\":\"ListItem\",\"position\":3,\"name\":\"BMX SUPER 15W-50 JASO MA2\"}]},{\"@type\":\"WebSite\",\"@id\":\"https:\/\/wander.com.ar\/website\/#website\",\"url\":\"https:\/\/wander.com.ar\/website\/\",\"name\":\"Wander Argentina\",\"description\":\"Productos para el mercado automotor\",\"publisher\":{\"@id\":\"https:\/\/wander.com.ar\/website\/#organization\"},\"alternateName\":\"Wander\",\"potentialAction\":[{\"@type\":\"SearchAction\",\"target\":{\"@type\":\"EntryPoint\",\"urlTemplate\":\"https:\/\/wander.com.ar\/website\/?s={search_term_string}\"},\"query-input\":{\"@type\":\"PropertyValueSpecification\",\"valueRequired\":true,\"valueName\":\"search_term_string\"}}],\"inLanguage\":\"es\"},{\"@type\":\"Organization\",\"@id\":\"https:\/\/wander.com.ar\/website\/#organization\",\"name\":\"Wander Argentina\",\"alternateName\":\"Wander\",\"url\":\"https:\/\/wander.com.ar\/website\/\",\"logo\":{\"@type\":\"ImageObject\",\"inLanguage\":\"es\",\"@id\":\"https:\/\/wander.com.ar\/website\/#\/schema\/logo\/image\/\",\"url\":\"https:\/\/wander.com.ar\/website\/wp-content\/uploads\/wander_isologo_hor_pos.png\",\"contentUrl\":\"https:\/\/wander.com.ar\/website\/wp-content\/uploads\/wander_isologo_hor_pos.png\",\"width\":951,\"height\":333,\"caption\":\"Wander Argentina\"},\"image\":{\"@id\":\"https:\/\/wander.com.ar\/website\/#\/schema\/logo\/image\/\"},\"sameAs\":[\"https:\/\/www.facebook.com\/wanderargentina.ok\/\",\"https:\/\/www.youtube.com\/@WanderRacingTV\",\"https:\/\/www.instagram.com\/wanderargentina.ok\"]}]}<\/script>\n<!-- \/ Yoast SEO plugin. -->","yoast_head_json":{"title":"Aceite 15W50 Semisint\u00e9tico BMX 4T Wander","description":"El Aceite 15W50 Semisint\u00e9tico BMX 4T\u00a0esta especialmente recomendado para ser utilizado como\u00a0 aceite de c\u00e1rter en motores.","robots":{"index":"index","follow":"follow","max-snippet":"max-snippet:-1","max-image-preview":"max-image-preview:large","max-video-preview":"max-video-preview:-1"},"canonical":"https:\/\/wander.com.ar\/website\/productos\/w1080\/","og_locale":"es_ES","og_type":"article","og_title":"Aceite 15W50 Semisint\u00e9tico BMX 4T Wander","og_description":"El Aceite 15W50 Semisint\u00e9tico BMX 4T\u00a0esta especialmente recomendado para ser utilizado como\u00a0 aceite de c\u00e1rter en motores.","og_url":"https:\/\/wander.com.ar\/website\/productos\/w1080\/","og_site_name":"Wander","article_publisher":"https:\/\/www.facebook.com\/wanderargentina.ok\/","article_modified_time":"2024-10-05T16:09:19+00:00","og_image":[{"width":1500,"height":1500,"url":"https:\/\/wander.com.ar\/website\/wp-content\/uploads\/W1085-1.webp","type":"image\/webp"}],"twitter_card":"summary_large_image","twitter_misc":{"Tiempo de lectura":"1 minuto"},"schema":{"@context":"https:\/\/schema.org","@graph":[{"@type":"WebPage","@id":"https:\/\/wander.com.ar\/website\/productos\/w1080\/","url":"https:\/\/wander.com.ar\/website\/productos\/w1080\/","name":"Aceite 15W50 Semisint\u00e9tico BMX 4T Wander","isPartOf":{"@id":"https:\/\/wander.com.ar\/website\/#website"},"primaryImageOfPage":{"@id":"https:\/\/wander.com.ar\/website\/productos\/w1080\/#primaryimage"},"image":{"@id":"https:\/\/wander.com.ar\/website\/productos\/w1080\/#primaryimage"},"thumbnailUrl":"https:\/\/wander.com.ar\/website\/wp-content\/uploads\/W1085-1.webp","datePublished":"2008-10-20T15:49:24+00:00","dateModified":"2024-10-05T16:09:19+00:00","description":"El Aceite 15W50 Semisint\u00e9tico BMX 4T\u00a0esta especialmente recomendado para ser utilizado como\u00a0 aceite de c\u00e1rter en motores.","breadcrumb":{"@id":"https:\/\/wander.com.ar\/website\/productos\/w1080\/#breadcrumb"},"inLanguage":"es","potentialAction":[{"@type":"ReadAction","target":["https:\/\/wander.com.ar\/website\/productos\/w1080\/"]}]},{"@type":"ImageObject","inLanguage":"es","@id":"https:\/\/wander.com.ar\/website\/productos\/w1080\/#primaryimage","url":"https:\/\/wander.com.ar\/website\/wp-content\/uploads\/W1085-1.webp","contentUrl":"https:\/\/wander.com.ar\/website\/wp-content\/uploads\/W1085-1.webp","width":1500,"height":1500},{"@type":"BreadcrumbList","@id":"https:\/\/wander.com.ar\/website\/productos\/w1080\/#breadcrumb","itemListElement":[{"@type":"ListItem","position":1,"name":"Portada","item":"https:\/\/wander.com.ar\/website\/"},{"@type":"ListItem","position":2,"name":"Nuestros Productos","item":"https:\/\/wander.com.ar\/website\/?page_id=2343"},{"@type":"ListItem","position":3,"name":"BMX SUPER 15W-50 JASO MA2"}]},{"@type":"WebSite","@id":"https:\/\/wander.com.ar\/website\/#website","url":"https:\/\/wander.com.ar\/website\/","name":"Wander Argentina","description":"Productos para el mercado automotor","publisher":{"@id":"https:\/\/wander.com.ar\/website\/#organization"},"alternateName":"Wander","potentialAction":[{"@type":"SearchAction","target":{"@type":"EntryPoint","urlTemplate":"https:\/\/wander.com.ar\/website\/?s={search_term_string}"},"query-input":{"@type":"PropertyValueSpecification","valueRequired":true,"valueName":"search_term_string"}}],"inLanguage":"es"},{"@type":"Organization","@id":"https:\/\/wander.com.ar\/website\/#organization","name":"Wander Argentina","alternateName":"Wander","url":"https:\/\/wander.com.ar\/website\/","logo":{"@type":"ImageObject","inLanguage":"es","@id":"https:\/\/wander.com.ar\/website\/#\/schema\/logo\/image\/","url":"https:\/\/wander.com.ar\/website\/wp-content\/uploads\/wander_isologo_hor_pos.png","contentUrl":"https:\/\/wander.com.ar\/website\/wp-content\/uploads\/wander_isologo_hor_pos.png","width":951,"height":333,"caption":"Wander Argentina"},"image":{"@id":"https:\/\/wander.com.ar\/website\/#\/schema\/logo\/image\/"},"sameAs":["https:\/\/www.facebook.com\/wanderargentina.ok\/","https:\/\/www.youtube.com\/@WanderRacingTV","https:\/\/www.instagram.com\/wanderargentina.ok"]}]}},"_links":{"self":[{"href":"https:\/\/wander.com.ar\/website\/wp-json\/wp\/v2\/product\/1012","targetHints":{"allow":["GET"]}}],"collection":[{"href":"https:\/\/wander.com.ar\/website\/wp-json\/wp\/v2\/product"}],"about":[{"href":"https:\/\/wander.com.ar\/website\/wp-json\/wp\/v2\/types\/product"}],"wp:featuredmedia":[{"embeddable":true,"href":"https:\/\/wander.com.ar\/website\/wp-json\/wp\/v2\/media\/7500"}],"wp:attachment":[{"href":"https:\/\/wander.com.ar\/website\/wp-json\/wp\/v2\/media?parent=1012"}],"wp:term":[{"taxonomy":"product_brand","embeddable":true,"href":"https:\/\/wander.com.ar\/website\/wp-json\/wp\/v2\/product_brand?post=1012"},{"taxonomy":"product_cat","embeddable":true,"href":"https:\/\/wander.com.ar\/website\/wp-json\/wp\/v2\/product_cat?post=1012"},{"taxonomy":"product_tag","embeddable":true,"href":"https:\/\/wander.com.ar\/website\/wp-json\/wp\/v2\/product_tag?post=1012"}],"curies":[{"name":"wp","href":"https:\/\/api.w.org\/{rel}","templated":true}]}}