{"id":1015,"date":"2008-10-20T15:51:46","date_gmt":"2008-10-20T15:51:46","guid":{"rendered":"http:\/\/www.idcontacto.com\/wander\/?post_type=product&#038;p=1015"},"modified":"2024-10-05T13:08:48","modified_gmt":"2024-10-05T16:08:48","slug":"w1190","status":"publish","type":"product","link":"https:\/\/wander.com.ar\/website\/productos\/w1190\/","title":{"rendered":"BMX EVOLUTION 10W-50 JASO MA2"},"content":{"rendered":"<h3>Beneficios<\/h3>\n<ul>\n<li>No produce dep\u00f3sitos en aros y pistones.<\/li>\n<li>\u00d3ptima circulaci\u00f3n del aceite en fr\u00edo, facilitando el arranque y brindando una excelente protecci\u00f3n antidesgaste.<\/li>\n<li>Reduce la fricci\u00f3n prolongando la vida \u00fatil del motor.<\/li>\n<li>Disminuye el consumo de aceite.<\/li>\n<\/ul>\n<div class='et-box et-shadow'>\n\t\t\t\t\t<div class='et-box-content'>Para motores con sistemas de v\u00e1lvulas simples o m\u00faltiples y que utilizan combustibles con o sin plomo.<\/div><\/div>\n","protected":false},"excerpt":{"rendered":"<p>Lubricante 100% sint\u00e9tico desarrollado para utilizarse en motocicletas con motores de cuatro tiempos. Los aditivos que componen la f\u00f3rmula hacen que las piezas trabajen con un m\u00ednimo de rozamiento, de tal manera que sus superficies no sufran el contacto metal-metal.<\/p>\n<p>.<\/p>\n","protected":false},"featured_media":7499,"template":"","meta":{"_et_pb_use_builder":"off","_et_pb_old_content":"<h3>Beneficios<\/h3>\r\n<ul>\r\n \t<li>No produce dep\u00f3sitos en aros y pistones.<\/li>\r\n \t<li>\u00d3ptima circulaci\u00f3n del aceite en fr\u00edo, facilitando el arranque y brindando una excelente protecci\u00f3n antidesgaste.<\/li>\r\n \t<li>Reduce la fricci\u00f3n prolongando la vida \u00fatil del motor.<\/li>\r\n \t<li>Disminuye el consumo de aceite.<\/li>\r\n<\/ul>\r\n[box]Para motores con sistemas de v\u00e1lvulas simples o m\u00faltiples y que utilizan combustibles con o sin plomo.[\/box]","_et_gb_content_width":""},"product_brand":[],"product_cat":[152,143],"product_tag":[289,375,269],"class_list":{"0":"post-1015","1":"product","2":"type-product","3":"status-publish","4":"has-post-thumbnail","6":"product_cat-lubricantes-para-motores-motos","7":"product_cat-motos","8":"product_tag-aceite-100-sintetico","9":"product_tag-aceite-10w50","10":"product_tag-lubricante-sintetico","12":"first","13":"onbackorder","14":"shipping-taxable","15":"purchasable","16":"product-type-simple"},"yoast_head":"<!-- This site is optimized with the Yoast SEO plugin v23.9 - https:\/\/yoast.com\/wordpress\/plugins\/seo\/ -->\n<title>Aceite 10W50 100% Sint\u00e9tico BMX 4T Wander<\/title>\n<meta name=\"description\" content=\"Aceite 10W50\u00a0BMX 4T es un lubricante\u00a0100% sint\u00e9tico\u00a0desarrollado para utilizarse en\u00a0 motocicletas con motores 4T de alta performance.\" \/>\n<meta name=\"robots\" content=\"index, follow, max-snippet:-1, max-image-preview:large, max-video-preview:-1\" \/>\n<link rel=\"canonical\" href=\"https:\/\/wander.com.ar\/website\/productos\/w1190\/\" \/>\n<meta property=\"og:locale\" content=\"es_ES\" \/>\n<meta property=\"og:type\" content=\"article\" \/>\n<meta property=\"og:title\" content=\"Aceite 10W50 100% Sint\u00e9tico BMX 4T Wander\" \/>\n<meta property=\"og:description\" content=\"Aceite 10W50\u00a0BMX 4T es un lubricante\u00a0100% sint\u00e9tico\u00a0desarrollado para utilizarse en\u00a0 motocicletas con motores 4T de alta performance.\" \/>\n<meta property=\"og:url\" content=\"https:\/\/wander.com.ar\/website\/productos\/w1190\/\" \/>\n<meta property=\"og:site_name\" content=\"Wander\" \/>\n<meta property=\"article:publisher\" content=\"https:\/\/www.facebook.com\/wanderargentina.ok\/\" \/>\n<meta property=\"article:modified_time\" content=\"2024-10-05T16:08:48+00:00\" \/>\n<meta property=\"og:image\" content=\"https:\/\/wander.com.ar\/website\/wp-content\/uploads\/W1195-1.webp\" \/>\n\t<meta property=\"og:image:width\" content=\"1500\" \/>\n\t<meta property=\"og:image:height\" content=\"1500\" \/>\n\t<meta property=\"og:image:type\" content=\"image\/webp\" \/>\n<meta name=\"twitter:card\" content=\"summary_large_image\" \/>\n<meta name=\"twitter:label1\" content=\"Tiempo de lectura\" \/>\n\t<meta name=\"twitter:data1\" content=\"1 minuto\" \/>\n<script type=\"application\/ld+json\" class=\"yoast-schema-graph\">{\"@context\":\"https:\/\/schema.org\",\"@graph\":[{\"@type\":\"WebPage\",\"@id\":\"https:\/\/wander.com.ar\/website\/productos\/w1190\/\",\"url\":\"https:\/\/wander.com.ar\/website\/productos\/w1190\/\",\"name\":\"Aceite 10W50 100% Sint\u00e9tico BMX 4T Wander\",\"isPartOf\":{\"@id\":\"https:\/\/wander.com.ar\/website\/#website\"},\"primaryImageOfPage\":{\"@id\":\"https:\/\/wander.com.ar\/website\/productos\/w1190\/#primaryimage\"},\"image\":{\"@id\":\"https:\/\/wander.com.ar\/website\/productos\/w1190\/#primaryimage\"},\"thumbnailUrl\":\"https:\/\/wander.com.ar\/website\/wp-content\/uploads\/W1195-1.webp\",\"datePublished\":\"2008-10-20T15:51:46+00:00\",\"dateModified\":\"2024-10-05T16:08:48+00:00\",\"description\":\"Aceite 10W50\u00a0BMX 4T es un lubricante\u00a0100% sint\u00e9tico\u00a0desarrollado para utilizarse en\u00a0 motocicletas con motores 4T de alta performance.\",\"breadcrumb\":{\"@id\":\"https:\/\/wander.com.ar\/website\/productos\/w1190\/#breadcrumb\"},\"inLanguage\":\"es\",\"potentialAction\":[{\"@type\":\"ReadAction\",\"target\":[\"https:\/\/wander.com.ar\/website\/productos\/w1190\/\"]}]},{\"@type\":\"ImageObject\",\"inLanguage\":\"es\",\"@id\":\"https:\/\/wander.com.ar\/website\/productos\/w1190\/#primaryimage\",\"url\":\"https:\/\/wander.com.ar\/website\/wp-content\/uploads\/W1195-1.webp\",\"contentUrl\":\"https:\/\/wander.com.ar\/website\/wp-content\/uploads\/W1195-1.webp\",\"width\":1500,\"height\":1500},{\"@type\":\"BreadcrumbList\",\"@id\":\"https:\/\/wander.com.ar\/website\/productos\/w1190\/#breadcrumb\",\"itemListElement\":[{\"@type\":\"ListItem\",\"position\":1,\"name\":\"Portada\",\"item\":\"https:\/\/wander.com.ar\/website\/\"},{\"@type\":\"ListItem\",\"position\":2,\"name\":\"Nuestros Productos\",\"item\":\"https:\/\/wander.com.ar\/website\/?page_id=2343\"},{\"@type\":\"ListItem\",\"position\":3,\"name\":\"BMX EVOLUTION 10W-50 JASO MA2\"}]},{\"@type\":\"WebSite\",\"@id\":\"https:\/\/wander.com.ar\/website\/#website\",\"url\":\"https:\/\/wander.com.ar\/website\/\",\"name\":\"Wander Argentina\",\"description\":\"Productos para el mercado automotor\",\"publisher\":{\"@id\":\"https:\/\/wander.com.ar\/website\/#organization\"},\"alternateName\":\"Wander\",\"potentialAction\":[{\"@type\":\"SearchAction\",\"target\":{\"@type\":\"EntryPoint\",\"urlTemplate\":\"https:\/\/wander.com.ar\/website\/?s={search_term_string}\"},\"query-input\":{\"@type\":\"PropertyValueSpecification\",\"valueRequired\":true,\"valueName\":\"search_term_string\"}}],\"inLanguage\":\"es\"},{\"@type\":\"Organization\",\"@id\":\"https:\/\/wander.com.ar\/website\/#organization\",\"name\":\"Wander Argentina\",\"alternateName\":\"Wander\",\"url\":\"https:\/\/wander.com.ar\/website\/\",\"logo\":{\"@type\":\"ImageObject\",\"inLanguage\":\"es\",\"@id\":\"https:\/\/wander.com.ar\/website\/#\/schema\/logo\/image\/\",\"url\":\"https:\/\/wander.com.ar\/website\/wp-content\/uploads\/wander_isologo_hor_pos.png\",\"contentUrl\":\"https:\/\/wander.com.ar\/website\/wp-content\/uploads\/wander_isologo_hor_pos.png\",\"width\":951,\"height\":333,\"caption\":\"Wander Argentina\"},\"image\":{\"@id\":\"https:\/\/wander.com.ar\/website\/#\/schema\/logo\/image\/\"},\"sameAs\":[\"https:\/\/www.facebook.com\/wanderargentina.ok\/\",\"https:\/\/www.youtube.com\/@WanderRacingTV\",\"https:\/\/www.instagram.com\/wanderargentina.ok\"]}]}<\/script>\n<!-- \/ Yoast SEO plugin. -->","yoast_head_json":{"title":"Aceite 10W50 100% Sint\u00e9tico BMX 4T Wander","description":"Aceite 10W50\u00a0BMX 4T es un lubricante\u00a0100% sint\u00e9tico\u00a0desarrollado para utilizarse en\u00a0 motocicletas con motores 4T de alta performance.","robots":{"index":"index","follow":"follow","max-snippet":"max-snippet:-1","max-image-preview":"max-image-preview:large","max-video-preview":"max-video-preview:-1"},"canonical":"https:\/\/wander.com.ar\/website\/productos\/w1190\/","og_locale":"es_ES","og_type":"article","og_title":"Aceite 10W50 100% Sint\u00e9tico BMX 4T Wander","og_description":"Aceite 10W50\u00a0BMX 4T es un lubricante\u00a0100% sint\u00e9tico\u00a0desarrollado para utilizarse en\u00a0 motocicletas con motores 4T de alta performance.","og_url":"https:\/\/wander.com.ar\/website\/productos\/w1190\/","og_site_name":"Wander","article_publisher":"https:\/\/www.facebook.com\/wanderargentina.ok\/","article_modified_time":"2024-10-05T16:08:48+00:00","og_image":[{"width":1500,"height":1500,"url":"https:\/\/wander.com.ar\/website\/wp-content\/uploads\/W1195-1.webp","type":"image\/webp"}],"twitter_card":"summary_large_image","twitter_misc":{"Tiempo de lectura":"1 minuto"},"schema":{"@context":"https:\/\/schema.org","@graph":[{"@type":"WebPage","@id":"https:\/\/wander.com.ar\/website\/productos\/w1190\/","url":"https:\/\/wander.com.ar\/website\/productos\/w1190\/","name":"Aceite 10W50 100% Sint\u00e9tico BMX 4T Wander","isPartOf":{"@id":"https:\/\/wander.com.ar\/website\/#website"},"primaryImageOfPage":{"@id":"https:\/\/wander.com.ar\/website\/productos\/w1190\/#primaryimage"},"image":{"@id":"https:\/\/wander.com.ar\/website\/productos\/w1190\/#primaryimage"},"thumbnailUrl":"https:\/\/wander.com.ar\/website\/wp-content\/uploads\/W1195-1.webp","datePublished":"2008-10-20T15:51:46+00:00","dateModified":"2024-10-05T16:08:48+00:00","description":"Aceite 10W50\u00a0BMX 4T es un lubricante\u00a0100% sint\u00e9tico\u00a0desarrollado para utilizarse en\u00a0 motocicletas con motores 4T de alta performance.","breadcrumb":{"@id":"https:\/\/wander.com.ar\/website\/productos\/w1190\/#breadcrumb"},"inLanguage":"es","potentialAction":[{"@type":"ReadAction","target":["https:\/\/wander.com.ar\/website\/productos\/w1190\/"]}]},{"@type":"ImageObject","inLanguage":"es","@id":"https:\/\/wander.com.ar\/website\/productos\/w1190\/#primaryimage","url":"https:\/\/wander.com.ar\/website\/wp-content\/uploads\/W1195-1.webp","contentUrl":"https:\/\/wander.com.ar\/website\/wp-content\/uploads\/W1195-1.webp","width":1500,"height":1500},{"@type":"BreadcrumbList","@id":"https:\/\/wander.com.ar\/website\/productos\/w1190\/#breadcrumb","itemListElement":[{"@type":"ListItem","position":1,"name":"Portada","item":"https:\/\/wander.com.ar\/website\/"},{"@type":"ListItem","position":2,"name":"Nuestros Productos","item":"https:\/\/wander.com.ar\/website\/?page_id=2343"},{"@type":"ListItem","position":3,"name":"BMX EVOLUTION 10W-50 JASO MA2"}]},{"@type":"WebSite","@id":"https:\/\/wander.com.ar\/website\/#website","url":"https:\/\/wander.com.ar\/website\/","name":"Wander Argentina","description":"Productos para el mercado automotor","publisher":{"@id":"https:\/\/wander.com.ar\/website\/#organization"},"alternateName":"Wander","potentialAction":[{"@type":"SearchAction","target":{"@type":"EntryPoint","urlTemplate":"https:\/\/wander.com.ar\/website\/?s={search_term_string}"},"query-input":{"@type":"PropertyValueSpecification","valueRequired":true,"valueName":"search_term_string"}}],"inLanguage":"es"},{"@type":"Organization","@id":"https:\/\/wander.com.ar\/website\/#organization","name":"Wander Argentina","alternateName":"Wander","url":"https:\/\/wander.com.ar\/website\/","logo":{"@type":"ImageObject","inLanguage":"es","@id":"https:\/\/wander.com.ar\/website\/#\/schema\/logo\/image\/","url":"https:\/\/wander.com.ar\/website\/wp-content\/uploads\/wander_isologo_hor_pos.png","contentUrl":"https:\/\/wander.com.ar\/website\/wp-content\/uploads\/wander_isologo_hor_pos.png","width":951,"height":333,"caption":"Wander Argentina"},"image":{"@id":"https:\/\/wander.com.ar\/website\/#\/schema\/logo\/image\/"},"sameAs":["https:\/\/www.facebook.com\/wanderargentina.ok\/","https:\/\/www.youtube.com\/@WanderRacingTV","https:\/\/www.instagram.com\/wanderargentina.ok"]}]}},"_links":{"self":[{"href":"https:\/\/wander.com.ar\/website\/wp-json\/wp\/v2\/product\/1015","targetHints":{"allow":["GET"]}}],"collection":[{"href":"https:\/\/wander.com.ar\/website\/wp-json\/wp\/v2\/product"}],"about":[{"href":"https:\/\/wander.com.ar\/website\/wp-json\/wp\/v2\/types\/product"}],"wp:featuredmedia":[{"embeddable":true,"href":"https:\/\/wander.com.ar\/website\/wp-json\/wp\/v2\/media\/7499"}],"wp:attachment":[{"href":"https:\/\/wander.com.ar\/website\/wp-json\/wp\/v2\/media?parent=1015"}],"wp:term":[{"taxonomy":"product_brand","embeddable":true,"href":"https:\/\/wander.com.ar\/website\/wp-json\/wp\/v2\/product_brand?post=1015"},{"taxonomy":"product_cat","embeddable":true,"href":"https:\/\/wander.com.ar\/website\/wp-json\/wp\/v2\/product_cat?post=1015"},{"taxonomy":"product_tag","embeddable":true,"href":"https:\/\/wander.com.ar\/website\/wp-json\/wp\/v2\/product_tag?post=1015"}],"curies":[{"name":"wp","href":"https:\/\/api.w.org\/{rel}","templated":true}]}}