{"id":1027,"date":"2008-10-21T12:21:56","date_gmt":"2008-10-21T12:21:56","guid":{"rendered":"http:\/\/www.idcontacto.com\/wander\/?post_type=product&#038;p=1027"},"modified":"2022-11-24T16:19:26","modified_gmt":"2022-11-24T16:19:26","slug":"w0250","status":"publish","type":"product","link":"https:\/\/wander.com.ar\/website\/productos\/w0250\/","title":{"rendered":"AGUA DESMINERALIZADA"},"content":{"rendered":"<h3>Beneficios<\/h3>\n<ul>\n<li>Brinda una efectiva reducci\u00f3n de impurezas.<\/li>\n<li>Ofrece una excelente eliminaci\u00f3n de materiales da\u00f1inos.<\/li>\n<li>Mejora la diluci\u00f3n de aditivos para el radiador.<\/li>\n<li>\u00danica en su tipo de elaboraci\u00f3n.<\/li>\n<\/ul>\n<div class='et-box et-shadow'>\n\t\t\t\t\t<div class='et-box-content'>Apta para bater\u00edas y sistemas de limpiaparabrisas. Tambi\u00e9n se puede emplear en usos dom\u00e9sticos (plancha a vapor, acuarios y l\u00edquidos fotogr\u00e1ficos) y laboratorios.<\/div><\/div>\n","protected":false},"excerpt":{"rendered":"<p>Elaborado mediante proceso de Doble \u00d3smosis inversa. Propenso a adquirir CO<sub>2<\/sub> del ambiente. En contacto con el aire tiene tendencia a aumentar el Ph descenso de Poh, dicha contaminaci\u00f3n con el CO<sub>2<\/sub> del aire se elimina sin problemas con leve agitamiento del l\u00edquido y el CO<sub>2<\/sub> vuelve a gasificarse. Se recomienda mantener en su envase cerrado para evitar alteraciones en su composici\u00f3n.<\/p>\n","protected":false},"featured_media":3447,"template":"","meta":{"_et_pb_use_builder":"","_et_pb_old_content":"","_et_gb_content_width":""},"product_brand":[],"product_cat":[154,424,449,453,446,144],"product_tag":[490,491],"class_list":{"0":"post-1027","1":"product","2":"type-product","3":"status-publish","4":"has-post-thumbnail","6":"product_cat-fluido-para-radiadores-y-afines","7":"product_cat-productos-complementarios","8":"product_cat-productos-complementarios-competicion","9":"product_cat-productos-complementarios-para-maquinarias-agricolas-y-viales","10":"product_cat-productos-complementarios-transporte","11":"product_cat-autos","12":"product_tag-agua-desmineralizada","13":"product_tag-wander","15":"first","16":"outofstock","17":"shipping-taxable","18":"purchasable","19":"product-type-simple"},"yoast_head":"<!-- This site is optimized with the Yoast SEO plugin v23.9 - https:\/\/yoast.com\/wordpress\/plugins\/seo\/ -->\n<title>AGUA DESMINERALIZADA -<\/title>\n<meta name=\"robots\" content=\"index, follow, max-snippet:-1, max-image-preview:large, max-video-preview:-1\" \/>\n<link rel=\"canonical\" href=\"https:\/\/wander.com.ar\/website\/productos\/w0250\/\" \/>\n<meta property=\"og:locale\" content=\"es_ES\" \/>\n<meta property=\"og:type\" content=\"article\" \/>\n<meta property=\"og:title\" content=\"AGUA DESMINERALIZADA -\" \/>\n<meta property=\"og:description\" content=\"Elaborado mediante proceso de Doble \u00d3smosis inversa. Propenso a adquirir CO2 del ambiente. En contacto con el aire tiene tendencia a aumentar el Ph descenso de Poh, dicha contaminaci\u00f3n con el CO2 del aire se elimina sin problemas con leve agitamiento del l\u00edquido y el CO2 vuelve a gasificarse. Se recomienda mantener en su envase cerrado para evitar alteraciones en su composici\u00f3n.\" \/>\n<meta property=\"og:url\" content=\"https:\/\/wander.com.ar\/website\/productos\/w0250\/\" \/>\n<meta property=\"og:site_name\" content=\"Wander\" \/>\n<meta property=\"article:publisher\" content=\"https:\/\/www.facebook.com\/wanderargentina.ok\/\" \/>\n<meta property=\"article:modified_time\" content=\"2022-11-24T16:19:26+00:00\" \/>\n<meta property=\"og:image\" content=\"https:\/\/wander.com.ar\/website\/wp-content\/uploads\/W0255.png\" \/>\n\t<meta property=\"og:image:width\" content=\"800\" \/>\n\t<meta property=\"og:image:height\" content=\"800\" \/>\n\t<meta property=\"og:image:type\" content=\"image\/png\" \/>\n<meta name=\"twitter:card\" content=\"summary_large_image\" \/>\n<meta name=\"twitter:label1\" content=\"Tiempo de lectura\" \/>\n\t<meta name=\"twitter:data1\" content=\"1 minuto\" \/>\n<script type=\"application\/ld+json\" class=\"yoast-schema-graph\">{\"@context\":\"https:\/\/schema.org\",\"@graph\":[{\"@type\":\"WebPage\",\"@id\":\"https:\/\/wander.com.ar\/website\/productos\/w0250\/\",\"url\":\"https:\/\/wander.com.ar\/website\/productos\/w0250\/\",\"name\":\"AGUA DESMINERALIZADA -\",\"isPartOf\":{\"@id\":\"https:\/\/wander.com.ar\/website\/#website\"},\"primaryImageOfPage\":{\"@id\":\"https:\/\/wander.com.ar\/website\/productos\/w0250\/#primaryimage\"},\"image\":{\"@id\":\"https:\/\/wander.com.ar\/website\/productos\/w0250\/#primaryimage\"},\"thumbnailUrl\":\"https:\/\/wander.com.ar\/website\/wp-content\/uploads\/W0255.png\",\"datePublished\":\"2008-10-21T12:21:56+00:00\",\"dateModified\":\"2022-11-24T16:19:26+00:00\",\"breadcrumb\":{\"@id\":\"https:\/\/wander.com.ar\/website\/productos\/w0250\/#breadcrumb\"},\"inLanguage\":\"es\",\"potentialAction\":[{\"@type\":\"ReadAction\",\"target\":[\"https:\/\/wander.com.ar\/website\/productos\/w0250\/\"]}]},{\"@type\":\"ImageObject\",\"inLanguage\":\"es\",\"@id\":\"https:\/\/wander.com.ar\/website\/productos\/w0250\/#primaryimage\",\"url\":\"https:\/\/wander.com.ar\/website\/wp-content\/uploads\/W0255.png\",\"contentUrl\":\"https:\/\/wander.com.ar\/website\/wp-content\/uploads\/W0255.png\",\"width\":800,\"height\":800},{\"@type\":\"BreadcrumbList\",\"@id\":\"https:\/\/wander.com.ar\/website\/productos\/w0250\/#breadcrumb\",\"itemListElement\":[{\"@type\":\"ListItem\",\"position\":1,\"name\":\"Portada\",\"item\":\"https:\/\/wander.com.ar\/website\/\"},{\"@type\":\"ListItem\",\"position\":2,\"name\":\"Nuestros Productos\",\"item\":\"https:\/\/wander.com.ar\/website\/?page_id=2343\"},{\"@type\":\"ListItem\",\"position\":3,\"name\":\"AGUA DESMINERALIZADA\"}]},{\"@type\":\"WebSite\",\"@id\":\"https:\/\/wander.com.ar\/website\/#website\",\"url\":\"https:\/\/wander.com.ar\/website\/\",\"name\":\"Wander Argentina\",\"description\":\"Productos para el mercado automotor\",\"publisher\":{\"@id\":\"https:\/\/wander.com.ar\/website\/#organization\"},\"alternateName\":\"Wander\",\"potentialAction\":[{\"@type\":\"SearchAction\",\"target\":{\"@type\":\"EntryPoint\",\"urlTemplate\":\"https:\/\/wander.com.ar\/website\/?s={search_term_string}\"},\"query-input\":{\"@type\":\"PropertyValueSpecification\",\"valueRequired\":true,\"valueName\":\"search_term_string\"}}],\"inLanguage\":\"es\"},{\"@type\":\"Organization\",\"@id\":\"https:\/\/wander.com.ar\/website\/#organization\",\"name\":\"Wander Argentina\",\"alternateName\":\"Wander\",\"url\":\"https:\/\/wander.com.ar\/website\/\",\"logo\":{\"@type\":\"ImageObject\",\"inLanguage\":\"es\",\"@id\":\"https:\/\/wander.com.ar\/website\/#\/schema\/logo\/image\/\",\"url\":\"https:\/\/wander.com.ar\/website\/wp-content\/uploads\/wander_isologo_hor_pos.png\",\"contentUrl\":\"https:\/\/wander.com.ar\/website\/wp-content\/uploads\/wander_isologo_hor_pos.png\",\"width\":951,\"height\":333,\"caption\":\"Wander Argentina\"},\"image\":{\"@id\":\"https:\/\/wander.com.ar\/website\/#\/schema\/logo\/image\/\"},\"sameAs\":[\"https:\/\/www.facebook.com\/wanderargentina.ok\/\",\"https:\/\/www.youtube.com\/@WanderRacingTV\",\"https:\/\/www.instagram.com\/wanderargentina.ok\"]}]}<\/script>\n<!-- \/ Yoast SEO plugin. -->","yoast_head_json":{"title":"AGUA DESMINERALIZADA -","robots":{"index":"index","follow":"follow","max-snippet":"max-snippet:-1","max-image-preview":"max-image-preview:large","max-video-preview":"max-video-preview:-1"},"canonical":"https:\/\/wander.com.ar\/website\/productos\/w0250\/","og_locale":"es_ES","og_type":"article","og_title":"AGUA DESMINERALIZADA -","og_description":"Elaborado mediante proceso de Doble \u00d3smosis inversa. Propenso a adquirir CO2 del ambiente. En contacto con el aire tiene tendencia a aumentar el Ph descenso de Poh, dicha contaminaci\u00f3n con el CO2 del aire se elimina sin problemas con leve agitamiento del l\u00edquido y el CO2 vuelve a gasificarse. Se recomienda mantener en su envase cerrado para evitar alteraciones en su composici\u00f3n.","og_url":"https:\/\/wander.com.ar\/website\/productos\/w0250\/","og_site_name":"Wander","article_publisher":"https:\/\/www.facebook.com\/wanderargentina.ok\/","article_modified_time":"2022-11-24T16:19:26+00:00","og_image":[{"width":800,"height":800,"url":"https:\/\/wander.com.ar\/website\/wp-content\/uploads\/W0255.png","type":"image\/png"}],"twitter_card":"summary_large_image","twitter_misc":{"Tiempo de lectura":"1 minuto"},"schema":{"@context":"https:\/\/schema.org","@graph":[{"@type":"WebPage","@id":"https:\/\/wander.com.ar\/website\/productos\/w0250\/","url":"https:\/\/wander.com.ar\/website\/productos\/w0250\/","name":"AGUA DESMINERALIZADA -","isPartOf":{"@id":"https:\/\/wander.com.ar\/website\/#website"},"primaryImageOfPage":{"@id":"https:\/\/wander.com.ar\/website\/productos\/w0250\/#primaryimage"},"image":{"@id":"https:\/\/wander.com.ar\/website\/productos\/w0250\/#primaryimage"},"thumbnailUrl":"https:\/\/wander.com.ar\/website\/wp-content\/uploads\/W0255.png","datePublished":"2008-10-21T12:21:56+00:00","dateModified":"2022-11-24T16:19:26+00:00","breadcrumb":{"@id":"https:\/\/wander.com.ar\/website\/productos\/w0250\/#breadcrumb"},"inLanguage":"es","potentialAction":[{"@type":"ReadAction","target":["https:\/\/wander.com.ar\/website\/productos\/w0250\/"]}]},{"@type":"ImageObject","inLanguage":"es","@id":"https:\/\/wander.com.ar\/website\/productos\/w0250\/#primaryimage","url":"https:\/\/wander.com.ar\/website\/wp-content\/uploads\/W0255.png","contentUrl":"https:\/\/wander.com.ar\/website\/wp-content\/uploads\/W0255.png","width":800,"height":800},{"@type":"BreadcrumbList","@id":"https:\/\/wander.com.ar\/website\/productos\/w0250\/#breadcrumb","itemListElement":[{"@type":"ListItem","position":1,"name":"Portada","item":"https:\/\/wander.com.ar\/website\/"},{"@type":"ListItem","position":2,"name":"Nuestros Productos","item":"https:\/\/wander.com.ar\/website\/?page_id=2343"},{"@type":"ListItem","position":3,"name":"AGUA DESMINERALIZADA"}]},{"@type":"WebSite","@id":"https:\/\/wander.com.ar\/website\/#website","url":"https:\/\/wander.com.ar\/website\/","name":"Wander Argentina","description":"Productos para el mercado automotor","publisher":{"@id":"https:\/\/wander.com.ar\/website\/#organization"},"alternateName":"Wander","potentialAction":[{"@type":"SearchAction","target":{"@type":"EntryPoint","urlTemplate":"https:\/\/wander.com.ar\/website\/?s={search_term_string}"},"query-input":{"@type":"PropertyValueSpecification","valueRequired":true,"valueName":"search_term_string"}}],"inLanguage":"es"},{"@type":"Organization","@id":"https:\/\/wander.com.ar\/website\/#organization","name":"Wander Argentina","alternateName":"Wander","url":"https:\/\/wander.com.ar\/website\/","logo":{"@type":"ImageObject","inLanguage":"es","@id":"https:\/\/wander.com.ar\/website\/#\/schema\/logo\/image\/","url":"https:\/\/wander.com.ar\/website\/wp-content\/uploads\/wander_isologo_hor_pos.png","contentUrl":"https:\/\/wander.com.ar\/website\/wp-content\/uploads\/wander_isologo_hor_pos.png","width":951,"height":333,"caption":"Wander Argentina"},"image":{"@id":"https:\/\/wander.com.ar\/website\/#\/schema\/logo\/image\/"},"sameAs":["https:\/\/www.facebook.com\/wanderargentina.ok\/","https:\/\/www.youtube.com\/@WanderRacingTV","https:\/\/www.instagram.com\/wanderargentina.ok"]}]}},"_links":{"self":[{"href":"https:\/\/wander.com.ar\/website\/wp-json\/wp\/v2\/product\/1027","targetHints":{"allow":["GET"]}}],"collection":[{"href":"https:\/\/wander.com.ar\/website\/wp-json\/wp\/v2\/product"}],"about":[{"href":"https:\/\/wander.com.ar\/website\/wp-json\/wp\/v2\/types\/product"}],"wp:featuredmedia":[{"embeddable":true,"href":"https:\/\/wander.com.ar\/website\/wp-json\/wp\/v2\/media\/3447"}],"wp:attachment":[{"href":"https:\/\/wander.com.ar\/website\/wp-json\/wp\/v2\/media?parent=1027"}],"wp:term":[{"taxonomy":"product_brand","embeddable":true,"href":"https:\/\/wander.com.ar\/website\/wp-json\/wp\/v2\/product_brand?post=1027"},{"taxonomy":"product_cat","embeddable":true,"href":"https:\/\/wander.com.ar\/website\/wp-json\/wp\/v2\/product_cat?post=1027"},{"taxonomy":"product_tag","embeddable":true,"href":"https:\/\/wander.com.ar\/website\/wp-json\/wp\/v2\/product_tag?post=1027"}],"curies":[{"name":"wp","href":"https:\/\/api.w.org\/{rel}","templated":true}]}}