{"id":1048,"date":"2008-10-21T13:20:49","date_gmt":"2008-10-21T13:20:49","guid":{"rendered":"http:\/\/www.idcontacto.com\/wander\/?post_type=product&#038;p=1048"},"modified":"2026-03-25T10:02:08","modified_gmt":"2026-03-25T13:02:08","slug":"w1200","status":"publish","type":"product","link":"https:\/\/wander.com.ar\/website\/productos\/w1200\/","title":{"rendered":"L\u00cdQUIDO DE FRENOS TIPO 4"},"content":{"rendered":"<h3><strong>Certificaci\u00f3n<\/strong><\/h3>\n<ul style=\"line-height: 19px; list-style: none;\">\n<li style=\"font-weight: 400;\"><strong>CUIT:<\/strong> 30-70356449-2<\/li>\n<li style=\"font-weight: 400;\"><strong>Nombre Empresa:<\/strong> Norwan Group S.R.L<\/li>\n<li style=\"font-weight: 400;\"><strong>Identificaci\u00f3n del Producto:<\/strong> L\u00edquidos para sistemas hidr\u00e1ulicos de frenos \/ Brake fluid for hidraulic systems.<\/li>\n<li style=\"font-weight: 400;\"><strong>Marca:<\/strong> Wander<\/li>\n<li style=\"font-weight: 400;\"><strong>Modelo:<\/strong> Tipo 4 \/ Type 4<\/li>\n<li style=\"font-weight: 400;\"><strong>C\u00f3digo Interno:<\/strong> W1201 \/ W1202 \/ W1204 \/ W1205 \/ W1208 \/ W1209 \/ W1554<\/li>\n<li style=\"font-weight: 400;\"><strong>Origen<\/strong>: Argentina<\/li>\n<li style=\"font-weight: 400;\"><strong>N\u00b0 Certificaci\u00f3n \/ Licencia:<\/strong> DC-M-N45-002.1<\/li>\n<li style=\"font-weight: 400;\"><strong>Organismo Certificador:<\/strong> IRAM<\/li>\n<\/ul>\n<h3><strong>Beneficios<\/strong><\/h3>\n<ul>\n<li>Mejor respuesta en el frenado.<\/li>\n<li>Excelentes propiedades antioxidantes y anticorrosivas.<\/li>\n<li>Reduce la fricci\u00f3n y prolonga la vida \u00fatil de las piezas del sistema.<\/li>\n<li>M\u00e1xima compatibilidad con piezas construidas en elast\u00f3meros o materiales pl\u00e1sticos (no les produce ning\u00fan tipo de deformaci\u00f3n).<\/li>\n<\/ul>\n<div class='et-box et-shadow'>\n\t\t\t\t\t<div class='et-box-content'>Recomendado especialmente para ser utilizado en veh\u00edculos deportivos, donde las condiciones de extrema exigencia requiera un producto de estas caracter\u00edsticas..<\/div><\/div>\n","protected":false},"excerpt":{"rendered":"<p>L\u00edquido para frenos (Tipo 4) elaborado con las m\u00e1s alta tecnolog\u00eda. Mantiene siempre sus propiedades bajo cualquier tipo de circunstancias. Importante: no utilizar en contacto con ning\u00fan componente de magnesio.<\/p>\n","protected":false},"featured_media":8316,"template":"","meta":{"_et_pb_use_builder":"","_et_pb_old_content":"","_et_gb_content_width":""},"product_brand":[],"product_cat":[157,424,449,441,446,144,418,143,148],"product_tag":[483,482,484],"class_list":{"0":"post-1048","1":"product","2":"type-product","3":"status-publish","4":"has-post-thumbnail","6":"product_cat-liquido-de-frenos","7":"product_cat-productos-complementarios","8":"product_cat-productos-complementarios-competicion","9":"product_cat-productos-complementarios-motos","10":"product_cat-productos-complementarios-transporte","11":"product_cat-autos","12":"product_cat-competicion","13":"product_cat-motos","14":"product_cat-transporte","15":"product_tag-dot-4","16":"product_tag-liquido-para-frenos","17":"product_tag-tipo-4","19":"first","20":"instock","21":"shipping-taxable","22":"product-type-simple"},"yoast_head":"<!-- This site is optimized with the Yoast SEO plugin v23.9 - https:\/\/yoast.com\/wordpress\/plugins\/seo\/ -->\n<title>L\u00cdQUIDO DE FRENOS TIPO 4 -<\/title>\n<meta name=\"description\" content=\"L\u00edquido\u00a0de\u00a0frenos Wanderlik DOT 4. L\u00edquido\u00a0de\u00a0frenos\u00a0Tipo 4\u00a0para cualquier tipo de veh\u00edculo concebido para ser conducido de manera deportiva.\u00a0\" \/>\n<meta name=\"robots\" content=\"index, follow, max-snippet:-1, max-image-preview:large, max-video-preview:-1\" \/>\n<link rel=\"canonical\" href=\"https:\/\/wander.com.ar\/website\/productos\/w1200\/\" \/>\n<meta property=\"og:locale\" content=\"es_ES\" \/>\n<meta property=\"og:type\" content=\"article\" \/>\n<meta property=\"og:title\" content=\"L\u00cdQUIDO DE FRENOS TIPO 4 -\" \/>\n<meta property=\"og:description\" content=\"L\u00edquido\u00a0de\u00a0frenos Wanderlik DOT 4. L\u00edquido\u00a0de\u00a0frenos\u00a0Tipo 4\u00a0para cualquier tipo de veh\u00edculo concebido para ser conducido de manera deportiva.\u00a0\" \/>\n<meta property=\"og:url\" content=\"https:\/\/wander.com.ar\/website\/productos\/w1200\/\" \/>\n<meta property=\"og:site_name\" content=\"Wander\" \/>\n<meta property=\"article:publisher\" content=\"https:\/\/www.facebook.com\/wanderargentina.ok\/\" \/>\n<meta property=\"article:modified_time\" content=\"2026-03-25T13:02:08+00:00\" \/>\n<meta property=\"og:image\" content=\"https:\/\/wander.com.ar\/website\/wp-content\/uploads\/w1204-1.webp\" \/>\n\t<meta property=\"og:image:width\" content=\"1500\" \/>\n\t<meta property=\"og:image:height\" content=\"1500\" \/>\n\t<meta property=\"og:image:type\" content=\"image\/webp\" \/>\n<meta name=\"twitter:card\" content=\"summary_large_image\" \/>\n<meta name=\"twitter:label1\" content=\"Tiempo de lectura\" \/>\n\t<meta name=\"twitter:data1\" content=\"1 minuto\" \/>\n<script type=\"application\/ld+json\" class=\"yoast-schema-graph\">{\"@context\":\"https:\/\/schema.org\",\"@graph\":[{\"@type\":\"WebPage\",\"@id\":\"https:\/\/wander.com.ar\/website\/productos\/w1200\/\",\"url\":\"https:\/\/wander.com.ar\/website\/productos\/w1200\/\",\"name\":\"L\u00cdQUIDO DE FRENOS TIPO 4 -\",\"isPartOf\":{\"@id\":\"https:\/\/wander.com.ar\/website\/#website\"},\"primaryImageOfPage\":{\"@id\":\"https:\/\/wander.com.ar\/website\/productos\/w1200\/#primaryimage\"},\"image\":{\"@id\":\"https:\/\/wander.com.ar\/website\/productos\/w1200\/#primaryimage\"},\"thumbnailUrl\":\"https:\/\/wander.com.ar\/website\/wp-content\/uploads\/w1204-1.webp\",\"datePublished\":\"2008-10-21T13:20:49+00:00\",\"dateModified\":\"2026-03-25T13:02:08+00:00\",\"description\":\"L\u00edquido\u00a0de\u00a0frenos Wanderlik DOT 4. L\u00edquido\u00a0de\u00a0frenos\u00a0Tipo 4\u00a0para cualquier tipo de veh\u00edculo concebido para ser conducido de manera deportiva.\u00a0\",\"breadcrumb\":{\"@id\":\"https:\/\/wander.com.ar\/website\/productos\/w1200\/#breadcrumb\"},\"inLanguage\":\"es\",\"potentialAction\":[{\"@type\":\"ReadAction\",\"target\":[\"https:\/\/wander.com.ar\/website\/productos\/w1200\/\"]}]},{\"@type\":\"ImageObject\",\"inLanguage\":\"es\",\"@id\":\"https:\/\/wander.com.ar\/website\/productos\/w1200\/#primaryimage\",\"url\":\"https:\/\/wander.com.ar\/website\/wp-content\/uploads\/w1204-1.webp\",\"contentUrl\":\"https:\/\/wander.com.ar\/website\/wp-content\/uploads\/w1204-1.webp\",\"width\":1500,\"height\":1500},{\"@type\":\"BreadcrumbList\",\"@id\":\"https:\/\/wander.com.ar\/website\/productos\/w1200\/#breadcrumb\",\"itemListElement\":[{\"@type\":\"ListItem\",\"position\":1,\"name\":\"Portada\",\"item\":\"https:\/\/wander.com.ar\/website\/\"},{\"@type\":\"ListItem\",\"position\":2,\"name\":\"Nuestros Productos\",\"item\":\"https:\/\/wander.com.ar\/website\/?page_id=2343\"},{\"@type\":\"ListItem\",\"position\":3,\"name\":\"L\u00cdQUIDO DE FRENOS TIPO 4\"}]},{\"@type\":\"WebSite\",\"@id\":\"https:\/\/wander.com.ar\/website\/#website\",\"url\":\"https:\/\/wander.com.ar\/website\/\",\"name\":\"Wander Argentina\",\"description\":\"Productos para el mercado automotor\",\"publisher\":{\"@id\":\"https:\/\/wander.com.ar\/website\/#organization\"},\"alternateName\":\"Wander\",\"potentialAction\":[{\"@type\":\"SearchAction\",\"target\":{\"@type\":\"EntryPoint\",\"urlTemplate\":\"https:\/\/wander.com.ar\/website\/?s={search_term_string}\"},\"query-input\":{\"@type\":\"PropertyValueSpecification\",\"valueRequired\":true,\"valueName\":\"search_term_string\"}}],\"inLanguage\":\"es\"},{\"@type\":\"Organization\",\"@id\":\"https:\/\/wander.com.ar\/website\/#organization\",\"name\":\"Wander Argentina\",\"alternateName\":\"Wander\",\"url\":\"https:\/\/wander.com.ar\/website\/\",\"logo\":{\"@type\":\"ImageObject\",\"inLanguage\":\"es\",\"@id\":\"https:\/\/wander.com.ar\/website\/#\/schema\/logo\/image\/\",\"url\":\"https:\/\/wander.com.ar\/website\/wp-content\/uploads\/wander_isologo_hor_pos.png\",\"contentUrl\":\"https:\/\/wander.com.ar\/website\/wp-content\/uploads\/wander_isologo_hor_pos.png\",\"width\":951,\"height\":333,\"caption\":\"Wander Argentina\"},\"image\":{\"@id\":\"https:\/\/wander.com.ar\/website\/#\/schema\/logo\/image\/\"},\"sameAs\":[\"https:\/\/www.facebook.com\/wanderargentina.ok\/\",\"https:\/\/www.youtube.com\/@WanderRacingTV\",\"https:\/\/www.instagram.com\/wanderargentina.ok\"]}]}<\/script>\n<!-- \/ Yoast SEO plugin. -->","yoast_head_json":{"title":"L\u00cdQUIDO DE FRENOS TIPO 4 -","description":"L\u00edquido\u00a0de\u00a0frenos Wanderlik DOT 4. L\u00edquido\u00a0de\u00a0frenos\u00a0Tipo 4\u00a0para cualquier tipo de veh\u00edculo concebido para ser conducido de manera deportiva.\u00a0","robots":{"index":"index","follow":"follow","max-snippet":"max-snippet:-1","max-image-preview":"max-image-preview:large","max-video-preview":"max-video-preview:-1"},"canonical":"https:\/\/wander.com.ar\/website\/productos\/w1200\/","og_locale":"es_ES","og_type":"article","og_title":"L\u00cdQUIDO DE FRENOS TIPO 4 -","og_description":"L\u00edquido\u00a0de\u00a0frenos Wanderlik DOT 4. L\u00edquido\u00a0de\u00a0frenos\u00a0Tipo 4\u00a0para cualquier tipo de veh\u00edculo concebido para ser conducido de manera deportiva.\u00a0","og_url":"https:\/\/wander.com.ar\/website\/productos\/w1200\/","og_site_name":"Wander","article_publisher":"https:\/\/www.facebook.com\/wanderargentina.ok\/","article_modified_time":"2026-03-25T13:02:08+00:00","og_image":[{"width":1500,"height":1500,"url":"https:\/\/wander.com.ar\/website\/wp-content\/uploads\/w1204-1.webp","type":"image\/webp"}],"twitter_card":"summary_large_image","twitter_misc":{"Tiempo de lectura":"1 minuto"},"schema":{"@context":"https:\/\/schema.org","@graph":[{"@type":"WebPage","@id":"https:\/\/wander.com.ar\/website\/productos\/w1200\/","url":"https:\/\/wander.com.ar\/website\/productos\/w1200\/","name":"L\u00cdQUIDO DE FRENOS TIPO 4 -","isPartOf":{"@id":"https:\/\/wander.com.ar\/website\/#website"},"primaryImageOfPage":{"@id":"https:\/\/wander.com.ar\/website\/productos\/w1200\/#primaryimage"},"image":{"@id":"https:\/\/wander.com.ar\/website\/productos\/w1200\/#primaryimage"},"thumbnailUrl":"https:\/\/wander.com.ar\/website\/wp-content\/uploads\/w1204-1.webp","datePublished":"2008-10-21T13:20:49+00:00","dateModified":"2026-03-25T13:02:08+00:00","description":"L\u00edquido\u00a0de\u00a0frenos Wanderlik DOT 4. L\u00edquido\u00a0de\u00a0frenos\u00a0Tipo 4\u00a0para cualquier tipo de veh\u00edculo concebido para ser conducido de manera deportiva.\u00a0","breadcrumb":{"@id":"https:\/\/wander.com.ar\/website\/productos\/w1200\/#breadcrumb"},"inLanguage":"es","potentialAction":[{"@type":"ReadAction","target":["https:\/\/wander.com.ar\/website\/productos\/w1200\/"]}]},{"@type":"ImageObject","inLanguage":"es","@id":"https:\/\/wander.com.ar\/website\/productos\/w1200\/#primaryimage","url":"https:\/\/wander.com.ar\/website\/wp-content\/uploads\/w1204-1.webp","contentUrl":"https:\/\/wander.com.ar\/website\/wp-content\/uploads\/w1204-1.webp","width":1500,"height":1500},{"@type":"BreadcrumbList","@id":"https:\/\/wander.com.ar\/website\/productos\/w1200\/#breadcrumb","itemListElement":[{"@type":"ListItem","position":1,"name":"Portada","item":"https:\/\/wander.com.ar\/website\/"},{"@type":"ListItem","position":2,"name":"Nuestros Productos","item":"https:\/\/wander.com.ar\/website\/?page_id=2343"},{"@type":"ListItem","position":3,"name":"L\u00cdQUIDO DE FRENOS TIPO 4"}]},{"@type":"WebSite","@id":"https:\/\/wander.com.ar\/website\/#website","url":"https:\/\/wander.com.ar\/website\/","name":"Wander Argentina","description":"Productos para el mercado automotor","publisher":{"@id":"https:\/\/wander.com.ar\/website\/#organization"},"alternateName":"Wander","potentialAction":[{"@type":"SearchAction","target":{"@type":"EntryPoint","urlTemplate":"https:\/\/wander.com.ar\/website\/?s={search_term_string}"},"query-input":{"@type":"PropertyValueSpecification","valueRequired":true,"valueName":"search_term_string"}}],"inLanguage":"es"},{"@type":"Organization","@id":"https:\/\/wander.com.ar\/website\/#organization","name":"Wander Argentina","alternateName":"Wander","url":"https:\/\/wander.com.ar\/website\/","logo":{"@type":"ImageObject","inLanguage":"es","@id":"https:\/\/wander.com.ar\/website\/#\/schema\/logo\/image\/","url":"https:\/\/wander.com.ar\/website\/wp-content\/uploads\/wander_isologo_hor_pos.png","contentUrl":"https:\/\/wander.com.ar\/website\/wp-content\/uploads\/wander_isologo_hor_pos.png","width":951,"height":333,"caption":"Wander Argentina"},"image":{"@id":"https:\/\/wander.com.ar\/website\/#\/schema\/logo\/image\/"},"sameAs":["https:\/\/www.facebook.com\/wanderargentina.ok\/","https:\/\/www.youtube.com\/@WanderRacingTV","https:\/\/www.instagram.com\/wanderargentina.ok"]}]}},"_links":{"self":[{"href":"https:\/\/wander.com.ar\/website\/wp-json\/wp\/v2\/product\/1048","targetHints":{"allow":["GET"]}}],"collection":[{"href":"https:\/\/wander.com.ar\/website\/wp-json\/wp\/v2\/product"}],"about":[{"href":"https:\/\/wander.com.ar\/website\/wp-json\/wp\/v2\/types\/product"}],"wp:featuredmedia":[{"embeddable":true,"href":"https:\/\/wander.com.ar\/website\/wp-json\/wp\/v2\/media\/8316"}],"wp:attachment":[{"href":"https:\/\/wander.com.ar\/website\/wp-json\/wp\/v2\/media?parent=1048"}],"wp:term":[{"taxonomy":"product_brand","embeddable":true,"href":"https:\/\/wander.com.ar\/website\/wp-json\/wp\/v2\/product_brand?post=1048"},{"taxonomy":"product_cat","embeddable":true,"href":"https:\/\/wander.com.ar\/website\/wp-json\/wp\/v2\/product_cat?post=1048"},{"taxonomy":"product_tag","embeddable":true,"href":"https:\/\/wander.com.ar\/website\/wp-json\/wp\/v2\/product_tag?post=1048"}],"curies":[{"name":"wp","href":"https:\/\/api.w.org\/{rel}","templated":true}]}}