{"id":1153,"date":"2008-11-14T16:41:22","date_gmt":"2008-11-14T16:41:22","guid":{"rendered":"http:\/\/www.idcontacto.com\/wander\/?post_type=product&#038;p=1153"},"modified":"2023-06-26T15:17:14","modified_gmt":"2023-06-26T15:17:14","slug":"w0070","status":"publish","type":"product","link":"https:\/\/wander.com.ar\/website\/productos\/w0070\/","title":{"rendered":"NORMAL 20"},"content":{"rendered":"<h3>Beneficios<\/h3>\n<ul>\n<li>Mejora la presi\u00f3n de aceite y disminuye su consumo.<\/li>\n<li>\u00d3ptima lubricaci\u00f3n en cojintetes, reduce la fricci\u00f3n y prolonga la vida \u00fatil del motor.<\/li>\n<li>Minimiza la formaci\u00f3n de cenizas, residuos carbonosos y el dep\u00f3sito en aros y pistones.<\/li>\n<li>Evita materiales da\u00f1inos provocados por el golpeteo y preignici\u00f3n del motor.<\/li>\n<li>Cuenta con excelentes propiedades antioxidantes y anticorrosivas.<\/li>\n<\/ul>\n<div class='et-box et-shadow'>\n\t\t\t\t\t<div class='et-box-content'>Se recomienda su uso en veh\u00edculos con motores a nafta, GNC o gasoil.<\/div><\/div>\n","protected":false},"excerpt":{"rendered":"<p>Elaborado con las mejores bases paraf\u00ednicas minerales, con el plus de un paquete de aditivos de primera calidad. Brinda m\u00e1xima protecci\u00f3n en recorridos largos y condiciones desfavorables.<\/p>\n","protected":false},"featured_media":6594,"template":"","meta":{"_et_pb_use_builder":"","_et_pb_old_content":"","_et_gb_content_width":""},"product_brand":[],"product_cat":[443,148,145],"product_tag":[284,308,500],"class_list":{"0":"post-1153","1":"product","2":"type-product","3":"status-publish","4":"has-post-thumbnail","6":"product_cat-lubricantes-para-motores-transporte","7":"product_cat-transporte","8":"product_cat-sector-agricola-maquinarias-viales","9":"product_tag-aceite-lubricante","10":"product_tag-aceite-mineral","11":"product_tag-normal","13":"first","14":"instock","15":"shipping-taxable","16":"purchasable","17":"product-type-simple"},"yoast_head":"<!-- This site is optimized with the Yoast SEO plugin v23.9 - https:\/\/yoast.com\/wordpress\/plugins\/seo\/ -->\n<title>NORMAL 20 -<\/title>\n<meta name=\"robots\" content=\"index, follow, max-snippet:-1, max-image-preview:large, max-video-preview:-1\" \/>\n<link rel=\"canonical\" href=\"https:\/\/wander.com.ar\/website\/productos\/w0070\/\" \/>\n<meta property=\"og:locale\" content=\"es_ES\" \/>\n<meta property=\"og:type\" content=\"article\" \/>\n<meta property=\"og:title\" content=\"NORMAL 20 -\" \/>\n<meta property=\"og:description\" content=\"Elaborado con las mejores bases paraf\u00ednicas minerales, con el plus de un paquete de aditivos de primera calidad. Brinda m\u00e1xima protecci\u00f3n en recorridos largos y condiciones desfavorables.\" \/>\n<meta property=\"og:url\" content=\"https:\/\/wander.com.ar\/website\/productos\/w0070\/\" \/>\n<meta property=\"og:site_name\" content=\"Wander\" \/>\n<meta property=\"article:publisher\" content=\"https:\/\/www.facebook.com\/wanderargentina.ok\/\" \/>\n<meta property=\"article:modified_time\" content=\"2023-06-26T15:17:14+00:00\" \/>\n<meta property=\"og:image\" content=\"https:\/\/wander.com.ar\/website\/wp-content\/uploads\/W0078.webp\" \/>\n\t<meta property=\"og:image:width\" content=\"1500\" \/>\n\t<meta property=\"og:image:height\" content=\"1500\" \/>\n\t<meta property=\"og:image:type\" content=\"image\/webp\" \/>\n<meta name=\"twitter:card\" content=\"summary_large_image\" \/>\n<meta name=\"twitter:label1\" content=\"Tiempo de lectura\" \/>\n\t<meta name=\"twitter:data1\" content=\"1 minuto\" \/>\n<script type=\"application\/ld+json\" class=\"yoast-schema-graph\">{\"@context\":\"https:\/\/schema.org\",\"@graph\":[{\"@type\":\"WebPage\",\"@id\":\"https:\/\/wander.com.ar\/website\/productos\/w0070\/\",\"url\":\"https:\/\/wander.com.ar\/website\/productos\/w0070\/\",\"name\":\"NORMAL 20 -\",\"isPartOf\":{\"@id\":\"https:\/\/wander.com.ar\/website\/#website\"},\"primaryImageOfPage\":{\"@id\":\"https:\/\/wander.com.ar\/website\/productos\/w0070\/#primaryimage\"},\"image\":{\"@id\":\"https:\/\/wander.com.ar\/website\/productos\/w0070\/#primaryimage\"},\"thumbnailUrl\":\"https:\/\/wander.com.ar\/website\/wp-content\/uploads\/W0078.webp\",\"datePublished\":\"2008-11-14T16:41:22+00:00\",\"dateModified\":\"2023-06-26T15:17:14+00:00\",\"breadcrumb\":{\"@id\":\"https:\/\/wander.com.ar\/website\/productos\/w0070\/#breadcrumb\"},\"inLanguage\":\"es\",\"potentialAction\":[{\"@type\":\"ReadAction\",\"target\":[\"https:\/\/wander.com.ar\/website\/productos\/w0070\/\"]}]},{\"@type\":\"ImageObject\",\"inLanguage\":\"es\",\"@id\":\"https:\/\/wander.com.ar\/website\/productos\/w0070\/#primaryimage\",\"url\":\"https:\/\/wander.com.ar\/website\/wp-content\/uploads\/W0078.webp\",\"contentUrl\":\"https:\/\/wander.com.ar\/website\/wp-content\/uploads\/W0078.webp\",\"width\":1500,\"height\":1500},{\"@type\":\"BreadcrumbList\",\"@id\":\"https:\/\/wander.com.ar\/website\/productos\/w0070\/#breadcrumb\",\"itemListElement\":[{\"@type\":\"ListItem\",\"position\":1,\"name\":\"Portada\",\"item\":\"https:\/\/wander.com.ar\/website\/\"},{\"@type\":\"ListItem\",\"position\":2,\"name\":\"Nuestros Productos\",\"item\":\"https:\/\/wander.com.ar\/website\/?page_id=2343\"},{\"@type\":\"ListItem\",\"position\":3,\"name\":\"NORMAL 20\"}]},{\"@type\":\"WebSite\",\"@id\":\"https:\/\/wander.com.ar\/website\/#website\",\"url\":\"https:\/\/wander.com.ar\/website\/\",\"name\":\"Wander Argentina\",\"description\":\"Productos para el mercado automotor\",\"publisher\":{\"@id\":\"https:\/\/wander.com.ar\/website\/#organization\"},\"alternateName\":\"Wander\",\"potentialAction\":[{\"@type\":\"SearchAction\",\"target\":{\"@type\":\"EntryPoint\",\"urlTemplate\":\"https:\/\/wander.com.ar\/website\/?s={search_term_string}\"},\"query-input\":{\"@type\":\"PropertyValueSpecification\",\"valueRequired\":true,\"valueName\":\"search_term_string\"}}],\"inLanguage\":\"es\"},{\"@type\":\"Organization\",\"@id\":\"https:\/\/wander.com.ar\/website\/#organization\",\"name\":\"Wander Argentina\",\"alternateName\":\"Wander\",\"url\":\"https:\/\/wander.com.ar\/website\/\",\"logo\":{\"@type\":\"ImageObject\",\"inLanguage\":\"es\",\"@id\":\"https:\/\/wander.com.ar\/website\/#\/schema\/logo\/image\/\",\"url\":\"https:\/\/wander.com.ar\/website\/wp-content\/uploads\/wander_isologo_hor_pos.png\",\"contentUrl\":\"https:\/\/wander.com.ar\/website\/wp-content\/uploads\/wander_isologo_hor_pos.png\",\"width\":951,\"height\":333,\"caption\":\"Wander Argentina\"},\"image\":{\"@id\":\"https:\/\/wander.com.ar\/website\/#\/schema\/logo\/image\/\"},\"sameAs\":[\"https:\/\/www.facebook.com\/wanderargentina.ok\/\",\"https:\/\/www.youtube.com\/@WanderRacingTV\",\"https:\/\/www.instagram.com\/wanderargentina.ok\"]}]}<\/script>\n<!-- \/ Yoast SEO plugin. -->","yoast_head_json":{"title":"NORMAL 20 -","robots":{"index":"index","follow":"follow","max-snippet":"max-snippet:-1","max-image-preview":"max-image-preview:large","max-video-preview":"max-video-preview:-1"},"canonical":"https:\/\/wander.com.ar\/website\/productos\/w0070\/","og_locale":"es_ES","og_type":"article","og_title":"NORMAL 20 -","og_description":"Elaborado con las mejores bases paraf\u00ednicas minerales, con el plus de un paquete de aditivos de primera calidad. Brinda m\u00e1xima protecci\u00f3n en recorridos largos y condiciones desfavorables.","og_url":"https:\/\/wander.com.ar\/website\/productos\/w0070\/","og_site_name":"Wander","article_publisher":"https:\/\/www.facebook.com\/wanderargentina.ok\/","article_modified_time":"2023-06-26T15:17:14+00:00","og_image":[{"width":1500,"height":1500,"url":"https:\/\/wander.com.ar\/website\/wp-content\/uploads\/W0078.webp","type":"image\/webp"}],"twitter_card":"summary_large_image","twitter_misc":{"Tiempo de lectura":"1 minuto"},"schema":{"@context":"https:\/\/schema.org","@graph":[{"@type":"WebPage","@id":"https:\/\/wander.com.ar\/website\/productos\/w0070\/","url":"https:\/\/wander.com.ar\/website\/productos\/w0070\/","name":"NORMAL 20 -","isPartOf":{"@id":"https:\/\/wander.com.ar\/website\/#website"},"primaryImageOfPage":{"@id":"https:\/\/wander.com.ar\/website\/productos\/w0070\/#primaryimage"},"image":{"@id":"https:\/\/wander.com.ar\/website\/productos\/w0070\/#primaryimage"},"thumbnailUrl":"https:\/\/wander.com.ar\/website\/wp-content\/uploads\/W0078.webp","datePublished":"2008-11-14T16:41:22+00:00","dateModified":"2023-06-26T15:17:14+00:00","breadcrumb":{"@id":"https:\/\/wander.com.ar\/website\/productos\/w0070\/#breadcrumb"},"inLanguage":"es","potentialAction":[{"@type":"ReadAction","target":["https:\/\/wander.com.ar\/website\/productos\/w0070\/"]}]},{"@type":"ImageObject","inLanguage":"es","@id":"https:\/\/wander.com.ar\/website\/productos\/w0070\/#primaryimage","url":"https:\/\/wander.com.ar\/website\/wp-content\/uploads\/W0078.webp","contentUrl":"https:\/\/wander.com.ar\/website\/wp-content\/uploads\/W0078.webp","width":1500,"height":1500},{"@type":"BreadcrumbList","@id":"https:\/\/wander.com.ar\/website\/productos\/w0070\/#breadcrumb","itemListElement":[{"@type":"ListItem","position":1,"name":"Portada","item":"https:\/\/wander.com.ar\/website\/"},{"@type":"ListItem","position":2,"name":"Nuestros Productos","item":"https:\/\/wander.com.ar\/website\/?page_id=2343"},{"@type":"ListItem","position":3,"name":"NORMAL 20"}]},{"@type":"WebSite","@id":"https:\/\/wander.com.ar\/website\/#website","url":"https:\/\/wander.com.ar\/website\/","name":"Wander Argentina","description":"Productos para el mercado automotor","publisher":{"@id":"https:\/\/wander.com.ar\/website\/#organization"},"alternateName":"Wander","potentialAction":[{"@type":"SearchAction","target":{"@type":"EntryPoint","urlTemplate":"https:\/\/wander.com.ar\/website\/?s={search_term_string}"},"query-input":{"@type":"PropertyValueSpecification","valueRequired":true,"valueName":"search_term_string"}}],"inLanguage":"es"},{"@type":"Organization","@id":"https:\/\/wander.com.ar\/website\/#organization","name":"Wander Argentina","alternateName":"Wander","url":"https:\/\/wander.com.ar\/website\/","logo":{"@type":"ImageObject","inLanguage":"es","@id":"https:\/\/wander.com.ar\/website\/#\/schema\/logo\/image\/","url":"https:\/\/wander.com.ar\/website\/wp-content\/uploads\/wander_isologo_hor_pos.png","contentUrl":"https:\/\/wander.com.ar\/website\/wp-content\/uploads\/wander_isologo_hor_pos.png","width":951,"height":333,"caption":"Wander Argentina"},"image":{"@id":"https:\/\/wander.com.ar\/website\/#\/schema\/logo\/image\/"},"sameAs":["https:\/\/www.facebook.com\/wanderargentina.ok\/","https:\/\/www.youtube.com\/@WanderRacingTV","https:\/\/www.instagram.com\/wanderargentina.ok"]}]}},"_links":{"self":[{"href":"https:\/\/wander.com.ar\/website\/wp-json\/wp\/v2\/product\/1153","targetHints":{"allow":["GET"]}}],"collection":[{"href":"https:\/\/wander.com.ar\/website\/wp-json\/wp\/v2\/product"}],"about":[{"href":"https:\/\/wander.com.ar\/website\/wp-json\/wp\/v2\/types\/product"}],"wp:featuredmedia":[{"embeddable":true,"href":"https:\/\/wander.com.ar\/website\/wp-json\/wp\/v2\/media\/6594"}],"wp:attachment":[{"href":"https:\/\/wander.com.ar\/website\/wp-json\/wp\/v2\/media?parent=1153"}],"wp:term":[{"taxonomy":"product_brand","embeddable":true,"href":"https:\/\/wander.com.ar\/website\/wp-json\/wp\/v2\/product_brand?post=1153"},{"taxonomy":"product_cat","embeddable":true,"href":"https:\/\/wander.com.ar\/website\/wp-json\/wp\/v2\/product_cat?post=1153"},{"taxonomy":"product_tag","embeddable":true,"href":"https:\/\/wander.com.ar\/website\/wp-json\/wp\/v2\/product_tag?post=1153"}],"curies":[{"name":"wp","href":"https:\/\/api.w.org\/{rel}","templated":true}]}}