{"id":1165,"date":"2008-11-14T16:55:43","date_gmt":"2008-11-14T16:55:43","guid":{"rendered":"http:\/\/www.idcontacto.com\/wander\/?post_type=product&#038;p=1165"},"modified":"2022-11-24T16:43:46","modified_gmt":"2022-11-24T16:43:46","slug":"w0630","status":"publish","type":"product","link":"https:\/\/wander.com.ar\/website\/productos\/w0630\/","title":{"rendered":"ATF DEXRON III"},"content":{"rendered":"<h3>Beneficios<\/h3>\n<ul>\n<li>Excelente resistencia a la oxidaci\u00f3n.<\/li>\n<li>Optima estabilidad t\u00e9rmica.<\/li>\n<li>Apto para trabajar a bajas temperaturas.<\/li>\n<li>Previene la formaci\u00f3n de barros.<\/li>\n<\/ul>\n<div class='et-box et-shadow'>\n\t\t\t\t\t<div class='et-box-content'>Desarrollado para utilizarse en cajas de transmisi\u00f3n autom\u00e1tica, determinadas cajas manuales, direcci\u00f3n hidr\u00e1ulica o asistida, acoplamientos y variadores de velocidad.<\/div><\/div>\n","protected":false},"excerpt":{"rendered":"<p>Lubricante de base mineral altamente refinado. Ofrece m\u00e1xima protecci\u00f3n antidesgaste y cuidado a todo el sistema.<\/p>\n","protected":false},"featured_media":3465,"template":"","meta":{"_et_pb_use_builder":"","_et_pb_old_content":"","_et_gb_content_width":""},"product_brand":[],"product_cat":[160,148,145],"product_tag":[367,284,502,503,504],"class_list":{"0":"post-1165","1":"product","2":"type-product","3":"status-publish","4":"has-post-thumbnail","6":"product_cat-transmision","7":"product_cat-transporte","8":"product_cat-sector-agricola-maquinarias-viales","9":"product_tag-aceite-de-transmision","10":"product_tag-aceite-lubricante","11":"product_tag-atf","12":"product_tag-caja-automatica","13":"product_tag-dexron-iii","15":"first","16":"instock","17":"shipping-taxable","18":"product-type-simple"},"yoast_head":"<!-- This site is optimized with the Yoast SEO plugin v23.9 - https:\/\/yoast.com\/wordpress\/plugins\/seo\/ -->\n<title>ATF DEXRON III -<\/title>\n<meta name=\"robots\" content=\"index, follow, max-snippet:-1, max-image-preview:large, max-video-preview:-1\" \/>\n<link rel=\"canonical\" href=\"https:\/\/wander.com.ar\/website\/productos\/w0630\/\" \/>\n<meta property=\"og:locale\" content=\"es_ES\" \/>\n<meta property=\"og:type\" content=\"article\" \/>\n<meta property=\"og:title\" content=\"ATF DEXRON III -\" \/>\n<meta property=\"og:description\" content=\"Lubricante de base mineral altamente refinado. Ofrece m\u00e1xima protecci\u00f3n antidesgaste y cuidado a todo el sistema.\" \/>\n<meta property=\"og:url\" content=\"https:\/\/wander.com.ar\/website\/productos\/w0630\/\" \/>\n<meta property=\"og:site_name\" content=\"Wander\" \/>\n<meta property=\"article:publisher\" content=\"https:\/\/www.facebook.com\/wanderargentina.ok\/\" \/>\n<meta property=\"article:modified_time\" content=\"2022-11-24T16:43:46+00:00\" \/>\n<meta property=\"og:image\" content=\"https:\/\/wander.com.ar\/website\/wp-content\/uploads\/W0638.png\" \/>\n\t<meta property=\"og:image:width\" content=\"800\" \/>\n\t<meta property=\"og:image:height\" content=\"800\" \/>\n\t<meta property=\"og:image:type\" content=\"image\/png\" \/>\n<meta name=\"twitter:card\" content=\"summary_large_image\" \/>\n<meta name=\"twitter:label1\" content=\"Tiempo de lectura\" \/>\n\t<meta name=\"twitter:data1\" content=\"1 minuto\" \/>\n<script type=\"application\/ld+json\" class=\"yoast-schema-graph\">{\"@context\":\"https:\/\/schema.org\",\"@graph\":[{\"@type\":\"WebPage\",\"@id\":\"https:\/\/wander.com.ar\/website\/productos\/w0630\/\",\"url\":\"https:\/\/wander.com.ar\/website\/productos\/w0630\/\",\"name\":\"ATF DEXRON III -\",\"isPartOf\":{\"@id\":\"https:\/\/wander.com.ar\/website\/#website\"},\"primaryImageOfPage\":{\"@id\":\"https:\/\/wander.com.ar\/website\/productos\/w0630\/#primaryimage\"},\"image\":{\"@id\":\"https:\/\/wander.com.ar\/website\/productos\/w0630\/#primaryimage\"},\"thumbnailUrl\":\"https:\/\/wander.com.ar\/website\/wp-content\/uploads\/W0638.png\",\"datePublished\":\"2008-11-14T16:55:43+00:00\",\"dateModified\":\"2022-11-24T16:43:46+00:00\",\"breadcrumb\":{\"@id\":\"https:\/\/wander.com.ar\/website\/productos\/w0630\/#breadcrumb\"},\"inLanguage\":\"es\",\"potentialAction\":[{\"@type\":\"ReadAction\",\"target\":[\"https:\/\/wander.com.ar\/website\/productos\/w0630\/\"]}]},{\"@type\":\"ImageObject\",\"inLanguage\":\"es\",\"@id\":\"https:\/\/wander.com.ar\/website\/productos\/w0630\/#primaryimage\",\"url\":\"https:\/\/wander.com.ar\/website\/wp-content\/uploads\/W0638.png\",\"contentUrl\":\"https:\/\/wander.com.ar\/website\/wp-content\/uploads\/W0638.png\",\"width\":800,\"height\":800},{\"@type\":\"BreadcrumbList\",\"@id\":\"https:\/\/wander.com.ar\/website\/productos\/w0630\/#breadcrumb\",\"itemListElement\":[{\"@type\":\"ListItem\",\"position\":1,\"name\":\"Portada\",\"item\":\"https:\/\/wander.com.ar\/website\/\"},{\"@type\":\"ListItem\",\"position\":2,\"name\":\"Nuestros Productos\",\"item\":\"https:\/\/wander.com.ar\/website\/?page_id=2343\"},{\"@type\":\"ListItem\",\"position\":3,\"name\":\"ATF DEXRON III\"}]},{\"@type\":\"WebSite\",\"@id\":\"https:\/\/wander.com.ar\/website\/#website\",\"url\":\"https:\/\/wander.com.ar\/website\/\",\"name\":\"Wander Argentina\",\"description\":\"Productos para el mercado automotor\",\"publisher\":{\"@id\":\"https:\/\/wander.com.ar\/website\/#organization\"},\"alternateName\":\"Wander\",\"potentialAction\":[{\"@type\":\"SearchAction\",\"target\":{\"@type\":\"EntryPoint\",\"urlTemplate\":\"https:\/\/wander.com.ar\/website\/?s={search_term_string}\"},\"query-input\":{\"@type\":\"PropertyValueSpecification\",\"valueRequired\":true,\"valueName\":\"search_term_string\"}}],\"inLanguage\":\"es\"},{\"@type\":\"Organization\",\"@id\":\"https:\/\/wander.com.ar\/website\/#organization\",\"name\":\"Wander Argentina\",\"alternateName\":\"Wander\",\"url\":\"https:\/\/wander.com.ar\/website\/\",\"logo\":{\"@type\":\"ImageObject\",\"inLanguage\":\"es\",\"@id\":\"https:\/\/wander.com.ar\/website\/#\/schema\/logo\/image\/\",\"url\":\"https:\/\/wander.com.ar\/website\/wp-content\/uploads\/wander_isologo_hor_pos.png\",\"contentUrl\":\"https:\/\/wander.com.ar\/website\/wp-content\/uploads\/wander_isologo_hor_pos.png\",\"width\":951,\"height\":333,\"caption\":\"Wander Argentina\"},\"image\":{\"@id\":\"https:\/\/wander.com.ar\/website\/#\/schema\/logo\/image\/\"},\"sameAs\":[\"https:\/\/www.facebook.com\/wanderargentina.ok\/\",\"https:\/\/www.youtube.com\/@WanderRacingTV\",\"https:\/\/www.instagram.com\/wanderargentina.ok\"]}]}<\/script>\n<!-- \/ Yoast SEO plugin. -->","yoast_head_json":{"title":"ATF DEXRON III -","robots":{"index":"index","follow":"follow","max-snippet":"max-snippet:-1","max-image-preview":"max-image-preview:large","max-video-preview":"max-video-preview:-1"},"canonical":"https:\/\/wander.com.ar\/website\/productos\/w0630\/","og_locale":"es_ES","og_type":"article","og_title":"ATF DEXRON III -","og_description":"Lubricante de base mineral altamente refinado. Ofrece m\u00e1xima protecci\u00f3n antidesgaste y cuidado a todo el sistema.","og_url":"https:\/\/wander.com.ar\/website\/productos\/w0630\/","og_site_name":"Wander","article_publisher":"https:\/\/www.facebook.com\/wanderargentina.ok\/","article_modified_time":"2022-11-24T16:43:46+00:00","og_image":[{"width":800,"height":800,"url":"https:\/\/wander.com.ar\/website\/wp-content\/uploads\/W0638.png","type":"image\/png"}],"twitter_card":"summary_large_image","twitter_misc":{"Tiempo de lectura":"1 minuto"},"schema":{"@context":"https:\/\/schema.org","@graph":[{"@type":"WebPage","@id":"https:\/\/wander.com.ar\/website\/productos\/w0630\/","url":"https:\/\/wander.com.ar\/website\/productos\/w0630\/","name":"ATF DEXRON III -","isPartOf":{"@id":"https:\/\/wander.com.ar\/website\/#website"},"primaryImageOfPage":{"@id":"https:\/\/wander.com.ar\/website\/productos\/w0630\/#primaryimage"},"image":{"@id":"https:\/\/wander.com.ar\/website\/productos\/w0630\/#primaryimage"},"thumbnailUrl":"https:\/\/wander.com.ar\/website\/wp-content\/uploads\/W0638.png","datePublished":"2008-11-14T16:55:43+00:00","dateModified":"2022-11-24T16:43:46+00:00","breadcrumb":{"@id":"https:\/\/wander.com.ar\/website\/productos\/w0630\/#breadcrumb"},"inLanguage":"es","potentialAction":[{"@type":"ReadAction","target":["https:\/\/wander.com.ar\/website\/productos\/w0630\/"]}]},{"@type":"ImageObject","inLanguage":"es","@id":"https:\/\/wander.com.ar\/website\/productos\/w0630\/#primaryimage","url":"https:\/\/wander.com.ar\/website\/wp-content\/uploads\/W0638.png","contentUrl":"https:\/\/wander.com.ar\/website\/wp-content\/uploads\/W0638.png","width":800,"height":800},{"@type":"BreadcrumbList","@id":"https:\/\/wander.com.ar\/website\/productos\/w0630\/#breadcrumb","itemListElement":[{"@type":"ListItem","position":1,"name":"Portada","item":"https:\/\/wander.com.ar\/website\/"},{"@type":"ListItem","position":2,"name":"Nuestros Productos","item":"https:\/\/wander.com.ar\/website\/?page_id=2343"},{"@type":"ListItem","position":3,"name":"ATF DEXRON III"}]},{"@type":"WebSite","@id":"https:\/\/wander.com.ar\/website\/#website","url":"https:\/\/wander.com.ar\/website\/","name":"Wander Argentina","description":"Productos para el mercado automotor","publisher":{"@id":"https:\/\/wander.com.ar\/website\/#organization"},"alternateName":"Wander","potentialAction":[{"@type":"SearchAction","target":{"@type":"EntryPoint","urlTemplate":"https:\/\/wander.com.ar\/website\/?s={search_term_string}"},"query-input":{"@type":"PropertyValueSpecification","valueRequired":true,"valueName":"search_term_string"}}],"inLanguage":"es"},{"@type":"Organization","@id":"https:\/\/wander.com.ar\/website\/#organization","name":"Wander Argentina","alternateName":"Wander","url":"https:\/\/wander.com.ar\/website\/","logo":{"@type":"ImageObject","inLanguage":"es","@id":"https:\/\/wander.com.ar\/website\/#\/schema\/logo\/image\/","url":"https:\/\/wander.com.ar\/website\/wp-content\/uploads\/wander_isologo_hor_pos.png","contentUrl":"https:\/\/wander.com.ar\/website\/wp-content\/uploads\/wander_isologo_hor_pos.png","width":951,"height":333,"caption":"Wander Argentina"},"image":{"@id":"https:\/\/wander.com.ar\/website\/#\/schema\/logo\/image\/"},"sameAs":["https:\/\/www.facebook.com\/wanderargentina.ok\/","https:\/\/www.youtube.com\/@WanderRacingTV","https:\/\/www.instagram.com\/wanderargentina.ok"]}]}},"_links":{"self":[{"href":"https:\/\/wander.com.ar\/website\/wp-json\/wp\/v2\/product\/1165","targetHints":{"allow":["GET"]}}],"collection":[{"href":"https:\/\/wander.com.ar\/website\/wp-json\/wp\/v2\/product"}],"about":[{"href":"https:\/\/wander.com.ar\/website\/wp-json\/wp\/v2\/types\/product"}],"wp:featuredmedia":[{"embeddable":true,"href":"https:\/\/wander.com.ar\/website\/wp-json\/wp\/v2\/media\/3465"}],"wp:attachment":[{"href":"https:\/\/wander.com.ar\/website\/wp-json\/wp\/v2\/media?parent=1165"}],"wp:term":[{"taxonomy":"product_brand","embeddable":true,"href":"https:\/\/wander.com.ar\/website\/wp-json\/wp\/v2\/product_brand?post=1165"},{"taxonomy":"product_cat","embeddable":true,"href":"https:\/\/wander.com.ar\/website\/wp-json\/wp\/v2\/product_cat?post=1165"},{"taxonomy":"product_tag","embeddable":true,"href":"https:\/\/wander.com.ar\/website\/wp-json\/wp\/v2\/product_tag?post=1165"}],"curies":[{"name":"wp","href":"https:\/\/api.w.org\/{rel}","templated":true}]}}