{"id":1201,"date":"2008-11-14T17:34:29","date_gmt":"2008-11-14T17:34:29","guid":{"rendered":"http:\/\/www.idcontacto.com\/wander\/?post_type=product&#038;p=1201"},"modified":"2022-11-02T12:29:45","modified_gmt":"2022-11-02T12:29:45","slug":"w0610","status":"publish","type":"product","link":"https:\/\/wander.com.ar\/website\/productos\/w0610\/","title":{"rendered":"GRASA GRAFITADA"},"content":{"rendered":"<h3>Beneficios<\/h3>\n<ul>\n<li>Grasa multiuso con una s\u00f3lida lubricaci\u00f3n.<\/li>\n<li>Forma una pel\u00edcula de protecci\u00f3n m\u00e1s duradera.<\/li>\n<li>La adici\u00f3n de grafito le confiere cualidades \u00fanicas para un producto de sus caracter\u00edsticas.<\/li>\n<\/ul>\n<div class='et-box et-shadow'>\n\t\t\t\t\t<div class='et-box-content'>Lubricante ideal para ser utilizado en mecanismos cuyo engrase se efect\u00faa con grandes intervalos de tiempo.<\/div><\/div>\n","protected":false},"excerpt":{"rendered":"<p>Beneficios Grasa multiuso con una s\u00f3lida lubricaci\u00f3n. Forma una pel\u00edcula de protecci\u00f3n m\u00e1s duradera. La adici\u00f3n de grafito le confiere cualidades \u00fanicas para un producto de sus caracter\u00edsticas.<\/p>\n","protected":false},"featured_media":1890,"template":"","meta":{"_et_pb_use_builder":"","_et_pb_old_content":"","_et_gb_content_width":""},"product_brand":[],"product_cat":[421,442,448,452,155,445,201,144,418,143,148,145],"product_tag":[341,342],"class_list":{"0":"post-1201","1":"product","2":"type-product","3":"status-publish","4":"has-post-thumbnail","6":"product_cat-grasas","7":"product_cat-lubricantes-especiales-autos","8":"product_cat-lubricantes-especiales-competicion","9":"product_cat-lubricantes-especiales-para-maquinarias-agricolas-y-viales","10":"product_cat-lubricantes-especiales-centrifugos-suspension","11":"product_cat-lubricantes-especiales-transporte","12":"product_cat-industria","13":"product_cat-autos","14":"product_cat-competicion","15":"product_cat-motos","16":"product_cat-transporte","17":"product_cat-sector-agricola-maquinarias-viales","18":"product_tag-grasa-grafitada","19":"product_tag-grasa-grafitada-wander","21":"first","22":"instock","23":"shipping-taxable","24":"purchasable","25":"product-type-simple"},"yoast_head":"<!-- This site is optimized with the Yoast SEO plugin v23.9 - https:\/\/yoast.com\/wordpress\/plugins\/seo\/ -->\n<title>Grasa Grafitada Wander. Aplicaci\u00f3n entre -15\u00baC a + 120\u00baC<\/title>\n<meta name=\"description\" content=\"Grasa Grafitada Wander, con caracter\u00edsticas que la hacen apta para lubricar mecanismos cuyo engrase se efect\u00faa con grandes intervalos de tiempo.\" \/>\n<meta name=\"robots\" content=\"index, follow, max-snippet:-1, max-image-preview:large, max-video-preview:-1\" \/>\n<link rel=\"canonical\" href=\"https:\/\/wander.com.ar\/website\/productos\/w0610\/\" \/>\n<meta property=\"og:locale\" content=\"es_ES\" \/>\n<meta property=\"og:type\" content=\"article\" \/>\n<meta property=\"og:title\" content=\"Grasa Grafitada Wander. Aplicaci\u00f3n entre -15\u00baC a + 120\u00baC\" \/>\n<meta property=\"og:description\" content=\"Grasa Grafitada Wander, con caracter\u00edsticas que la hacen apta para lubricar mecanismos cuyo engrase se efect\u00faa con grandes intervalos de tiempo.\" \/>\n<meta property=\"og:url\" content=\"https:\/\/wander.com.ar\/website\/productos\/w0610\/\" \/>\n<meta property=\"og:site_name\" content=\"Wander\" \/>\n<meta property=\"article:publisher\" content=\"https:\/\/www.facebook.com\/wanderargentina.ok\/\" \/>\n<meta property=\"article:modified_time\" content=\"2022-11-02T12:29:45+00:00\" \/>\n<meta property=\"og:image\" content=\"https:\/\/wander.com.ar\/website\/wp-content\/uploads\/w0610.jpg\" \/>\n\t<meta property=\"og:image:width\" content=\"1181\" \/>\n\t<meta property=\"og:image:height\" content=\"1181\" \/>\n\t<meta property=\"og:image:type\" content=\"image\/jpeg\" \/>\n<meta name=\"twitter:card\" content=\"summary_large_image\" \/>\n<script type=\"application\/ld+json\" class=\"yoast-schema-graph\">{\"@context\":\"https:\/\/schema.org\",\"@graph\":[{\"@type\":\"WebPage\",\"@id\":\"https:\/\/wander.com.ar\/website\/productos\/w0610\/\",\"url\":\"https:\/\/wander.com.ar\/website\/productos\/w0610\/\",\"name\":\"Grasa Grafitada Wander. Aplicaci\u00f3n entre -15\u00baC a + 120\u00baC\",\"isPartOf\":{\"@id\":\"https:\/\/wander.com.ar\/website\/#website\"},\"primaryImageOfPage\":{\"@id\":\"https:\/\/wander.com.ar\/website\/productos\/w0610\/#primaryimage\"},\"image\":{\"@id\":\"https:\/\/wander.com.ar\/website\/productos\/w0610\/#primaryimage\"},\"thumbnailUrl\":\"https:\/\/wander.com.ar\/website\/wp-content\/uploads\/w0610.jpg\",\"datePublished\":\"2008-11-14T17:34:29+00:00\",\"dateModified\":\"2022-11-02T12:29:45+00:00\",\"description\":\"Grasa Grafitada Wander, con caracter\u00edsticas que la hacen apta para lubricar mecanismos cuyo engrase se efect\u00faa con grandes intervalos de tiempo.\",\"breadcrumb\":{\"@id\":\"https:\/\/wander.com.ar\/website\/productos\/w0610\/#breadcrumb\"},\"inLanguage\":\"es\",\"potentialAction\":[{\"@type\":\"ReadAction\",\"target\":[\"https:\/\/wander.com.ar\/website\/productos\/w0610\/\"]}]},{\"@type\":\"ImageObject\",\"inLanguage\":\"es\",\"@id\":\"https:\/\/wander.com.ar\/website\/productos\/w0610\/#primaryimage\",\"url\":\"https:\/\/wander.com.ar\/website\/wp-content\/uploads\/w0610.jpg\",\"contentUrl\":\"https:\/\/wander.com.ar\/website\/wp-content\/uploads\/w0610.jpg\",\"width\":1181,\"height\":1181},{\"@type\":\"BreadcrumbList\",\"@id\":\"https:\/\/wander.com.ar\/website\/productos\/w0610\/#breadcrumb\",\"itemListElement\":[{\"@type\":\"ListItem\",\"position\":1,\"name\":\"Portada\",\"item\":\"https:\/\/wander.com.ar\/website\/\"},{\"@type\":\"ListItem\",\"position\":2,\"name\":\"Nuestros Productos\",\"item\":\"https:\/\/wander.com.ar\/website\/?page_id=2343\"},{\"@type\":\"ListItem\",\"position\":3,\"name\":\"GRASA GRAFITADA\"}]},{\"@type\":\"WebSite\",\"@id\":\"https:\/\/wander.com.ar\/website\/#website\",\"url\":\"https:\/\/wander.com.ar\/website\/\",\"name\":\"Wander Argentina\",\"description\":\"Productos para el mercado automotor\",\"publisher\":{\"@id\":\"https:\/\/wander.com.ar\/website\/#organization\"},\"alternateName\":\"Wander\",\"potentialAction\":[{\"@type\":\"SearchAction\",\"target\":{\"@type\":\"EntryPoint\",\"urlTemplate\":\"https:\/\/wander.com.ar\/website\/?s={search_term_string}\"},\"query-input\":{\"@type\":\"PropertyValueSpecification\",\"valueRequired\":true,\"valueName\":\"search_term_string\"}}],\"inLanguage\":\"es\"},{\"@type\":\"Organization\",\"@id\":\"https:\/\/wander.com.ar\/website\/#organization\",\"name\":\"Wander Argentina\",\"alternateName\":\"Wander\",\"url\":\"https:\/\/wander.com.ar\/website\/\",\"logo\":{\"@type\":\"ImageObject\",\"inLanguage\":\"es\",\"@id\":\"https:\/\/wander.com.ar\/website\/#\/schema\/logo\/image\/\",\"url\":\"https:\/\/wander.com.ar\/website\/wp-content\/uploads\/wander_isologo_hor_pos.png\",\"contentUrl\":\"https:\/\/wander.com.ar\/website\/wp-content\/uploads\/wander_isologo_hor_pos.png\",\"width\":951,\"height\":333,\"caption\":\"Wander Argentina\"},\"image\":{\"@id\":\"https:\/\/wander.com.ar\/website\/#\/schema\/logo\/image\/\"},\"sameAs\":[\"https:\/\/www.facebook.com\/wanderargentina.ok\/\",\"https:\/\/www.youtube.com\/@WanderRacingTV\",\"https:\/\/www.instagram.com\/wanderargentina.ok\"]}]}<\/script>\n<!-- \/ Yoast SEO plugin. -->","yoast_head_json":{"title":"Grasa Grafitada Wander. Aplicaci\u00f3n entre -15\u00baC a + 120\u00baC","description":"Grasa Grafitada Wander, con caracter\u00edsticas que la hacen apta para lubricar mecanismos cuyo engrase se efect\u00faa con grandes intervalos de tiempo.","robots":{"index":"index","follow":"follow","max-snippet":"max-snippet:-1","max-image-preview":"max-image-preview:large","max-video-preview":"max-video-preview:-1"},"canonical":"https:\/\/wander.com.ar\/website\/productos\/w0610\/","og_locale":"es_ES","og_type":"article","og_title":"Grasa Grafitada Wander. Aplicaci\u00f3n entre -15\u00baC a + 120\u00baC","og_description":"Grasa Grafitada Wander, con caracter\u00edsticas que la hacen apta para lubricar mecanismos cuyo engrase se efect\u00faa con grandes intervalos de tiempo.","og_url":"https:\/\/wander.com.ar\/website\/productos\/w0610\/","og_site_name":"Wander","article_publisher":"https:\/\/www.facebook.com\/wanderargentina.ok\/","article_modified_time":"2022-11-02T12:29:45+00:00","og_image":[{"width":1181,"height":1181,"url":"https:\/\/wander.com.ar\/website\/wp-content\/uploads\/w0610.jpg","type":"image\/jpeg"}],"twitter_card":"summary_large_image","schema":{"@context":"https:\/\/schema.org","@graph":[{"@type":"WebPage","@id":"https:\/\/wander.com.ar\/website\/productos\/w0610\/","url":"https:\/\/wander.com.ar\/website\/productos\/w0610\/","name":"Grasa Grafitada Wander. Aplicaci\u00f3n entre -15\u00baC a + 120\u00baC","isPartOf":{"@id":"https:\/\/wander.com.ar\/website\/#website"},"primaryImageOfPage":{"@id":"https:\/\/wander.com.ar\/website\/productos\/w0610\/#primaryimage"},"image":{"@id":"https:\/\/wander.com.ar\/website\/productos\/w0610\/#primaryimage"},"thumbnailUrl":"https:\/\/wander.com.ar\/website\/wp-content\/uploads\/w0610.jpg","datePublished":"2008-11-14T17:34:29+00:00","dateModified":"2022-11-02T12:29:45+00:00","description":"Grasa Grafitada Wander, con caracter\u00edsticas que la hacen apta para lubricar mecanismos cuyo engrase se efect\u00faa con grandes intervalos de tiempo.","breadcrumb":{"@id":"https:\/\/wander.com.ar\/website\/productos\/w0610\/#breadcrumb"},"inLanguage":"es","potentialAction":[{"@type":"ReadAction","target":["https:\/\/wander.com.ar\/website\/productos\/w0610\/"]}]},{"@type":"ImageObject","inLanguage":"es","@id":"https:\/\/wander.com.ar\/website\/productos\/w0610\/#primaryimage","url":"https:\/\/wander.com.ar\/website\/wp-content\/uploads\/w0610.jpg","contentUrl":"https:\/\/wander.com.ar\/website\/wp-content\/uploads\/w0610.jpg","width":1181,"height":1181},{"@type":"BreadcrumbList","@id":"https:\/\/wander.com.ar\/website\/productos\/w0610\/#breadcrumb","itemListElement":[{"@type":"ListItem","position":1,"name":"Portada","item":"https:\/\/wander.com.ar\/website\/"},{"@type":"ListItem","position":2,"name":"Nuestros Productos","item":"https:\/\/wander.com.ar\/website\/?page_id=2343"},{"@type":"ListItem","position":3,"name":"GRASA GRAFITADA"}]},{"@type":"WebSite","@id":"https:\/\/wander.com.ar\/website\/#website","url":"https:\/\/wander.com.ar\/website\/","name":"Wander Argentina","description":"Productos para el mercado automotor","publisher":{"@id":"https:\/\/wander.com.ar\/website\/#organization"},"alternateName":"Wander","potentialAction":[{"@type":"SearchAction","target":{"@type":"EntryPoint","urlTemplate":"https:\/\/wander.com.ar\/website\/?s={search_term_string}"},"query-input":{"@type":"PropertyValueSpecification","valueRequired":true,"valueName":"search_term_string"}}],"inLanguage":"es"},{"@type":"Organization","@id":"https:\/\/wander.com.ar\/website\/#organization","name":"Wander Argentina","alternateName":"Wander","url":"https:\/\/wander.com.ar\/website\/","logo":{"@type":"ImageObject","inLanguage":"es","@id":"https:\/\/wander.com.ar\/website\/#\/schema\/logo\/image\/","url":"https:\/\/wander.com.ar\/website\/wp-content\/uploads\/wander_isologo_hor_pos.png","contentUrl":"https:\/\/wander.com.ar\/website\/wp-content\/uploads\/wander_isologo_hor_pos.png","width":951,"height":333,"caption":"Wander Argentina"},"image":{"@id":"https:\/\/wander.com.ar\/website\/#\/schema\/logo\/image\/"},"sameAs":["https:\/\/www.facebook.com\/wanderargentina.ok\/","https:\/\/www.youtube.com\/@WanderRacingTV","https:\/\/www.instagram.com\/wanderargentina.ok"]}]}},"_links":{"self":[{"href":"https:\/\/wander.com.ar\/website\/wp-json\/wp\/v2\/product\/1201","targetHints":{"allow":["GET"]}}],"collection":[{"href":"https:\/\/wander.com.ar\/website\/wp-json\/wp\/v2\/product"}],"about":[{"href":"https:\/\/wander.com.ar\/website\/wp-json\/wp\/v2\/types\/product"}],"wp:featuredmedia":[{"embeddable":true,"href":"https:\/\/wander.com.ar\/website\/wp-json\/wp\/v2\/media\/1890"}],"wp:attachment":[{"href":"https:\/\/wander.com.ar\/website\/wp-json\/wp\/v2\/media?parent=1201"}],"wp:term":[{"taxonomy":"product_brand","embeddable":true,"href":"https:\/\/wander.com.ar\/website\/wp-json\/wp\/v2\/product_brand?post=1201"},{"taxonomy":"product_cat","embeddable":true,"href":"https:\/\/wander.com.ar\/website\/wp-json\/wp\/v2\/product_cat?post=1201"},{"taxonomy":"product_tag","embeddable":true,"href":"https:\/\/wander.com.ar\/website\/wp-json\/wp\/v2\/product_tag?post=1201"}],"curies":[{"name":"wp","href":"https:\/\/api.w.org\/{rel}","templated":true}]}}