{"id":1210,"date":"2008-11-18T12:52:22","date_gmt":"2008-11-18T12:52:22","guid":{"rendered":"http:\/\/www.idcontacto.com\/wander\/?post_type=product&#038;p=1210"},"modified":"2025-12-04T09:09:17","modified_gmt":"2025-12-04T12:09:17","slug":"w1550","status":"publish","type":"product","link":"https:\/\/wander.com.ar\/website\/productos\/w1550\/","title":{"rendered":"RACING BF600"},"content":{"rendered":"<h3><strong>Certificaci\u00f3n<\/strong><\/h3>\n<ul style=\"line-height: 19px; list-style: none;\">\n<li style=\"list-style-type: none;\">\n<ul style=\"line-height: 19px; list-style: none;\">\n<li><strong>CUIT:<\/strong> 30-70356449-2<\/li>\n<li><strong>Nombre Empresa:<\/strong> Norwan Group S.R.L<\/li>\n<li><strong>Identificaci\u00f3n del Producto<\/strong>: L\u00edquidos para sistemas hidr\u00e1ulicos de frenos \/ Brake fluid for hidraulic systems.<\/li>\n<li><strong>Marca:<\/strong> Wander<\/li>\n<li><strong>Modelo<\/strong>: Tipo 4 \/ Type 4<\/li>\n<li><strong>C\u00f3digo Interno:<\/strong> W1554<\/li>\n<li><strong>Origen:<\/strong> Argentina<\/li>\n<li><strong>N\u00b0 Certificaci\u00f3n \/ Licencia:<\/strong> DC-M-N45-002.1<\/li>\n<li><strong>Organismo Certificador:<\/strong> IRAM<\/li>\n<\/ul>\n<\/li>\n<\/ul>\n<h3>Beneficios<\/h3>\n<ul style=\"line-height: 19px; list-style: none;\">\n<li style=\"list-style-type: none;\">\n<ul style=\"line-height: 19px; list-style: none;\">\n<li style=\"list-style-type: none;\">\n<ul>\n<li>Posee gran estabilidad t\u00e9rmica.<\/li>\n<li>Mejor eficacia en el frenado, inclusive cuando los frenos son muy solicitados.<\/li>\n<li>Asegura una calidad muy superior a la de los fluidos convencionales.<\/li>\n<li>Mantiene sus propiedades bajo cualquier tipo de circunstancias.<\/li>\n<li>Permite la utilizaci\u00f3n del producto por per\u00edodos prolongados de tiempo.<\/li>\n<\/ul>\n<\/li>\n<\/ul>\n<\/li>\n<\/ul>\n<div class='et-box et-shadow'>\n\t\t\t\t\t<div class='et-box-content'>L\u00edquido para frenos recomendado para ser utilizado en veh\u00edculos de \u00faltima generaci\u00f3n, de alto rendimiento y de competici\u00f3n.<\/div><\/div>\n","protected":false},"excerpt":{"rendered":"<p>Elaborado con las m\u00e1s alta tecnolog\u00eda. Absorbe la humedad del aire, con lo que disminuye considerablemente su punto de ebullici\u00f3n, restando confiabilidad al fluido en el momento del frenaje. Es un producto anticorrosivo y se presenta neutro con los retenes utilizados en los circuitos de frenos.<\/p>\n","protected":false},"featured_media":6683,"template":"","meta":{"_et_pb_use_builder":"","_et_pb_old_content":"","_et_gb_content_width":""},"product_brand":[],"product_cat":[157,449,418],"product_tag":[508,482],"class_list":{"0":"post-1210","1":"product","2":"type-product","3":"status-publish","4":"has-post-thumbnail","6":"product_cat-liquido-de-frenos","7":"product_cat-productos-complementarios-competicion","8":"product_cat-competicion","9":"product_tag-competicion","10":"product_tag-liquido-para-frenos","12":"first","13":"instock","14":"shipping-taxable","15":"product-type-simple"},"yoast_head":"<!-- This site is optimized with the Yoast SEO plugin v23.9 - https:\/\/yoast.com\/wordpress\/plugins\/seo\/ -->\n<title>RACING BF600 -<\/title>\n<meta name=\"robots\" content=\"index, follow, max-snippet:-1, max-image-preview:large, max-video-preview:-1\" \/>\n<link rel=\"canonical\" href=\"https:\/\/wander.com.ar\/website\/productos\/w1550\/\" \/>\n<meta property=\"og:locale\" content=\"es_ES\" \/>\n<meta property=\"og:type\" content=\"article\" \/>\n<meta property=\"og:title\" content=\"RACING BF600 -\" \/>\n<meta property=\"og:description\" content=\"Elaborado con las m\u00e1s alta tecnolog\u00eda. Absorbe la humedad del aire, con lo que disminuye considerablemente su punto de ebullici\u00f3n, restando confiabilidad al fluido en el momento del frenaje. Es un producto anticorrosivo y se presenta neutro con los retenes utilizados en los circuitos de frenos.\" \/>\n<meta property=\"og:url\" content=\"https:\/\/wander.com.ar\/website\/productos\/w1550\/\" \/>\n<meta property=\"og:site_name\" content=\"Wander\" \/>\n<meta property=\"article:publisher\" content=\"https:\/\/www.facebook.com\/wanderargentina.ok\/\" \/>\n<meta property=\"article:modified_time\" content=\"2025-12-04T12:09:17+00:00\" \/>\n<meta property=\"og:image\" content=\"https:\/\/wander.com.ar\/website\/wp-content\/uploads\/W1554.webp\" \/>\n\t<meta property=\"og:image:width\" content=\"1500\" \/>\n\t<meta property=\"og:image:height\" content=\"1500\" \/>\n\t<meta property=\"og:image:type\" content=\"image\/webp\" \/>\n<meta name=\"twitter:card\" content=\"summary_large_image\" \/>\n<meta name=\"twitter:label1\" content=\"Tiempo de lectura\" \/>\n\t<meta name=\"twitter:data1\" content=\"1 minuto\" \/>\n<script type=\"application\/ld+json\" class=\"yoast-schema-graph\">{\"@context\":\"https:\/\/schema.org\",\"@graph\":[{\"@type\":\"WebPage\",\"@id\":\"https:\/\/wander.com.ar\/website\/productos\/w1550\/\",\"url\":\"https:\/\/wander.com.ar\/website\/productos\/w1550\/\",\"name\":\"RACING BF600 -\",\"isPartOf\":{\"@id\":\"https:\/\/wander.com.ar\/website\/#website\"},\"primaryImageOfPage\":{\"@id\":\"https:\/\/wander.com.ar\/website\/productos\/w1550\/#primaryimage\"},\"image\":{\"@id\":\"https:\/\/wander.com.ar\/website\/productos\/w1550\/#primaryimage\"},\"thumbnailUrl\":\"https:\/\/wander.com.ar\/website\/wp-content\/uploads\/W1554.webp\",\"datePublished\":\"2008-11-18T12:52:22+00:00\",\"dateModified\":\"2025-12-04T12:09:17+00:00\",\"breadcrumb\":{\"@id\":\"https:\/\/wander.com.ar\/website\/productos\/w1550\/#breadcrumb\"},\"inLanguage\":\"es\",\"potentialAction\":[{\"@type\":\"ReadAction\",\"target\":[\"https:\/\/wander.com.ar\/website\/productos\/w1550\/\"]}]},{\"@type\":\"ImageObject\",\"inLanguage\":\"es\",\"@id\":\"https:\/\/wander.com.ar\/website\/productos\/w1550\/#primaryimage\",\"url\":\"https:\/\/wander.com.ar\/website\/wp-content\/uploads\/W1554.webp\",\"contentUrl\":\"https:\/\/wander.com.ar\/website\/wp-content\/uploads\/W1554.webp\",\"width\":1500,\"height\":1500},{\"@type\":\"BreadcrumbList\",\"@id\":\"https:\/\/wander.com.ar\/website\/productos\/w1550\/#breadcrumb\",\"itemListElement\":[{\"@type\":\"ListItem\",\"position\":1,\"name\":\"Portada\",\"item\":\"https:\/\/wander.com.ar\/website\/\"},{\"@type\":\"ListItem\",\"position\":2,\"name\":\"Nuestros Productos\",\"item\":\"https:\/\/wander.com.ar\/website\/?page_id=2343\"},{\"@type\":\"ListItem\",\"position\":3,\"name\":\"RACING BF600\"}]},{\"@type\":\"WebSite\",\"@id\":\"https:\/\/wander.com.ar\/website\/#website\",\"url\":\"https:\/\/wander.com.ar\/website\/\",\"name\":\"Wander Argentina\",\"description\":\"Productos para el mercado automotor\",\"publisher\":{\"@id\":\"https:\/\/wander.com.ar\/website\/#organization\"},\"alternateName\":\"Wander\",\"potentialAction\":[{\"@type\":\"SearchAction\",\"target\":{\"@type\":\"EntryPoint\",\"urlTemplate\":\"https:\/\/wander.com.ar\/website\/?s={search_term_string}\"},\"query-input\":{\"@type\":\"PropertyValueSpecification\",\"valueRequired\":true,\"valueName\":\"search_term_string\"}}],\"inLanguage\":\"es\"},{\"@type\":\"Organization\",\"@id\":\"https:\/\/wander.com.ar\/website\/#organization\",\"name\":\"Wander Argentina\",\"alternateName\":\"Wander\",\"url\":\"https:\/\/wander.com.ar\/website\/\",\"logo\":{\"@type\":\"ImageObject\",\"inLanguage\":\"es\",\"@id\":\"https:\/\/wander.com.ar\/website\/#\/schema\/logo\/image\/\",\"url\":\"https:\/\/wander.com.ar\/website\/wp-content\/uploads\/wander_isologo_hor_pos.png\",\"contentUrl\":\"https:\/\/wander.com.ar\/website\/wp-content\/uploads\/wander_isologo_hor_pos.png\",\"width\":951,\"height\":333,\"caption\":\"Wander Argentina\"},\"image\":{\"@id\":\"https:\/\/wander.com.ar\/website\/#\/schema\/logo\/image\/\"},\"sameAs\":[\"https:\/\/www.facebook.com\/wanderargentina.ok\/\",\"https:\/\/www.youtube.com\/@WanderRacingTV\",\"https:\/\/www.instagram.com\/wanderargentina.ok\"]}]}<\/script>\n<!-- \/ Yoast SEO plugin. -->","yoast_head_json":{"title":"RACING BF600 -","robots":{"index":"index","follow":"follow","max-snippet":"max-snippet:-1","max-image-preview":"max-image-preview:large","max-video-preview":"max-video-preview:-1"},"canonical":"https:\/\/wander.com.ar\/website\/productos\/w1550\/","og_locale":"es_ES","og_type":"article","og_title":"RACING BF600 -","og_description":"Elaborado con las m\u00e1s alta tecnolog\u00eda. Absorbe la humedad del aire, con lo que disminuye considerablemente su punto de ebullici\u00f3n, restando confiabilidad al fluido en el momento del frenaje. Es un producto anticorrosivo y se presenta neutro con los retenes utilizados en los circuitos de frenos.","og_url":"https:\/\/wander.com.ar\/website\/productos\/w1550\/","og_site_name":"Wander","article_publisher":"https:\/\/www.facebook.com\/wanderargentina.ok\/","article_modified_time":"2025-12-04T12:09:17+00:00","og_image":[{"width":1500,"height":1500,"url":"https:\/\/wander.com.ar\/website\/wp-content\/uploads\/W1554.webp","type":"image\/webp"}],"twitter_card":"summary_large_image","twitter_misc":{"Tiempo de lectura":"1 minuto"},"schema":{"@context":"https:\/\/schema.org","@graph":[{"@type":"WebPage","@id":"https:\/\/wander.com.ar\/website\/productos\/w1550\/","url":"https:\/\/wander.com.ar\/website\/productos\/w1550\/","name":"RACING BF600 -","isPartOf":{"@id":"https:\/\/wander.com.ar\/website\/#website"},"primaryImageOfPage":{"@id":"https:\/\/wander.com.ar\/website\/productos\/w1550\/#primaryimage"},"image":{"@id":"https:\/\/wander.com.ar\/website\/productos\/w1550\/#primaryimage"},"thumbnailUrl":"https:\/\/wander.com.ar\/website\/wp-content\/uploads\/W1554.webp","datePublished":"2008-11-18T12:52:22+00:00","dateModified":"2025-12-04T12:09:17+00:00","breadcrumb":{"@id":"https:\/\/wander.com.ar\/website\/productos\/w1550\/#breadcrumb"},"inLanguage":"es","potentialAction":[{"@type":"ReadAction","target":["https:\/\/wander.com.ar\/website\/productos\/w1550\/"]}]},{"@type":"ImageObject","inLanguage":"es","@id":"https:\/\/wander.com.ar\/website\/productos\/w1550\/#primaryimage","url":"https:\/\/wander.com.ar\/website\/wp-content\/uploads\/W1554.webp","contentUrl":"https:\/\/wander.com.ar\/website\/wp-content\/uploads\/W1554.webp","width":1500,"height":1500},{"@type":"BreadcrumbList","@id":"https:\/\/wander.com.ar\/website\/productos\/w1550\/#breadcrumb","itemListElement":[{"@type":"ListItem","position":1,"name":"Portada","item":"https:\/\/wander.com.ar\/website\/"},{"@type":"ListItem","position":2,"name":"Nuestros Productos","item":"https:\/\/wander.com.ar\/website\/?page_id=2343"},{"@type":"ListItem","position":3,"name":"RACING BF600"}]},{"@type":"WebSite","@id":"https:\/\/wander.com.ar\/website\/#website","url":"https:\/\/wander.com.ar\/website\/","name":"Wander Argentina","description":"Productos para el mercado automotor","publisher":{"@id":"https:\/\/wander.com.ar\/website\/#organization"},"alternateName":"Wander","potentialAction":[{"@type":"SearchAction","target":{"@type":"EntryPoint","urlTemplate":"https:\/\/wander.com.ar\/website\/?s={search_term_string}"},"query-input":{"@type":"PropertyValueSpecification","valueRequired":true,"valueName":"search_term_string"}}],"inLanguage":"es"},{"@type":"Organization","@id":"https:\/\/wander.com.ar\/website\/#organization","name":"Wander Argentina","alternateName":"Wander","url":"https:\/\/wander.com.ar\/website\/","logo":{"@type":"ImageObject","inLanguage":"es","@id":"https:\/\/wander.com.ar\/website\/#\/schema\/logo\/image\/","url":"https:\/\/wander.com.ar\/website\/wp-content\/uploads\/wander_isologo_hor_pos.png","contentUrl":"https:\/\/wander.com.ar\/website\/wp-content\/uploads\/wander_isologo_hor_pos.png","width":951,"height":333,"caption":"Wander Argentina"},"image":{"@id":"https:\/\/wander.com.ar\/website\/#\/schema\/logo\/image\/"},"sameAs":["https:\/\/www.facebook.com\/wanderargentina.ok\/","https:\/\/www.youtube.com\/@WanderRacingTV","https:\/\/www.instagram.com\/wanderargentina.ok"]}]}},"_links":{"self":[{"href":"https:\/\/wander.com.ar\/website\/wp-json\/wp\/v2\/product\/1210","targetHints":{"allow":["GET"]}}],"collection":[{"href":"https:\/\/wander.com.ar\/website\/wp-json\/wp\/v2\/product"}],"about":[{"href":"https:\/\/wander.com.ar\/website\/wp-json\/wp\/v2\/types\/product"}],"wp:featuredmedia":[{"embeddable":true,"href":"https:\/\/wander.com.ar\/website\/wp-json\/wp\/v2\/media\/6683"}],"wp:attachment":[{"href":"https:\/\/wander.com.ar\/website\/wp-json\/wp\/v2\/media?parent=1210"}],"wp:term":[{"taxonomy":"product_brand","embeddable":true,"href":"https:\/\/wander.com.ar\/website\/wp-json\/wp\/v2\/product_brand?post=1210"},{"taxonomy":"product_cat","embeddable":true,"href":"https:\/\/wander.com.ar\/website\/wp-json\/wp\/v2\/product_cat?post=1210"},{"taxonomy":"product_tag","embeddable":true,"href":"https:\/\/wander.com.ar\/website\/wp-json\/wp\/v2\/product_tag?post=1210"}],"curies":[{"name":"wp","href":"https:\/\/api.w.org\/{rel}","templated":true}]}}