{"id":1231,"date":"2010-01-18T13:28:25","date_gmt":"2010-01-18T13:28:25","guid":{"rendered":"http:\/\/www.idcontacto.com\/wander\/?post_type=product&#038;p=1231"},"modified":"2022-11-24T16:31:54","modified_gmt":"2022-11-24T16:31:54","slug":"w1660","status":"publish","type":"product","link":"https:\/\/wander.com.ar\/website\/productos\/w1660\/","title":{"rendered":"PRIMATEK FLEX 10W-40"},"content":{"rendered":"<h3>Beneficios<\/h3>\n<ul>\n<li>Prolonga la vida \u00fatil del motor.<\/li>\n<li>Disminuye el consumo de aceite.<\/li>\n<li>Posee aditivos antioxidantes y anticorrosivos.<\/li>\n<li>Menor formaci\u00f3n de dep\u00f3sitos en aros y pistones.<\/li>\n<li>Buena circulaci\u00f3n en fr\u00edo.<\/li>\n<\/ul>\n<div class='et-box et-shadow'>\n\t\t\t\t\t<div class='et-box-content'>Especialmente formulado para veh\u00edculos livianos con cualquier tipo de motorizaci\u00f3n y que utilicen todo tipo de combustible: nafta, diesel, GNC, GLP, Biocombustibles.<\/div><\/div>\n","protected":false},"excerpt":{"rendered":"<p>L\u00ednea\u00a0 de lubricantes multigrado de base semisint\u00e9tica. Producto desarrollado para dar m\u00e1xima protecci\u00f3n en recorridos largos y condiciones desfavorables. Reduce al m\u00ednimo el desgaste del arranque. La baja formaci\u00f3n de cenizas y residuos carbonosos evita golpeteos y preignici\u00f3n.<\/p>\n","protected":false},"featured_media":6163,"template":"","meta":{"_et_pb_use_builder":"off","_et_pb_old_content":"<h3>Beneficios<\/h3>\r\n<ul>\r\n \t<li>Calidad superior en lubricaci\u00f3n.<\/li>\r\n \t<li>Prolonga la vida \u00fatil del motor.<\/li>\r\n \t<li>Gran circulaci\u00f3n en fr\u00edo y reducci\u00f3n del desgaste en el arranque.<\/li>\r\n \t<li>Evita la formaci\u00f3n de cenizas y residuos carbonosos.<\/li>\r\n \t<li>Minimiza el dep\u00f3sito de part\u00edculas da\u00f1inas en aros y pistones.<\/li>\r\n \t<li>Garantiza excelente presi\u00f3n de aceite.<\/li>\r\n \t<li>Inmejorable lubricante para la superficie de cojinetes.<\/li>\r\n \t<li>Logra bajar el nivel de fricci\u00f3n.<\/li>\r\n<\/ul>\r\n[box] Dise\u00f1ado para ser utilizado en veh\u00edculos de todo tipo de combustible: nafta, diesel, GNC, GLP, biocombustibles. [\/box]","_et_gb_content_width":""},"product_brand":[],"product_cat":[414,144],"product_tag":[331,361,332],"class_list":{"0":"post-1231","1":"product","2":"type-product","3":"status-publish","4":"has-post-thumbnail","6":"product_cat-lubricantes-para-motores","7":"product_cat-autos","8":"product_tag-aceite-10w40","9":"product_tag-aceite-10w40-semisintetico","10":"product_tag-primatek-10w40","12":"first","13":"instock","14":"featured","15":"shipping-taxable","16":"product-type-simple"},"yoast_head":"<!-- This site is optimized with the Yoast SEO plugin v23.9 - https:\/\/yoast.com\/wordpress\/plugins\/seo\/ -->\n<title>Primatek FLEX 10W-40<\/title>\n<meta name=\"description\" content=\"El Aceite 10W40 semisint\u00e9tico Primatek, para ser utilizado en veh\u00edculos livianos con motor naftero \u00f3 diesel. Es apto para utilizarse por hasta 10.000 km\" \/>\n<meta name=\"robots\" content=\"index, follow, max-snippet:-1, max-image-preview:large, max-video-preview:-1\" \/>\n<link rel=\"canonical\" href=\"https:\/\/wander.com.ar\/website\/productos\/w1660\/\" \/>\n<meta property=\"og:locale\" content=\"es_ES\" \/>\n<meta property=\"og:type\" content=\"article\" \/>\n<meta property=\"og:title\" content=\"Primatek FLEX 10W-40\" \/>\n<meta property=\"og:description\" content=\"El Aceite 10W40 semisint\u00e9tico Primatek, para ser utilizado en veh\u00edculos livianos con motor naftero \u00f3 diesel. Es apto para utilizarse por hasta 10.000 km\" \/>\n<meta property=\"og:url\" content=\"https:\/\/wander.com.ar\/website\/productos\/w1660\/\" \/>\n<meta property=\"og:site_name\" content=\"Wander\" \/>\n<meta property=\"article:publisher\" content=\"https:\/\/www.facebook.com\/wanderargentina.ok\/\" \/>\n<meta property=\"article:modified_time\" content=\"2022-11-24T16:31:54+00:00\" \/>\n<meta property=\"og:image\" content=\"https:\/\/wander.com.ar\/website\/wp-content\/uploads\/1666.png\" \/>\n\t<meta property=\"og:image:width\" content=\"800\" \/>\n\t<meta property=\"og:image:height\" content=\"800\" \/>\n\t<meta property=\"og:image:type\" content=\"image\/png\" \/>\n<meta name=\"twitter:card\" content=\"summary_large_image\" \/>\n<meta name=\"twitter:label1\" content=\"Tiempo de lectura\" \/>\n\t<meta name=\"twitter:data1\" content=\"1 minuto\" \/>\n<script type=\"application\/ld+json\" class=\"yoast-schema-graph\">{\"@context\":\"https:\/\/schema.org\",\"@graph\":[{\"@type\":\"WebPage\",\"@id\":\"https:\/\/wander.com.ar\/website\/productos\/w1660\/\",\"url\":\"https:\/\/wander.com.ar\/website\/productos\/w1660\/\",\"name\":\"Primatek FLEX 10W-40\",\"isPartOf\":{\"@id\":\"https:\/\/wander.com.ar\/website\/#website\"},\"primaryImageOfPage\":{\"@id\":\"https:\/\/wander.com.ar\/website\/productos\/w1660\/#primaryimage\"},\"image\":{\"@id\":\"https:\/\/wander.com.ar\/website\/productos\/w1660\/#primaryimage\"},\"thumbnailUrl\":\"https:\/\/wander.com.ar\/website\/wp-content\/uploads\/1666.png\",\"datePublished\":\"2010-01-18T13:28:25+00:00\",\"dateModified\":\"2022-11-24T16:31:54+00:00\",\"description\":\"El Aceite 10W40 semisint\u00e9tico Primatek, para ser utilizado en veh\u00edculos livianos con motor naftero \u00f3 diesel. Es apto para utilizarse por hasta 10.000 km\",\"breadcrumb\":{\"@id\":\"https:\/\/wander.com.ar\/website\/productos\/w1660\/#breadcrumb\"},\"inLanguage\":\"es\",\"potentialAction\":[{\"@type\":\"ReadAction\",\"target\":[\"https:\/\/wander.com.ar\/website\/productos\/w1660\/\"]}]},{\"@type\":\"ImageObject\",\"inLanguage\":\"es\",\"@id\":\"https:\/\/wander.com.ar\/website\/productos\/w1660\/#primaryimage\",\"url\":\"https:\/\/wander.com.ar\/website\/wp-content\/uploads\/1666.png\",\"contentUrl\":\"https:\/\/wander.com.ar\/website\/wp-content\/uploads\/1666.png\",\"width\":800,\"height\":800},{\"@type\":\"BreadcrumbList\",\"@id\":\"https:\/\/wander.com.ar\/website\/productos\/w1660\/#breadcrumb\",\"itemListElement\":[{\"@type\":\"ListItem\",\"position\":1,\"name\":\"Portada\",\"item\":\"https:\/\/wander.com.ar\/website\/\"},{\"@type\":\"ListItem\",\"position\":2,\"name\":\"Nuestros Productos\",\"item\":\"https:\/\/wander.com.ar\/website\/?page_id=2343\"},{\"@type\":\"ListItem\",\"position\":3,\"name\":\"PRIMATEK FLEX 10W-40\"}]},{\"@type\":\"WebSite\",\"@id\":\"https:\/\/wander.com.ar\/website\/#website\",\"url\":\"https:\/\/wander.com.ar\/website\/\",\"name\":\"Wander Argentina\",\"description\":\"Productos para el mercado automotor\",\"publisher\":{\"@id\":\"https:\/\/wander.com.ar\/website\/#organization\"},\"alternateName\":\"Wander\",\"potentialAction\":[{\"@type\":\"SearchAction\",\"target\":{\"@type\":\"EntryPoint\",\"urlTemplate\":\"https:\/\/wander.com.ar\/website\/?s={search_term_string}\"},\"query-input\":{\"@type\":\"PropertyValueSpecification\",\"valueRequired\":true,\"valueName\":\"search_term_string\"}}],\"inLanguage\":\"es\"},{\"@type\":\"Organization\",\"@id\":\"https:\/\/wander.com.ar\/website\/#organization\",\"name\":\"Wander Argentina\",\"alternateName\":\"Wander\",\"url\":\"https:\/\/wander.com.ar\/website\/\",\"logo\":{\"@type\":\"ImageObject\",\"inLanguage\":\"es\",\"@id\":\"https:\/\/wander.com.ar\/website\/#\/schema\/logo\/image\/\",\"url\":\"https:\/\/wander.com.ar\/website\/wp-content\/uploads\/wander_isologo_hor_pos.png\",\"contentUrl\":\"https:\/\/wander.com.ar\/website\/wp-content\/uploads\/wander_isologo_hor_pos.png\",\"width\":951,\"height\":333,\"caption\":\"Wander Argentina\"},\"image\":{\"@id\":\"https:\/\/wander.com.ar\/website\/#\/schema\/logo\/image\/\"},\"sameAs\":[\"https:\/\/www.facebook.com\/wanderargentina.ok\/\",\"https:\/\/www.youtube.com\/@WanderRacingTV\",\"https:\/\/www.instagram.com\/wanderargentina.ok\"]}]}<\/script>\n<!-- \/ Yoast SEO plugin. -->","yoast_head_json":{"title":"Primatek FLEX 10W-40","description":"El Aceite 10W40 semisint\u00e9tico Primatek, para ser utilizado en veh\u00edculos livianos con motor naftero \u00f3 diesel. Es apto para utilizarse por hasta 10.000 km","robots":{"index":"index","follow":"follow","max-snippet":"max-snippet:-1","max-image-preview":"max-image-preview:large","max-video-preview":"max-video-preview:-1"},"canonical":"https:\/\/wander.com.ar\/website\/productos\/w1660\/","og_locale":"es_ES","og_type":"article","og_title":"Primatek FLEX 10W-40","og_description":"El Aceite 10W40 semisint\u00e9tico Primatek, para ser utilizado en veh\u00edculos livianos con motor naftero \u00f3 diesel. Es apto para utilizarse por hasta 10.000 km","og_url":"https:\/\/wander.com.ar\/website\/productos\/w1660\/","og_site_name":"Wander","article_publisher":"https:\/\/www.facebook.com\/wanderargentina.ok\/","article_modified_time":"2022-11-24T16:31:54+00:00","og_image":[{"width":800,"height":800,"url":"https:\/\/wander.com.ar\/website\/wp-content\/uploads\/1666.png","type":"image\/png"}],"twitter_card":"summary_large_image","twitter_misc":{"Tiempo de lectura":"1 minuto"},"schema":{"@context":"https:\/\/schema.org","@graph":[{"@type":"WebPage","@id":"https:\/\/wander.com.ar\/website\/productos\/w1660\/","url":"https:\/\/wander.com.ar\/website\/productos\/w1660\/","name":"Primatek FLEX 10W-40","isPartOf":{"@id":"https:\/\/wander.com.ar\/website\/#website"},"primaryImageOfPage":{"@id":"https:\/\/wander.com.ar\/website\/productos\/w1660\/#primaryimage"},"image":{"@id":"https:\/\/wander.com.ar\/website\/productos\/w1660\/#primaryimage"},"thumbnailUrl":"https:\/\/wander.com.ar\/website\/wp-content\/uploads\/1666.png","datePublished":"2010-01-18T13:28:25+00:00","dateModified":"2022-11-24T16:31:54+00:00","description":"El Aceite 10W40 semisint\u00e9tico Primatek, para ser utilizado en veh\u00edculos livianos con motor naftero \u00f3 diesel. Es apto para utilizarse por hasta 10.000 km","breadcrumb":{"@id":"https:\/\/wander.com.ar\/website\/productos\/w1660\/#breadcrumb"},"inLanguage":"es","potentialAction":[{"@type":"ReadAction","target":["https:\/\/wander.com.ar\/website\/productos\/w1660\/"]}]},{"@type":"ImageObject","inLanguage":"es","@id":"https:\/\/wander.com.ar\/website\/productos\/w1660\/#primaryimage","url":"https:\/\/wander.com.ar\/website\/wp-content\/uploads\/1666.png","contentUrl":"https:\/\/wander.com.ar\/website\/wp-content\/uploads\/1666.png","width":800,"height":800},{"@type":"BreadcrumbList","@id":"https:\/\/wander.com.ar\/website\/productos\/w1660\/#breadcrumb","itemListElement":[{"@type":"ListItem","position":1,"name":"Portada","item":"https:\/\/wander.com.ar\/website\/"},{"@type":"ListItem","position":2,"name":"Nuestros Productos","item":"https:\/\/wander.com.ar\/website\/?page_id=2343"},{"@type":"ListItem","position":3,"name":"PRIMATEK FLEX 10W-40"}]},{"@type":"WebSite","@id":"https:\/\/wander.com.ar\/website\/#website","url":"https:\/\/wander.com.ar\/website\/","name":"Wander Argentina","description":"Productos para el mercado automotor","publisher":{"@id":"https:\/\/wander.com.ar\/website\/#organization"},"alternateName":"Wander","potentialAction":[{"@type":"SearchAction","target":{"@type":"EntryPoint","urlTemplate":"https:\/\/wander.com.ar\/website\/?s={search_term_string}"},"query-input":{"@type":"PropertyValueSpecification","valueRequired":true,"valueName":"search_term_string"}}],"inLanguage":"es"},{"@type":"Organization","@id":"https:\/\/wander.com.ar\/website\/#organization","name":"Wander Argentina","alternateName":"Wander","url":"https:\/\/wander.com.ar\/website\/","logo":{"@type":"ImageObject","inLanguage":"es","@id":"https:\/\/wander.com.ar\/website\/#\/schema\/logo\/image\/","url":"https:\/\/wander.com.ar\/website\/wp-content\/uploads\/wander_isologo_hor_pos.png","contentUrl":"https:\/\/wander.com.ar\/website\/wp-content\/uploads\/wander_isologo_hor_pos.png","width":951,"height":333,"caption":"Wander Argentina"},"image":{"@id":"https:\/\/wander.com.ar\/website\/#\/schema\/logo\/image\/"},"sameAs":["https:\/\/www.facebook.com\/wanderargentina.ok\/","https:\/\/www.youtube.com\/@WanderRacingTV","https:\/\/www.instagram.com\/wanderargentina.ok"]}]}},"_links":{"self":[{"href":"https:\/\/wander.com.ar\/website\/wp-json\/wp\/v2\/product\/1231","targetHints":{"allow":["GET"]}}],"collection":[{"href":"https:\/\/wander.com.ar\/website\/wp-json\/wp\/v2\/product"}],"about":[{"href":"https:\/\/wander.com.ar\/website\/wp-json\/wp\/v2\/types\/product"}],"wp:featuredmedia":[{"embeddable":true,"href":"https:\/\/wander.com.ar\/website\/wp-json\/wp\/v2\/media\/6163"}],"wp:attachment":[{"href":"https:\/\/wander.com.ar\/website\/wp-json\/wp\/v2\/media?parent=1231"}],"wp:term":[{"taxonomy":"product_brand","embeddable":true,"href":"https:\/\/wander.com.ar\/website\/wp-json\/wp\/v2\/product_brand?post=1231"},{"taxonomy":"product_cat","embeddable":true,"href":"https:\/\/wander.com.ar\/website\/wp-json\/wp\/v2\/product_cat?post=1231"},{"taxonomy":"product_tag","embeddable":true,"href":"https:\/\/wander.com.ar\/website\/wp-json\/wp\/v2\/product_tag?post=1231"}],"curies":[{"name":"wp","href":"https:\/\/api.w.org\/{rel}","templated":true}]}}