{"id":1234,"date":"2010-01-18T13:31:08","date_gmt":"2010-01-18T13:31:08","guid":{"rendered":"http:\/\/www.idcontacto.com\/wander\/?post_type=product&#038;p=1234"},"modified":"2022-11-24T16:14:39","modified_gmt":"2022-11-24T16:14:39","slug":"w1670","status":"publish","type":"product","link":"https:\/\/wander.com.ar\/website\/productos\/w1670\/","title":{"rendered":"PRIMATEK SINT\u00c9TICO 5W-40"},"content":{"rendered":"<h3>Beneficios<\/h3>\n<ul>\n<li>Garantiza una buena presi\u00f3n de aceite y m\u00ednimo dep\u00f3sito en aros y pistones.<\/li>\n<li>Su \u00f3ptima circulaci\u00f3n del aceite en fr\u00edo brinda m\u00e1xima protecci\u00f3n en el arranque.<\/li>\n<li>Excelente lubricaci\u00f3n en la superficie de los cojinetes reduce fricci\u00f3n, prolongando la vida \u00fatil del motor.<\/li>\n<li>Baja formaci\u00f3n de cenizas y residuos carbonosos evita golpeteos y preignici\u00f3n.<\/li>\n<\/ul>\n<div class='et-box et-shadow'>\n\t\t\t\t\t<div class='et-box-content'>Es apto para utilizarse hasta 25.000 km. Especialmente formulado para veh\u00edculos livianos con motor naftero \u00f3 diesel.<\/div><\/div>\n","protected":false},"excerpt":{"rendered":"<p>Lubricante multigrado de base 100% sint\u00e9tica. Brinda m\u00e1xima protecci\u00f3n a las piezas en servicio, mejora la presi\u00f3n de aceite dada la presencia de aditivos elevadores del \u00edndice de viscosidad. Disminuye el consumo de aceite. Prolonga la vida \u00fatil del motor. Posee aditivos antioxidantes y anticorrosivos. Baja formaci\u00f3n de cenizas y residuos carbonosos, menor formaci\u00f3n de dep\u00f3sitos en aros y pistones.<\/p>\n","protected":false},"featured_media":6164,"template":"","meta":{"_et_pb_use_builder":"","_et_pb_old_content":"","_et_gb_content_width":""},"product_brand":[],"product_cat":[414,144],"product_tag":[261,330,262],"class_list":{"0":"post-1234","1":"product","2":"type-product","3":"status-publish","4":"has-post-thumbnail","6":"product_cat-lubricantes-para-motores","7":"product_cat-autos","8":"product_tag-100-sintetico","9":"product_tag-aceite-5w40","10":"product_tag-naftadiesel","12":"first","13":"instock","14":"shipping-taxable","15":"product-type-simple"},"yoast_head":"<!-- This site is optimized with the Yoast SEO plugin v23.9 - https:\/\/yoast.com\/wordpress\/plugins\/seo\/ -->\n<title>Aceite 5W40 Primatek. Apto para utilizarse por hasta 25000km<\/title>\n<meta name=\"description\" content=\"El aceite 5W40 ofrece excelente protecci\u00f3n a las partes vitales del motor y promueve el ahorro de combustible y mejora la performance del veh\u00edculo.\" \/>\n<meta name=\"robots\" content=\"index, follow, max-snippet:-1, max-image-preview:large, max-video-preview:-1\" \/>\n<link rel=\"canonical\" href=\"https:\/\/wander.com.ar\/website\/productos\/w1670\/\" \/>\n<meta property=\"og:locale\" content=\"es_ES\" \/>\n<meta property=\"og:type\" content=\"article\" \/>\n<meta property=\"og:title\" content=\"Aceite 5W40 Primatek. Apto para utilizarse por hasta 25000km\" \/>\n<meta property=\"og:description\" content=\"El aceite 5W40 ofrece excelente protecci\u00f3n a las partes vitales del motor y promueve el ahorro de combustible y mejora la performance del veh\u00edculo.\" \/>\n<meta property=\"og:url\" content=\"https:\/\/wander.com.ar\/website\/productos\/w1670\/\" \/>\n<meta property=\"og:site_name\" content=\"Wander\" \/>\n<meta property=\"article:publisher\" content=\"https:\/\/www.facebook.com\/wanderargentina.ok\/\" \/>\n<meta property=\"article:modified_time\" content=\"2022-11-24T16:14:39+00:00\" \/>\n<meta property=\"og:image\" content=\"https:\/\/wander.com.ar\/website\/wp-content\/uploads\/1676.png\" \/>\n\t<meta property=\"og:image:width\" content=\"800\" \/>\n\t<meta property=\"og:image:height\" content=\"800\" \/>\n\t<meta property=\"og:image:type\" content=\"image\/png\" \/>\n<meta name=\"twitter:card\" content=\"summary_large_image\" \/>\n<meta name=\"twitter:label1\" content=\"Tiempo de lectura\" \/>\n\t<meta name=\"twitter:data1\" content=\"1 minuto\" \/>\n<script type=\"application\/ld+json\" class=\"yoast-schema-graph\">{\"@context\":\"https:\/\/schema.org\",\"@graph\":[{\"@type\":\"WebPage\",\"@id\":\"https:\/\/wander.com.ar\/website\/productos\/w1670\/\",\"url\":\"https:\/\/wander.com.ar\/website\/productos\/w1670\/\",\"name\":\"Aceite 5W40 Primatek. Apto para utilizarse por hasta 25000km\",\"isPartOf\":{\"@id\":\"https:\/\/wander.com.ar\/website\/#website\"},\"primaryImageOfPage\":{\"@id\":\"https:\/\/wander.com.ar\/website\/productos\/w1670\/#primaryimage\"},\"image\":{\"@id\":\"https:\/\/wander.com.ar\/website\/productos\/w1670\/#primaryimage\"},\"thumbnailUrl\":\"https:\/\/wander.com.ar\/website\/wp-content\/uploads\/1676.png\",\"datePublished\":\"2010-01-18T13:31:08+00:00\",\"dateModified\":\"2022-11-24T16:14:39+00:00\",\"description\":\"El aceite 5W40 ofrece excelente protecci\u00f3n a las partes vitales del motor y promueve el ahorro de combustible y mejora la performance del veh\u00edculo.\",\"breadcrumb\":{\"@id\":\"https:\/\/wander.com.ar\/website\/productos\/w1670\/#breadcrumb\"},\"inLanguage\":\"es\",\"potentialAction\":[{\"@type\":\"ReadAction\",\"target\":[\"https:\/\/wander.com.ar\/website\/productos\/w1670\/\"]}]},{\"@type\":\"ImageObject\",\"inLanguage\":\"es\",\"@id\":\"https:\/\/wander.com.ar\/website\/productos\/w1670\/#primaryimage\",\"url\":\"https:\/\/wander.com.ar\/website\/wp-content\/uploads\/1676.png\",\"contentUrl\":\"https:\/\/wander.com.ar\/website\/wp-content\/uploads\/1676.png\",\"width\":800,\"height\":800},{\"@type\":\"BreadcrumbList\",\"@id\":\"https:\/\/wander.com.ar\/website\/productos\/w1670\/#breadcrumb\",\"itemListElement\":[{\"@type\":\"ListItem\",\"position\":1,\"name\":\"Portada\",\"item\":\"https:\/\/wander.com.ar\/website\/\"},{\"@type\":\"ListItem\",\"position\":2,\"name\":\"Nuestros Productos\",\"item\":\"https:\/\/wander.com.ar\/website\/?page_id=2343\"},{\"@type\":\"ListItem\",\"position\":3,\"name\":\"PRIMATEK SINT\u00c9TICO 5W-40\"}]},{\"@type\":\"WebSite\",\"@id\":\"https:\/\/wander.com.ar\/website\/#website\",\"url\":\"https:\/\/wander.com.ar\/website\/\",\"name\":\"Wander Argentina\",\"description\":\"Productos para el mercado automotor\",\"publisher\":{\"@id\":\"https:\/\/wander.com.ar\/website\/#organization\"},\"alternateName\":\"Wander\",\"potentialAction\":[{\"@type\":\"SearchAction\",\"target\":{\"@type\":\"EntryPoint\",\"urlTemplate\":\"https:\/\/wander.com.ar\/website\/?s={search_term_string}\"},\"query-input\":{\"@type\":\"PropertyValueSpecification\",\"valueRequired\":true,\"valueName\":\"search_term_string\"}}],\"inLanguage\":\"es\"},{\"@type\":\"Organization\",\"@id\":\"https:\/\/wander.com.ar\/website\/#organization\",\"name\":\"Wander Argentina\",\"alternateName\":\"Wander\",\"url\":\"https:\/\/wander.com.ar\/website\/\",\"logo\":{\"@type\":\"ImageObject\",\"inLanguage\":\"es\",\"@id\":\"https:\/\/wander.com.ar\/website\/#\/schema\/logo\/image\/\",\"url\":\"https:\/\/wander.com.ar\/website\/wp-content\/uploads\/wander_isologo_hor_pos.png\",\"contentUrl\":\"https:\/\/wander.com.ar\/website\/wp-content\/uploads\/wander_isologo_hor_pos.png\",\"width\":951,\"height\":333,\"caption\":\"Wander Argentina\"},\"image\":{\"@id\":\"https:\/\/wander.com.ar\/website\/#\/schema\/logo\/image\/\"},\"sameAs\":[\"https:\/\/www.facebook.com\/wanderargentina.ok\/\",\"https:\/\/www.youtube.com\/@WanderRacingTV\",\"https:\/\/www.instagram.com\/wanderargentina.ok\"]}]}<\/script>\n<!-- \/ Yoast SEO plugin. -->","yoast_head_json":{"title":"Aceite 5W40 Primatek. Apto para utilizarse por hasta 25000km","description":"El aceite 5W40 ofrece excelente protecci\u00f3n a las partes vitales del motor y promueve el ahorro de combustible y mejora la performance del veh\u00edculo.","robots":{"index":"index","follow":"follow","max-snippet":"max-snippet:-1","max-image-preview":"max-image-preview:large","max-video-preview":"max-video-preview:-1"},"canonical":"https:\/\/wander.com.ar\/website\/productos\/w1670\/","og_locale":"es_ES","og_type":"article","og_title":"Aceite 5W40 Primatek. Apto para utilizarse por hasta 25000km","og_description":"El aceite 5W40 ofrece excelente protecci\u00f3n a las partes vitales del motor y promueve el ahorro de combustible y mejora la performance del veh\u00edculo.","og_url":"https:\/\/wander.com.ar\/website\/productos\/w1670\/","og_site_name":"Wander","article_publisher":"https:\/\/www.facebook.com\/wanderargentina.ok\/","article_modified_time":"2022-11-24T16:14:39+00:00","og_image":[{"width":800,"height":800,"url":"https:\/\/wander.com.ar\/website\/wp-content\/uploads\/1676.png","type":"image\/png"}],"twitter_card":"summary_large_image","twitter_misc":{"Tiempo de lectura":"1 minuto"},"schema":{"@context":"https:\/\/schema.org","@graph":[{"@type":"WebPage","@id":"https:\/\/wander.com.ar\/website\/productos\/w1670\/","url":"https:\/\/wander.com.ar\/website\/productos\/w1670\/","name":"Aceite 5W40 Primatek. Apto para utilizarse por hasta 25000km","isPartOf":{"@id":"https:\/\/wander.com.ar\/website\/#website"},"primaryImageOfPage":{"@id":"https:\/\/wander.com.ar\/website\/productos\/w1670\/#primaryimage"},"image":{"@id":"https:\/\/wander.com.ar\/website\/productos\/w1670\/#primaryimage"},"thumbnailUrl":"https:\/\/wander.com.ar\/website\/wp-content\/uploads\/1676.png","datePublished":"2010-01-18T13:31:08+00:00","dateModified":"2022-11-24T16:14:39+00:00","description":"El aceite 5W40 ofrece excelente protecci\u00f3n a las partes vitales del motor y promueve el ahorro de combustible y mejora la performance del veh\u00edculo.","breadcrumb":{"@id":"https:\/\/wander.com.ar\/website\/productos\/w1670\/#breadcrumb"},"inLanguage":"es","potentialAction":[{"@type":"ReadAction","target":["https:\/\/wander.com.ar\/website\/productos\/w1670\/"]}]},{"@type":"ImageObject","inLanguage":"es","@id":"https:\/\/wander.com.ar\/website\/productos\/w1670\/#primaryimage","url":"https:\/\/wander.com.ar\/website\/wp-content\/uploads\/1676.png","contentUrl":"https:\/\/wander.com.ar\/website\/wp-content\/uploads\/1676.png","width":800,"height":800},{"@type":"BreadcrumbList","@id":"https:\/\/wander.com.ar\/website\/productos\/w1670\/#breadcrumb","itemListElement":[{"@type":"ListItem","position":1,"name":"Portada","item":"https:\/\/wander.com.ar\/website\/"},{"@type":"ListItem","position":2,"name":"Nuestros Productos","item":"https:\/\/wander.com.ar\/website\/?page_id=2343"},{"@type":"ListItem","position":3,"name":"PRIMATEK SINT\u00c9TICO 5W-40"}]},{"@type":"WebSite","@id":"https:\/\/wander.com.ar\/website\/#website","url":"https:\/\/wander.com.ar\/website\/","name":"Wander Argentina","description":"Productos para el mercado automotor","publisher":{"@id":"https:\/\/wander.com.ar\/website\/#organization"},"alternateName":"Wander","potentialAction":[{"@type":"SearchAction","target":{"@type":"EntryPoint","urlTemplate":"https:\/\/wander.com.ar\/website\/?s={search_term_string}"},"query-input":{"@type":"PropertyValueSpecification","valueRequired":true,"valueName":"search_term_string"}}],"inLanguage":"es"},{"@type":"Organization","@id":"https:\/\/wander.com.ar\/website\/#organization","name":"Wander Argentina","alternateName":"Wander","url":"https:\/\/wander.com.ar\/website\/","logo":{"@type":"ImageObject","inLanguage":"es","@id":"https:\/\/wander.com.ar\/website\/#\/schema\/logo\/image\/","url":"https:\/\/wander.com.ar\/website\/wp-content\/uploads\/wander_isologo_hor_pos.png","contentUrl":"https:\/\/wander.com.ar\/website\/wp-content\/uploads\/wander_isologo_hor_pos.png","width":951,"height":333,"caption":"Wander Argentina"},"image":{"@id":"https:\/\/wander.com.ar\/website\/#\/schema\/logo\/image\/"},"sameAs":["https:\/\/www.facebook.com\/wanderargentina.ok\/","https:\/\/www.youtube.com\/@WanderRacingTV","https:\/\/www.instagram.com\/wanderargentina.ok"]}]}},"_links":{"self":[{"href":"https:\/\/wander.com.ar\/website\/wp-json\/wp\/v2\/product\/1234","targetHints":{"allow":["GET"]}}],"collection":[{"href":"https:\/\/wander.com.ar\/website\/wp-json\/wp\/v2\/product"}],"about":[{"href":"https:\/\/wander.com.ar\/website\/wp-json\/wp\/v2\/types\/product"}],"wp:featuredmedia":[{"embeddable":true,"href":"https:\/\/wander.com.ar\/website\/wp-json\/wp\/v2\/media\/6164"}],"wp:attachment":[{"href":"https:\/\/wander.com.ar\/website\/wp-json\/wp\/v2\/media?parent=1234"}],"wp:term":[{"taxonomy":"product_brand","embeddable":true,"href":"https:\/\/wander.com.ar\/website\/wp-json\/wp\/v2\/product_brand?post=1234"},{"taxonomy":"product_cat","embeddable":true,"href":"https:\/\/wander.com.ar\/website\/wp-json\/wp\/v2\/product_cat?post=1234"},{"taxonomy":"product_tag","embeddable":true,"href":"https:\/\/wander.com.ar\/website\/wp-json\/wp\/v2\/product_tag?post=1234"}],"curies":[{"name":"wp","href":"https:\/\/api.w.org\/{rel}","templated":true}]}}