{"id":1538,"date":"2015-01-20T15:43:46","date_gmt":"2015-01-20T15:43:46","guid":{"rendered":"http:\/\/s7000382.ferozo.com\/?post_type=product&#038;p=1538"},"modified":"2023-06-26T14:23:38","modified_gmt":"2023-06-26T14:23:38","slug":"w2230","status":"publish","type":"product","link":"https:\/\/wander.com.ar\/website\/productos\/w2230\/","title":{"rendered":"QUAD RACING 4T 0W-50"},"content":{"rendered":"<h3>Beneficios<\/h3>\n<ul>\n<li>Brinda un \u00f3ptimo rendimiento en todo momento.<\/li>\n<li>Mantiene un excelente \u00edndice de viscosidad y punto de escurrimiento.<\/li>\n<li>Mejora el arranque en fr\u00edo.<\/li>\n<li>Potencia la refrigeraci\u00f3n y la lubricaci\u00f3n.<\/li>\n<li>Protege las piezas sometidas a exigencia extrema, por elevadas temperaturas, cargas o altas revoluciones por minuto.<\/li>\n<\/ul>\n<div class='et-box et-shadow'>\n\t\t\t\t\t<div class='et-box-content'>Ideal para utilizar en quads de competici\u00f3n on road y off road, ya sean refrigerados por aire o agua.<\/div><\/div>\n","protected":false},"excerpt":{"rendered":"<p>Aceite de base 100% sint\u00e9tica formulado para desempe\u00f1arse en un amplio rango de temperaturas ambiente extremas.<\/p>\n","protected":false},"featured_media":6704,"template":"","meta":{"_et_pb_use_builder":"","_et_pb_old_content":"","_et_gb_content_width":""},"product_brand":[],"product_cat":[149,418],"product_tag":[289,274,505,266,294,293],"class_list":{"0":"post-1538","1":"product","2":"type-product","3":"status-publish","4":"has-post-thumbnail","6":"product_cat-lubricantes-para-motores-de-competicion","7":"product_cat-competicion","8":"product_tag-aceite-100-sintetico","9":"product_tag-aceite-sintetico","10":"product_tag-cuatriciclos","11":"product_tag-lubricante-motor-4-tiempos","12":"product_tag-quad-racing-4t-0w-50","13":"product_tag-quad-racing-4t-0w-50-aceite-sintetico","15":"first","16":"instock","17":"shipping-taxable","18":"purchasable","19":"product-type-simple"},"yoast_head":"<!-- This site is optimized with the Yoast SEO plugin v23.9 - https:\/\/yoast.com\/wordpress\/plugins\/seo\/ -->\n<title>Quad Racing 4T 0W-50 Aceite Sint\u00e9tico<\/title>\n<meta name=\"description\" content=\"Aceite Sint\u00e9tico Para ser utilizado en quads de competici\u00f3n on road y off road, ya sean refrigerados por aire o agua. Quad Racing 4T 0W-50\" \/>\n<meta name=\"robots\" content=\"index, follow, max-snippet:-1, max-image-preview:large, max-video-preview:-1\" \/>\n<link rel=\"canonical\" href=\"https:\/\/wander.com.ar\/website\/productos\/w2230\/\" \/>\n<meta property=\"og:locale\" content=\"es_ES\" \/>\n<meta property=\"og:type\" content=\"article\" \/>\n<meta property=\"og:title\" content=\"Quad Racing 4T 0W-50 Aceite Sint\u00e9tico\" \/>\n<meta property=\"og:description\" content=\"Aceite Sint\u00e9tico Para ser utilizado en quads de competici\u00f3n on road y off road, ya sean refrigerados por aire o agua. Quad Racing 4T 0W-50\" \/>\n<meta property=\"og:url\" content=\"https:\/\/wander.com.ar\/website\/productos\/w2230\/\" \/>\n<meta property=\"og:site_name\" content=\"Wander\" \/>\n<meta property=\"article:publisher\" content=\"https:\/\/www.facebook.com\/wanderargentina.ok\/\" \/>\n<meta property=\"article:modified_time\" content=\"2023-06-26T14:23:38+00:00\" \/>\n<meta property=\"og:image\" content=\"https:\/\/wander.com.ar\/website\/wp-content\/uploads\/W2235.webp\" \/>\n\t<meta property=\"og:image:width\" content=\"1500\" \/>\n\t<meta property=\"og:image:height\" content=\"1500\" \/>\n\t<meta property=\"og:image:type\" content=\"image\/webp\" \/>\n<meta name=\"twitter:card\" content=\"summary_large_image\" \/>\n<meta name=\"twitter:label1\" content=\"Tiempo de lectura\" \/>\n\t<meta name=\"twitter:data1\" content=\"1 minuto\" \/>\n<script type=\"application\/ld+json\" class=\"yoast-schema-graph\">{\"@context\":\"https:\/\/schema.org\",\"@graph\":[{\"@type\":\"WebPage\",\"@id\":\"https:\/\/wander.com.ar\/website\/productos\/w2230\/\",\"url\":\"https:\/\/wander.com.ar\/website\/productos\/w2230\/\",\"name\":\"Quad Racing 4T 0W-50 Aceite Sint\u00e9tico\",\"isPartOf\":{\"@id\":\"https:\/\/wander.com.ar\/website\/#website\"},\"primaryImageOfPage\":{\"@id\":\"https:\/\/wander.com.ar\/website\/productos\/w2230\/#primaryimage\"},\"image\":{\"@id\":\"https:\/\/wander.com.ar\/website\/productos\/w2230\/#primaryimage\"},\"thumbnailUrl\":\"https:\/\/wander.com.ar\/website\/wp-content\/uploads\/W2235.webp\",\"datePublished\":\"2015-01-20T15:43:46+00:00\",\"dateModified\":\"2023-06-26T14:23:38+00:00\",\"description\":\"Aceite Sint\u00e9tico Para ser utilizado en quads de competici\u00f3n on road y off road, ya sean refrigerados por aire o agua. Quad Racing 4T 0W-50\",\"breadcrumb\":{\"@id\":\"https:\/\/wander.com.ar\/website\/productos\/w2230\/#breadcrumb\"},\"inLanguage\":\"es\",\"potentialAction\":[{\"@type\":\"ReadAction\",\"target\":[\"https:\/\/wander.com.ar\/website\/productos\/w2230\/\"]}]},{\"@type\":\"ImageObject\",\"inLanguage\":\"es\",\"@id\":\"https:\/\/wander.com.ar\/website\/productos\/w2230\/#primaryimage\",\"url\":\"https:\/\/wander.com.ar\/website\/wp-content\/uploads\/W2235.webp\",\"contentUrl\":\"https:\/\/wander.com.ar\/website\/wp-content\/uploads\/W2235.webp\",\"width\":1500,\"height\":1500},{\"@type\":\"BreadcrumbList\",\"@id\":\"https:\/\/wander.com.ar\/website\/productos\/w2230\/#breadcrumb\",\"itemListElement\":[{\"@type\":\"ListItem\",\"position\":1,\"name\":\"Portada\",\"item\":\"https:\/\/wander.com.ar\/website\/\"},{\"@type\":\"ListItem\",\"position\":2,\"name\":\"Nuestros Productos\",\"item\":\"https:\/\/wander.com.ar\/website\/?page_id=2343\"},{\"@type\":\"ListItem\",\"position\":3,\"name\":\"QUAD RACING 4T 0W-50\"}]},{\"@type\":\"WebSite\",\"@id\":\"https:\/\/wander.com.ar\/website\/#website\",\"url\":\"https:\/\/wander.com.ar\/website\/\",\"name\":\"Wander Argentina\",\"description\":\"Productos para el mercado automotor\",\"publisher\":{\"@id\":\"https:\/\/wander.com.ar\/website\/#organization\"},\"alternateName\":\"Wander\",\"potentialAction\":[{\"@type\":\"SearchAction\",\"target\":{\"@type\":\"EntryPoint\",\"urlTemplate\":\"https:\/\/wander.com.ar\/website\/?s={search_term_string}\"},\"query-input\":{\"@type\":\"PropertyValueSpecification\",\"valueRequired\":true,\"valueName\":\"search_term_string\"}}],\"inLanguage\":\"es\"},{\"@type\":\"Organization\",\"@id\":\"https:\/\/wander.com.ar\/website\/#organization\",\"name\":\"Wander Argentina\",\"alternateName\":\"Wander\",\"url\":\"https:\/\/wander.com.ar\/website\/\",\"logo\":{\"@type\":\"ImageObject\",\"inLanguage\":\"es\",\"@id\":\"https:\/\/wander.com.ar\/website\/#\/schema\/logo\/image\/\",\"url\":\"https:\/\/wander.com.ar\/website\/wp-content\/uploads\/wander_isologo_hor_pos.png\",\"contentUrl\":\"https:\/\/wander.com.ar\/website\/wp-content\/uploads\/wander_isologo_hor_pos.png\",\"width\":951,\"height\":333,\"caption\":\"Wander Argentina\"},\"image\":{\"@id\":\"https:\/\/wander.com.ar\/website\/#\/schema\/logo\/image\/\"},\"sameAs\":[\"https:\/\/www.facebook.com\/wanderargentina.ok\/\",\"https:\/\/www.youtube.com\/@WanderRacingTV\",\"https:\/\/www.instagram.com\/wanderargentina.ok\"]}]}<\/script>\n<!-- \/ Yoast SEO plugin. -->","yoast_head_json":{"title":"Quad Racing 4T 0W-50 Aceite Sint\u00e9tico","description":"Aceite Sint\u00e9tico Para ser utilizado en quads de competici\u00f3n on road y off road, ya sean refrigerados por aire o agua. Quad Racing 4T 0W-50","robots":{"index":"index","follow":"follow","max-snippet":"max-snippet:-1","max-image-preview":"max-image-preview:large","max-video-preview":"max-video-preview:-1"},"canonical":"https:\/\/wander.com.ar\/website\/productos\/w2230\/","og_locale":"es_ES","og_type":"article","og_title":"Quad Racing 4T 0W-50 Aceite Sint\u00e9tico","og_description":"Aceite Sint\u00e9tico Para ser utilizado en quads de competici\u00f3n on road y off road, ya sean refrigerados por aire o agua. Quad Racing 4T 0W-50","og_url":"https:\/\/wander.com.ar\/website\/productos\/w2230\/","og_site_name":"Wander","article_publisher":"https:\/\/www.facebook.com\/wanderargentina.ok\/","article_modified_time":"2023-06-26T14:23:38+00:00","og_image":[{"width":1500,"height":1500,"url":"https:\/\/wander.com.ar\/website\/wp-content\/uploads\/W2235.webp","type":"image\/webp"}],"twitter_card":"summary_large_image","twitter_misc":{"Tiempo de lectura":"1 minuto"},"schema":{"@context":"https:\/\/schema.org","@graph":[{"@type":"WebPage","@id":"https:\/\/wander.com.ar\/website\/productos\/w2230\/","url":"https:\/\/wander.com.ar\/website\/productos\/w2230\/","name":"Quad Racing 4T 0W-50 Aceite Sint\u00e9tico","isPartOf":{"@id":"https:\/\/wander.com.ar\/website\/#website"},"primaryImageOfPage":{"@id":"https:\/\/wander.com.ar\/website\/productos\/w2230\/#primaryimage"},"image":{"@id":"https:\/\/wander.com.ar\/website\/productos\/w2230\/#primaryimage"},"thumbnailUrl":"https:\/\/wander.com.ar\/website\/wp-content\/uploads\/W2235.webp","datePublished":"2015-01-20T15:43:46+00:00","dateModified":"2023-06-26T14:23:38+00:00","description":"Aceite Sint\u00e9tico Para ser utilizado en quads de competici\u00f3n on road y off road, ya sean refrigerados por aire o agua. Quad Racing 4T 0W-50","breadcrumb":{"@id":"https:\/\/wander.com.ar\/website\/productos\/w2230\/#breadcrumb"},"inLanguage":"es","potentialAction":[{"@type":"ReadAction","target":["https:\/\/wander.com.ar\/website\/productos\/w2230\/"]}]},{"@type":"ImageObject","inLanguage":"es","@id":"https:\/\/wander.com.ar\/website\/productos\/w2230\/#primaryimage","url":"https:\/\/wander.com.ar\/website\/wp-content\/uploads\/W2235.webp","contentUrl":"https:\/\/wander.com.ar\/website\/wp-content\/uploads\/W2235.webp","width":1500,"height":1500},{"@type":"BreadcrumbList","@id":"https:\/\/wander.com.ar\/website\/productos\/w2230\/#breadcrumb","itemListElement":[{"@type":"ListItem","position":1,"name":"Portada","item":"https:\/\/wander.com.ar\/website\/"},{"@type":"ListItem","position":2,"name":"Nuestros Productos","item":"https:\/\/wander.com.ar\/website\/?page_id=2343"},{"@type":"ListItem","position":3,"name":"QUAD RACING 4T 0W-50"}]},{"@type":"WebSite","@id":"https:\/\/wander.com.ar\/website\/#website","url":"https:\/\/wander.com.ar\/website\/","name":"Wander Argentina","description":"Productos para el mercado automotor","publisher":{"@id":"https:\/\/wander.com.ar\/website\/#organization"},"alternateName":"Wander","potentialAction":[{"@type":"SearchAction","target":{"@type":"EntryPoint","urlTemplate":"https:\/\/wander.com.ar\/website\/?s={search_term_string}"},"query-input":{"@type":"PropertyValueSpecification","valueRequired":true,"valueName":"search_term_string"}}],"inLanguage":"es"},{"@type":"Organization","@id":"https:\/\/wander.com.ar\/website\/#organization","name":"Wander Argentina","alternateName":"Wander","url":"https:\/\/wander.com.ar\/website\/","logo":{"@type":"ImageObject","inLanguage":"es","@id":"https:\/\/wander.com.ar\/website\/#\/schema\/logo\/image\/","url":"https:\/\/wander.com.ar\/website\/wp-content\/uploads\/wander_isologo_hor_pos.png","contentUrl":"https:\/\/wander.com.ar\/website\/wp-content\/uploads\/wander_isologo_hor_pos.png","width":951,"height":333,"caption":"Wander Argentina"},"image":{"@id":"https:\/\/wander.com.ar\/website\/#\/schema\/logo\/image\/"},"sameAs":["https:\/\/www.facebook.com\/wanderargentina.ok\/","https:\/\/www.youtube.com\/@WanderRacingTV","https:\/\/www.instagram.com\/wanderargentina.ok"]}]}},"_links":{"self":[{"href":"https:\/\/wander.com.ar\/website\/wp-json\/wp\/v2\/product\/1538","targetHints":{"allow":["GET"]}}],"collection":[{"href":"https:\/\/wander.com.ar\/website\/wp-json\/wp\/v2\/product"}],"about":[{"href":"https:\/\/wander.com.ar\/website\/wp-json\/wp\/v2\/types\/product"}],"wp:featuredmedia":[{"embeddable":true,"href":"https:\/\/wander.com.ar\/website\/wp-json\/wp\/v2\/media\/6704"}],"wp:attachment":[{"href":"https:\/\/wander.com.ar\/website\/wp-json\/wp\/v2\/media?parent=1538"}],"wp:term":[{"taxonomy":"product_brand","embeddable":true,"href":"https:\/\/wander.com.ar\/website\/wp-json\/wp\/v2\/product_brand?post=1538"},{"taxonomy":"product_cat","embeddable":true,"href":"https:\/\/wander.com.ar\/website\/wp-json\/wp\/v2\/product_cat?post=1538"},{"taxonomy":"product_tag","embeddable":true,"href":"https:\/\/wander.com.ar\/website\/wp-json\/wp\/v2\/product_tag?post=1538"}],"curies":[{"name":"wp","href":"https:\/\/api.w.org\/{rel}","templated":true}]}}