{"id":1598,"date":"2015-02-26T13:33:50","date_gmt":"2015-02-26T13:33:50","guid":{"rendered":"https:\/\/wander.com.ar\/website\/productos\/motor\/aviation-w120\/"},"modified":"2022-11-02T13:01:33","modified_gmt":"2022-11-02T13:01:33","slug":"w2060","status":"publish","type":"product","link":"https:\/\/wander.com.ar\/website\/productos\/w2060\/","title":{"rendered":"AVIATION W120"},"content":{"rendered":"<h3>Beneficios<\/h3>\n<ul>\n<li>Desarrollado con tecnolog\u00eda de avanzada.<\/li>\n<li>Provee mayor protecci\u00f3n contra la herrumbe y el desgaste.<\/li>\n<li>Mantiene por m\u00e1s tiempo una capa protectora sobre las piezas del motor.<\/li>\n<\/ul>\n<div class='et-box et-shadow'>\n\t\t\t\t\t<div class='et-box-content'>Reduce la probabilidad de da\u00f1o prematuro entre revisiones.<\/div><\/div>\n","protected":false},"excerpt":{"rendered":"<p>Lubricante para aeronaves con motor a pist\u00f3n. Previene el degradamiento progresivo de partes vitales del motor, en especial cuando permanece inactivo.<\/p>\n","protected":false},"featured_media":3556,"template":"","meta":{"_et_pb_use_builder":"","_et_pb_old_content":"","_et_gb_content_width":""},"product_brand":[],"product_cat":[205,148],"product_tag":[272],"class_list":{"0":"post-1598","1":"product","2":"type-product","3":"status-publish","4":"has-post-thumbnail","6":"product_cat-aviacion","7":"product_cat-transporte","8":"product_tag-aceite-motor-para-aeronaves","10":"first","11":"instock","12":"shipping-taxable","13":"product-type-simple"},"yoast_head":"<!-- This site is optimized with the Yoast SEO plugin v23.9 - https:\/\/yoast.com\/wordpress\/plugins\/seo\/ -->\n<title>Aviation W120 Aceite motor p\/ aeronaves con motor a pist\u00f3n<\/title>\n<meta name=\"description\" content=\"Aceite motor para aeronaves con motor a pist\u00f3n. Su avanzada tecnolog\u00eda de aditivos provee mayor protecci\u00f3n contra la herrumbre y el desgaste.\" \/>\n<meta name=\"robots\" content=\"index, follow, max-snippet:-1, max-image-preview:large, max-video-preview:-1\" \/>\n<link rel=\"canonical\" href=\"https:\/\/wander.com.ar\/website\/productos\/w2060\/\" \/>\n<meta property=\"og:locale\" content=\"es_ES\" \/>\n<meta property=\"og:type\" content=\"article\" \/>\n<meta property=\"og:title\" content=\"Aviation W120 Aceite motor p\/ aeronaves con motor a pist\u00f3n\" \/>\n<meta property=\"og:description\" content=\"Aceite motor para aeronaves con motor a pist\u00f3n. Su avanzada tecnolog\u00eda de aditivos provee mayor protecci\u00f3n contra la herrumbre y el desgaste.\" \/>\n<meta property=\"og:url\" content=\"https:\/\/wander.com.ar\/website\/productos\/w2060\/\" \/>\n<meta property=\"og:site_name\" content=\"Wander\" \/>\n<meta property=\"article:publisher\" content=\"https:\/\/www.facebook.com\/wanderargentina.ok\/\" \/>\n<meta property=\"article:modified_time\" content=\"2022-11-02T13:01:33+00:00\" \/>\n<meta property=\"og:image\" content=\"https:\/\/wander.com.ar\/website\/wp-content\/uploads\/TAMBOR_OK.png\" \/>\n\t<meta property=\"og:image:width\" content=\"800\" \/>\n\t<meta property=\"og:image:height\" content=\"800\" \/>\n\t<meta property=\"og:image:type\" content=\"image\/png\" \/>\n<meta name=\"twitter:card\" content=\"summary_large_image\" \/>\n<meta name=\"twitter:label1\" content=\"Tiempo de lectura\" \/>\n\t<meta name=\"twitter:data1\" content=\"1 minuto\" \/>\n<script type=\"application\/ld+json\" class=\"yoast-schema-graph\">{\"@context\":\"https:\/\/schema.org\",\"@graph\":[{\"@type\":\"WebPage\",\"@id\":\"https:\/\/wander.com.ar\/website\/productos\/w2060\/\",\"url\":\"https:\/\/wander.com.ar\/website\/productos\/w2060\/\",\"name\":\"Aviation W120 Aceite motor p\/ aeronaves con motor a pist\u00f3n\",\"isPartOf\":{\"@id\":\"https:\/\/wander.com.ar\/website\/#website\"},\"primaryImageOfPage\":{\"@id\":\"https:\/\/wander.com.ar\/website\/productos\/w2060\/#primaryimage\"},\"image\":{\"@id\":\"https:\/\/wander.com.ar\/website\/productos\/w2060\/#primaryimage\"},\"thumbnailUrl\":\"https:\/\/wander.com.ar\/website\/wp-content\/uploads\/TAMBOR_OK.png\",\"datePublished\":\"2015-02-26T13:33:50+00:00\",\"dateModified\":\"2022-11-02T13:01:33+00:00\",\"description\":\"Aceite motor para aeronaves con motor a pist\u00f3n. Su avanzada tecnolog\u00eda de aditivos provee mayor protecci\u00f3n contra la herrumbre y el desgaste.\",\"breadcrumb\":{\"@id\":\"https:\/\/wander.com.ar\/website\/productos\/w2060\/#breadcrumb\"},\"inLanguage\":\"es\",\"potentialAction\":[{\"@type\":\"ReadAction\",\"target\":[\"https:\/\/wander.com.ar\/website\/productos\/w2060\/\"]}]},{\"@type\":\"ImageObject\",\"inLanguage\":\"es\",\"@id\":\"https:\/\/wander.com.ar\/website\/productos\/w2060\/#primaryimage\",\"url\":\"https:\/\/wander.com.ar\/website\/wp-content\/uploads\/TAMBOR_OK.png\",\"contentUrl\":\"https:\/\/wander.com.ar\/website\/wp-content\/uploads\/TAMBOR_OK.png\",\"width\":800,\"height\":800},{\"@type\":\"BreadcrumbList\",\"@id\":\"https:\/\/wander.com.ar\/website\/productos\/w2060\/#breadcrumb\",\"itemListElement\":[{\"@type\":\"ListItem\",\"position\":1,\"name\":\"Portada\",\"item\":\"https:\/\/wander.com.ar\/website\/\"},{\"@type\":\"ListItem\",\"position\":2,\"name\":\"Nuestros Productos\",\"item\":\"https:\/\/wander.com.ar\/website\/?page_id=2343\"},{\"@type\":\"ListItem\",\"position\":3,\"name\":\"AVIATION W120\"}]},{\"@type\":\"WebSite\",\"@id\":\"https:\/\/wander.com.ar\/website\/#website\",\"url\":\"https:\/\/wander.com.ar\/website\/\",\"name\":\"Wander Argentina\",\"description\":\"Productos para el mercado automotor\",\"publisher\":{\"@id\":\"https:\/\/wander.com.ar\/website\/#organization\"},\"alternateName\":\"Wander\",\"potentialAction\":[{\"@type\":\"SearchAction\",\"target\":{\"@type\":\"EntryPoint\",\"urlTemplate\":\"https:\/\/wander.com.ar\/website\/?s={search_term_string}\"},\"query-input\":{\"@type\":\"PropertyValueSpecification\",\"valueRequired\":true,\"valueName\":\"search_term_string\"}}],\"inLanguage\":\"es\"},{\"@type\":\"Organization\",\"@id\":\"https:\/\/wander.com.ar\/website\/#organization\",\"name\":\"Wander Argentina\",\"alternateName\":\"Wander\",\"url\":\"https:\/\/wander.com.ar\/website\/\",\"logo\":{\"@type\":\"ImageObject\",\"inLanguage\":\"es\",\"@id\":\"https:\/\/wander.com.ar\/website\/#\/schema\/logo\/image\/\",\"url\":\"https:\/\/wander.com.ar\/website\/wp-content\/uploads\/wander_isologo_hor_pos.png\",\"contentUrl\":\"https:\/\/wander.com.ar\/website\/wp-content\/uploads\/wander_isologo_hor_pos.png\",\"width\":951,\"height\":333,\"caption\":\"Wander Argentina\"},\"image\":{\"@id\":\"https:\/\/wander.com.ar\/website\/#\/schema\/logo\/image\/\"},\"sameAs\":[\"https:\/\/www.facebook.com\/wanderargentina.ok\/\",\"https:\/\/www.youtube.com\/@WanderRacingTV\",\"https:\/\/www.instagram.com\/wanderargentina.ok\"]}]}<\/script>\n<!-- \/ Yoast SEO plugin. -->","yoast_head_json":{"title":"Aviation W120 Aceite motor p\/ aeronaves con motor a pist\u00f3n","description":"Aceite motor para aeronaves con motor a pist\u00f3n. Su avanzada tecnolog\u00eda de aditivos provee mayor protecci\u00f3n contra la herrumbre y el desgaste.","robots":{"index":"index","follow":"follow","max-snippet":"max-snippet:-1","max-image-preview":"max-image-preview:large","max-video-preview":"max-video-preview:-1"},"canonical":"https:\/\/wander.com.ar\/website\/productos\/w2060\/","og_locale":"es_ES","og_type":"article","og_title":"Aviation W120 Aceite motor p\/ aeronaves con motor a pist\u00f3n","og_description":"Aceite motor para aeronaves con motor a pist\u00f3n. Su avanzada tecnolog\u00eda de aditivos provee mayor protecci\u00f3n contra la herrumbre y el desgaste.","og_url":"https:\/\/wander.com.ar\/website\/productos\/w2060\/","og_site_name":"Wander","article_publisher":"https:\/\/www.facebook.com\/wanderargentina.ok\/","article_modified_time":"2022-11-02T13:01:33+00:00","og_image":[{"width":800,"height":800,"url":"https:\/\/wander.com.ar\/website\/wp-content\/uploads\/TAMBOR_OK.png","type":"image\/png"}],"twitter_card":"summary_large_image","twitter_misc":{"Tiempo de lectura":"1 minuto"},"schema":{"@context":"https:\/\/schema.org","@graph":[{"@type":"WebPage","@id":"https:\/\/wander.com.ar\/website\/productos\/w2060\/","url":"https:\/\/wander.com.ar\/website\/productos\/w2060\/","name":"Aviation W120 Aceite motor p\/ aeronaves con motor a pist\u00f3n","isPartOf":{"@id":"https:\/\/wander.com.ar\/website\/#website"},"primaryImageOfPage":{"@id":"https:\/\/wander.com.ar\/website\/productos\/w2060\/#primaryimage"},"image":{"@id":"https:\/\/wander.com.ar\/website\/productos\/w2060\/#primaryimage"},"thumbnailUrl":"https:\/\/wander.com.ar\/website\/wp-content\/uploads\/TAMBOR_OK.png","datePublished":"2015-02-26T13:33:50+00:00","dateModified":"2022-11-02T13:01:33+00:00","description":"Aceite motor para aeronaves con motor a pist\u00f3n. Su avanzada tecnolog\u00eda de aditivos provee mayor protecci\u00f3n contra la herrumbre y el desgaste.","breadcrumb":{"@id":"https:\/\/wander.com.ar\/website\/productos\/w2060\/#breadcrumb"},"inLanguage":"es","potentialAction":[{"@type":"ReadAction","target":["https:\/\/wander.com.ar\/website\/productos\/w2060\/"]}]},{"@type":"ImageObject","inLanguage":"es","@id":"https:\/\/wander.com.ar\/website\/productos\/w2060\/#primaryimage","url":"https:\/\/wander.com.ar\/website\/wp-content\/uploads\/TAMBOR_OK.png","contentUrl":"https:\/\/wander.com.ar\/website\/wp-content\/uploads\/TAMBOR_OK.png","width":800,"height":800},{"@type":"BreadcrumbList","@id":"https:\/\/wander.com.ar\/website\/productos\/w2060\/#breadcrumb","itemListElement":[{"@type":"ListItem","position":1,"name":"Portada","item":"https:\/\/wander.com.ar\/website\/"},{"@type":"ListItem","position":2,"name":"Nuestros Productos","item":"https:\/\/wander.com.ar\/website\/?page_id=2343"},{"@type":"ListItem","position":3,"name":"AVIATION W120"}]},{"@type":"WebSite","@id":"https:\/\/wander.com.ar\/website\/#website","url":"https:\/\/wander.com.ar\/website\/","name":"Wander Argentina","description":"Productos para el mercado automotor","publisher":{"@id":"https:\/\/wander.com.ar\/website\/#organization"},"alternateName":"Wander","potentialAction":[{"@type":"SearchAction","target":{"@type":"EntryPoint","urlTemplate":"https:\/\/wander.com.ar\/website\/?s={search_term_string}"},"query-input":{"@type":"PropertyValueSpecification","valueRequired":true,"valueName":"search_term_string"}}],"inLanguage":"es"},{"@type":"Organization","@id":"https:\/\/wander.com.ar\/website\/#organization","name":"Wander Argentina","alternateName":"Wander","url":"https:\/\/wander.com.ar\/website\/","logo":{"@type":"ImageObject","inLanguage":"es","@id":"https:\/\/wander.com.ar\/website\/#\/schema\/logo\/image\/","url":"https:\/\/wander.com.ar\/website\/wp-content\/uploads\/wander_isologo_hor_pos.png","contentUrl":"https:\/\/wander.com.ar\/website\/wp-content\/uploads\/wander_isologo_hor_pos.png","width":951,"height":333,"caption":"Wander Argentina"},"image":{"@id":"https:\/\/wander.com.ar\/website\/#\/schema\/logo\/image\/"},"sameAs":["https:\/\/www.facebook.com\/wanderargentina.ok\/","https:\/\/www.youtube.com\/@WanderRacingTV","https:\/\/www.instagram.com\/wanderargentina.ok"]}]}},"_links":{"self":[{"href":"https:\/\/wander.com.ar\/website\/wp-json\/wp\/v2\/product\/1598","targetHints":{"allow":["GET"]}}],"collection":[{"href":"https:\/\/wander.com.ar\/website\/wp-json\/wp\/v2\/product"}],"about":[{"href":"https:\/\/wander.com.ar\/website\/wp-json\/wp\/v2\/types\/product"}],"wp:featuredmedia":[{"embeddable":true,"href":"https:\/\/wander.com.ar\/website\/wp-json\/wp\/v2\/media\/3556"}],"wp:attachment":[{"href":"https:\/\/wander.com.ar\/website\/wp-json\/wp\/v2\/media?parent=1598"}],"wp:term":[{"taxonomy":"product_brand","embeddable":true,"href":"https:\/\/wander.com.ar\/website\/wp-json\/wp\/v2\/product_brand?post=1598"},{"taxonomy":"product_cat","embeddable":true,"href":"https:\/\/wander.com.ar\/website\/wp-json\/wp\/v2\/product_cat?post=1598"},{"taxonomy":"product_tag","embeddable":true,"href":"https:\/\/wander.com.ar\/website\/wp-json\/wp\/v2\/product_tag?post=1598"}],"curies":[{"name":"wp","href":"https:\/\/api.w.org\/{rel}","templated":true}]}}