{"id":1599,"date":"2015-02-26T14:21:54","date_gmt":"2015-02-26T14:21:54","guid":{"rendered":"https:\/\/wander.com.ar\/website\/productos\/motor-racing-autos\/primatek-racing-0w-40\/"},"modified":"2022-11-25T11:02:14","modified_gmt":"2022-11-25T11:02:14","slug":"w2070","status":"publish","type":"product","link":"https:\/\/wander.com.ar\/website\/productos\/w2070\/","title":{"rendered":"PRIMATEK RACING 0W-40"},"content":{"rendered":"<h3>Beneficios<\/h3>\n<ul>\n<li>Lubricante 100% Sint\u00e9tico.<\/li>\n<li>M\u00e1xima protecci\u00f3n contra el desgaste en las condiciones m\u00e1s severas.<\/li>\n<li>Mejora la performance del impulsor, debido a su bajo coeficiente de fricci\u00f3n.<\/li>\n<li>Excelente protecci\u00f3n a todas las partes vitales del motor.<\/li>\n<\/ul>\n<div class='et-box et-shadow'>\n\t\t\t\t\t<div class='et-box-content'>Formulado para motores de competici\u00f3n de elevada potencia.<\/div><\/div>\n","protected":false},"excerpt":{"rendered":"<p>Asegura una entrega total de la potencia del motor con m\u00ednimas p\u00e9rdidas por rozamiento. Su elevado \u00edndice de viscosidad le permite brindar un excelente protecci\u00f3n tanto en el arranque en fr\u00edo como a elevadas temperaturas de trabajo.<\/p>\n","protected":false},"featured_media":6160,"template":"","meta":{"_et_pb_use_builder":"","_et_pb_old_content":"","_et_gb_content_width":""},"product_brand":[],"product_cat":[149,418],"product_tag":[269,271],"class_list":{"0":"post-1599","1":"product","2":"type-product","3":"status-publish","4":"has-post-thumbnail","6":"product_cat-lubricantes-para-motores-de-competicion","7":"product_cat-competicion","8":"product_tag-lubricante-sintetico","9":"product_tag-primatek-racing-0w-40","11":"first","12":"instock","13":"shipping-taxable","14":"purchasable","15":"product-type-simple"},"yoast_head":"<!-- This site is optimized with the Yoast SEO plugin v23.9 - https:\/\/yoast.com\/wordpress\/plugins\/seo\/ -->\n<title>Lubricante Wander Sint\u00e9tico PRIMATEK Racing 0W-40<\/title>\n<meta name=\"description\" content=\"Lubricante Wander Sint\u00e9tico PRIMATEK Racing 0W-40 formulado para motores de competici\u00f3n de elevada potencia. Protecci\u00f3n contra el desgaste.\" \/>\n<meta name=\"robots\" content=\"index, follow, max-snippet:-1, max-image-preview:large, max-video-preview:-1\" \/>\n<link rel=\"canonical\" href=\"https:\/\/wander.com.ar\/website\/productos\/w2070\/\" \/>\n<meta property=\"og:locale\" content=\"es_ES\" \/>\n<meta property=\"og:type\" content=\"article\" \/>\n<meta property=\"og:title\" content=\"Lubricante Wander Sint\u00e9tico PRIMATEK Racing 0W-40\" \/>\n<meta property=\"og:description\" content=\"Lubricante Wander Sint\u00e9tico PRIMATEK Racing 0W-40 formulado para motores de competici\u00f3n de elevada potencia. Protecci\u00f3n contra el desgaste.\" \/>\n<meta property=\"og:url\" content=\"https:\/\/wander.com.ar\/website\/productos\/w2070\/\" \/>\n<meta property=\"og:site_name\" content=\"Wander\" \/>\n<meta property=\"article:publisher\" content=\"https:\/\/www.facebook.com\/wanderargentina.ok\/\" \/>\n<meta property=\"article:modified_time\" content=\"2022-11-25T11:02:14+00:00\" \/>\n<meta property=\"og:image\" content=\"https:\/\/wander.com.ar\/website\/wp-content\/uploads\/0706.png\" \/>\n\t<meta property=\"og:image:width\" content=\"800\" \/>\n\t<meta property=\"og:image:height\" content=\"800\" \/>\n\t<meta property=\"og:image:type\" content=\"image\/png\" \/>\n<meta name=\"twitter:card\" content=\"summary_large_image\" \/>\n<meta name=\"twitter:label1\" content=\"Tiempo de lectura\" \/>\n\t<meta name=\"twitter:data1\" content=\"1 minuto\" \/>\n<script type=\"application\/ld+json\" class=\"yoast-schema-graph\">{\"@context\":\"https:\/\/schema.org\",\"@graph\":[{\"@type\":\"WebPage\",\"@id\":\"https:\/\/wander.com.ar\/website\/productos\/w2070\/\",\"url\":\"https:\/\/wander.com.ar\/website\/productos\/w2070\/\",\"name\":\"Lubricante Wander Sint\u00e9tico PRIMATEK Racing 0W-40\",\"isPartOf\":{\"@id\":\"https:\/\/wander.com.ar\/website\/#website\"},\"primaryImageOfPage\":{\"@id\":\"https:\/\/wander.com.ar\/website\/productos\/w2070\/#primaryimage\"},\"image\":{\"@id\":\"https:\/\/wander.com.ar\/website\/productos\/w2070\/#primaryimage\"},\"thumbnailUrl\":\"https:\/\/wander.com.ar\/website\/wp-content\/uploads\/0706.png\",\"datePublished\":\"2015-02-26T14:21:54+00:00\",\"dateModified\":\"2022-11-25T11:02:14+00:00\",\"description\":\"Lubricante Wander Sint\u00e9tico PRIMATEK Racing 0W-40 formulado para motores de competici\u00f3n de elevada potencia. Protecci\u00f3n contra el desgaste.\",\"breadcrumb\":{\"@id\":\"https:\/\/wander.com.ar\/website\/productos\/w2070\/#breadcrumb\"},\"inLanguage\":\"es\",\"potentialAction\":[{\"@type\":\"ReadAction\",\"target\":[\"https:\/\/wander.com.ar\/website\/productos\/w2070\/\"]}]},{\"@type\":\"ImageObject\",\"inLanguage\":\"es\",\"@id\":\"https:\/\/wander.com.ar\/website\/productos\/w2070\/#primaryimage\",\"url\":\"https:\/\/wander.com.ar\/website\/wp-content\/uploads\/0706.png\",\"contentUrl\":\"https:\/\/wander.com.ar\/website\/wp-content\/uploads\/0706.png\",\"width\":800,\"height\":800},{\"@type\":\"BreadcrumbList\",\"@id\":\"https:\/\/wander.com.ar\/website\/productos\/w2070\/#breadcrumb\",\"itemListElement\":[{\"@type\":\"ListItem\",\"position\":1,\"name\":\"Portada\",\"item\":\"https:\/\/wander.com.ar\/website\/\"},{\"@type\":\"ListItem\",\"position\":2,\"name\":\"Nuestros Productos\",\"item\":\"https:\/\/wander.com.ar\/website\/?page_id=2343\"},{\"@type\":\"ListItem\",\"position\":3,\"name\":\"PRIMATEK RACING 0W-40\"}]},{\"@type\":\"WebSite\",\"@id\":\"https:\/\/wander.com.ar\/website\/#website\",\"url\":\"https:\/\/wander.com.ar\/website\/\",\"name\":\"Wander Argentina\",\"description\":\"Productos para el mercado automotor\",\"publisher\":{\"@id\":\"https:\/\/wander.com.ar\/website\/#organization\"},\"alternateName\":\"Wander\",\"potentialAction\":[{\"@type\":\"SearchAction\",\"target\":{\"@type\":\"EntryPoint\",\"urlTemplate\":\"https:\/\/wander.com.ar\/website\/?s={search_term_string}\"},\"query-input\":{\"@type\":\"PropertyValueSpecification\",\"valueRequired\":true,\"valueName\":\"search_term_string\"}}],\"inLanguage\":\"es\"},{\"@type\":\"Organization\",\"@id\":\"https:\/\/wander.com.ar\/website\/#organization\",\"name\":\"Wander Argentina\",\"alternateName\":\"Wander\",\"url\":\"https:\/\/wander.com.ar\/website\/\",\"logo\":{\"@type\":\"ImageObject\",\"inLanguage\":\"es\",\"@id\":\"https:\/\/wander.com.ar\/website\/#\/schema\/logo\/image\/\",\"url\":\"https:\/\/wander.com.ar\/website\/wp-content\/uploads\/wander_isologo_hor_pos.png\",\"contentUrl\":\"https:\/\/wander.com.ar\/website\/wp-content\/uploads\/wander_isologo_hor_pos.png\",\"width\":951,\"height\":333,\"caption\":\"Wander Argentina\"},\"image\":{\"@id\":\"https:\/\/wander.com.ar\/website\/#\/schema\/logo\/image\/\"},\"sameAs\":[\"https:\/\/www.facebook.com\/wanderargentina.ok\/\",\"https:\/\/www.youtube.com\/@WanderRacingTV\",\"https:\/\/www.instagram.com\/wanderargentina.ok\"]}]}<\/script>\n<!-- \/ Yoast SEO plugin. -->","yoast_head_json":{"title":"Lubricante Wander Sint\u00e9tico PRIMATEK Racing 0W-40","description":"Lubricante Wander Sint\u00e9tico PRIMATEK Racing 0W-40 formulado para motores de competici\u00f3n de elevada potencia. Protecci\u00f3n contra el desgaste.","robots":{"index":"index","follow":"follow","max-snippet":"max-snippet:-1","max-image-preview":"max-image-preview:large","max-video-preview":"max-video-preview:-1"},"canonical":"https:\/\/wander.com.ar\/website\/productos\/w2070\/","og_locale":"es_ES","og_type":"article","og_title":"Lubricante Wander Sint\u00e9tico PRIMATEK Racing 0W-40","og_description":"Lubricante Wander Sint\u00e9tico PRIMATEK Racing 0W-40 formulado para motores de competici\u00f3n de elevada potencia. Protecci\u00f3n contra el desgaste.","og_url":"https:\/\/wander.com.ar\/website\/productos\/w2070\/","og_site_name":"Wander","article_publisher":"https:\/\/www.facebook.com\/wanderargentina.ok\/","article_modified_time":"2022-11-25T11:02:14+00:00","og_image":[{"width":800,"height":800,"url":"https:\/\/wander.com.ar\/website\/wp-content\/uploads\/0706.png","type":"image\/png"}],"twitter_card":"summary_large_image","twitter_misc":{"Tiempo de lectura":"1 minuto"},"schema":{"@context":"https:\/\/schema.org","@graph":[{"@type":"WebPage","@id":"https:\/\/wander.com.ar\/website\/productos\/w2070\/","url":"https:\/\/wander.com.ar\/website\/productos\/w2070\/","name":"Lubricante Wander Sint\u00e9tico PRIMATEK Racing 0W-40","isPartOf":{"@id":"https:\/\/wander.com.ar\/website\/#website"},"primaryImageOfPage":{"@id":"https:\/\/wander.com.ar\/website\/productos\/w2070\/#primaryimage"},"image":{"@id":"https:\/\/wander.com.ar\/website\/productos\/w2070\/#primaryimage"},"thumbnailUrl":"https:\/\/wander.com.ar\/website\/wp-content\/uploads\/0706.png","datePublished":"2015-02-26T14:21:54+00:00","dateModified":"2022-11-25T11:02:14+00:00","description":"Lubricante Wander Sint\u00e9tico PRIMATEK Racing 0W-40 formulado para motores de competici\u00f3n de elevada potencia. Protecci\u00f3n contra el desgaste.","breadcrumb":{"@id":"https:\/\/wander.com.ar\/website\/productos\/w2070\/#breadcrumb"},"inLanguage":"es","potentialAction":[{"@type":"ReadAction","target":["https:\/\/wander.com.ar\/website\/productos\/w2070\/"]}]},{"@type":"ImageObject","inLanguage":"es","@id":"https:\/\/wander.com.ar\/website\/productos\/w2070\/#primaryimage","url":"https:\/\/wander.com.ar\/website\/wp-content\/uploads\/0706.png","contentUrl":"https:\/\/wander.com.ar\/website\/wp-content\/uploads\/0706.png","width":800,"height":800},{"@type":"BreadcrumbList","@id":"https:\/\/wander.com.ar\/website\/productos\/w2070\/#breadcrumb","itemListElement":[{"@type":"ListItem","position":1,"name":"Portada","item":"https:\/\/wander.com.ar\/website\/"},{"@type":"ListItem","position":2,"name":"Nuestros Productos","item":"https:\/\/wander.com.ar\/website\/?page_id=2343"},{"@type":"ListItem","position":3,"name":"PRIMATEK RACING 0W-40"}]},{"@type":"WebSite","@id":"https:\/\/wander.com.ar\/website\/#website","url":"https:\/\/wander.com.ar\/website\/","name":"Wander Argentina","description":"Productos para el mercado automotor","publisher":{"@id":"https:\/\/wander.com.ar\/website\/#organization"},"alternateName":"Wander","potentialAction":[{"@type":"SearchAction","target":{"@type":"EntryPoint","urlTemplate":"https:\/\/wander.com.ar\/website\/?s={search_term_string}"},"query-input":{"@type":"PropertyValueSpecification","valueRequired":true,"valueName":"search_term_string"}}],"inLanguage":"es"},{"@type":"Organization","@id":"https:\/\/wander.com.ar\/website\/#organization","name":"Wander Argentina","alternateName":"Wander","url":"https:\/\/wander.com.ar\/website\/","logo":{"@type":"ImageObject","inLanguage":"es","@id":"https:\/\/wander.com.ar\/website\/#\/schema\/logo\/image\/","url":"https:\/\/wander.com.ar\/website\/wp-content\/uploads\/wander_isologo_hor_pos.png","contentUrl":"https:\/\/wander.com.ar\/website\/wp-content\/uploads\/wander_isologo_hor_pos.png","width":951,"height":333,"caption":"Wander Argentina"},"image":{"@id":"https:\/\/wander.com.ar\/website\/#\/schema\/logo\/image\/"},"sameAs":["https:\/\/www.facebook.com\/wanderargentina.ok\/","https:\/\/www.youtube.com\/@WanderRacingTV","https:\/\/www.instagram.com\/wanderargentina.ok"]}]}},"_links":{"self":[{"href":"https:\/\/wander.com.ar\/website\/wp-json\/wp\/v2\/product\/1599","targetHints":{"allow":["GET"]}}],"collection":[{"href":"https:\/\/wander.com.ar\/website\/wp-json\/wp\/v2\/product"}],"about":[{"href":"https:\/\/wander.com.ar\/website\/wp-json\/wp\/v2\/types\/product"}],"wp:featuredmedia":[{"embeddable":true,"href":"https:\/\/wander.com.ar\/website\/wp-json\/wp\/v2\/media\/6160"}],"wp:attachment":[{"href":"https:\/\/wander.com.ar\/website\/wp-json\/wp\/v2\/media?parent=1599"}],"wp:term":[{"taxonomy":"product_brand","embeddable":true,"href":"https:\/\/wander.com.ar\/website\/wp-json\/wp\/v2\/product_brand?post=1599"},{"taxonomy":"product_cat","embeddable":true,"href":"https:\/\/wander.com.ar\/website\/wp-json\/wp\/v2\/product_cat?post=1599"},{"taxonomy":"product_tag","embeddable":true,"href":"https:\/\/wander.com.ar\/website\/wp-json\/wp\/v2\/product_tag?post=1599"}],"curies":[{"name":"wp","href":"https:\/\/api.w.org\/{rel}","templated":true}]}}