{"id":1605,"date":"2015-02-26T17:43:00","date_gmt":"2015-02-26T17:43:00","guid":{"rendered":"https:\/\/wander.com.ar\/website\/productos\/quad-racing-4t-racing-motos\/bmx-racing-0w-60\/"},"modified":"2023-06-26T14:19:47","modified_gmt":"2023-06-26T14:19:47","slug":"w2190","status":"publish","type":"product","link":"https:\/\/wander.com.ar\/website\/productos\/w2190\/","title":{"rendered":"BMX RACING 0W-60"},"content":{"rendered":"<h3>Beneficios<\/h3>\n<ul>\n<li>Protege las piezas sometidas a exigencia extrema ya sea por elevadas temperaturas, cargas o altas RPM.<\/li>\n<li>Brinda un \u00f3ptimo rendimiento en todo momento gracias a su excelente \u00edndice de viscosidad y punto de escurrimiento.<\/li>\n<li>Mejora el arranque en fr\u00edo, la refrigeraci\u00f3n y la lubricaci\u00f3n.<\/li>\n<\/ul>\n<div class='et-box et-shadow'>\n\t\t\t\t\t<div class='et-box-content'>Para ser utilizado en motocicletas de competici\u00f3n on road y off road, ya sean refrigeradas por aire o agua.<\/div><\/div>\n","protected":false},"excerpt":{"rendered":"<p>Formulado especialmente para desempe\u00f1arse en un amplio rango de temperaturas ambiente extremas.<\/p>\n","protected":false},"featured_media":6699,"template":"","meta":{"_et_pb_use_builder":"","_et_pb_old_content":"","_et_gb_content_width":""},"product_brand":[],"product_cat":[149,418],"product_tag":[366,274,365],"class_list":{"0":"post-1605","1":"product","2":"type-product","3":"status-publish","4":"has-post-thumbnail","6":"product_cat-lubricantes-para-motores-de-competicion","7":"product_cat-competicion","8":"product_tag-aceite-0w60","9":"product_tag-aceite-sintetico","10":"product_tag-aceite-sintetico-0w60","12":"first","13":"instock","14":"shipping-taxable","15":"purchasable","16":"product-type-simple"},"yoast_head":"<!-- This site is optimized with the Yoast SEO plugin v23.9 - https:\/\/yoast.com\/wordpress\/plugins\/seo\/ -->\n<title>Aceite Sint\u00e9tico 0W60 BMX RACING para motor 4T<\/title>\n<meta name=\"description\" content=\"Aceite Sint\u00e9tico 0W60 RACING para motor 4T. Mejora el arranque en fr\u00edo, la refrigeraci\u00f3n, la lubricaci\u00f3n y protecci\u00f3n de las piezas en condiciones extremas\" \/>\n<meta name=\"robots\" content=\"index, follow, max-snippet:-1, max-image-preview:large, max-video-preview:-1\" \/>\n<link rel=\"canonical\" href=\"https:\/\/wander.com.ar\/website\/productos\/w2190\/\" \/>\n<meta property=\"og:locale\" content=\"es_ES\" \/>\n<meta property=\"og:type\" content=\"article\" \/>\n<meta property=\"og:title\" content=\"Lubricante Sint\u00e9tico BMX RACING 0W-60 para motor 4 tiempos\" \/>\n<meta property=\"og:description\" content=\"Lubricante sint\u00e9tico formulado especialmente para desempe\u00f1arse en un amplio rango de temperaturas ambiente extremas, brindando un \u00f3ptimo rendimiento en todo momento gracias a su excelente \u00edndice de viscosidad y punto de escurrimiento, mejorando el arranque en fr\u00edo, la refrigeraci\u00f3n, la lubricaci\u00f3n y protecci\u00f3n de las piezas sometidas a exigencia extrema ya sea por elevadas temperaturas, cargas \u00f3 altas RPM.\" \/>\n<meta property=\"og:url\" content=\"https:\/\/wander.com.ar\/website\/productos\/w2190\/\" \/>\n<meta property=\"og:site_name\" content=\"Wander\" \/>\n<meta property=\"article:publisher\" content=\"https:\/\/www.facebook.com\/wanderargentina.ok\/\" \/>\n<meta property=\"article:modified_time\" content=\"2023-06-26T14:19:47+00:00\" \/>\n<meta property=\"og:image\" content=\"https:\/\/wander.com.ar\/website\/wp-content\/uploads\/W2195.webp\" \/>\n\t<meta property=\"og:image:width\" content=\"1500\" \/>\n\t<meta property=\"og:image:height\" content=\"1500\" \/>\n\t<meta property=\"og:image:type\" content=\"image\/webp\" \/>\n<meta name=\"twitter:card\" content=\"summary_large_image\" \/>\n<meta name=\"twitter:title\" content=\"Lubricante Sint\u00e9tico BMX RACING 0W-60 para motor 4 tiempos\" \/>\n<meta name=\"twitter:label1\" content=\"Tiempo de lectura\" \/>\n\t<meta name=\"twitter:data1\" content=\"1 minuto\" \/>\n<script type=\"application\/ld+json\" class=\"yoast-schema-graph\">{\"@context\":\"https:\/\/schema.org\",\"@graph\":[{\"@type\":\"WebPage\",\"@id\":\"https:\/\/wander.com.ar\/website\/productos\/w2190\/\",\"url\":\"https:\/\/wander.com.ar\/website\/productos\/w2190\/\",\"name\":\"Aceite Sint\u00e9tico 0W60 BMX RACING para motor 4T\",\"isPartOf\":{\"@id\":\"https:\/\/wander.com.ar\/website\/#website\"},\"primaryImageOfPage\":{\"@id\":\"https:\/\/wander.com.ar\/website\/productos\/w2190\/#primaryimage\"},\"image\":{\"@id\":\"https:\/\/wander.com.ar\/website\/productos\/w2190\/#primaryimage\"},\"thumbnailUrl\":\"https:\/\/wander.com.ar\/website\/wp-content\/uploads\/W2195.webp\",\"datePublished\":\"2015-02-26T17:43:00+00:00\",\"dateModified\":\"2023-06-26T14:19:47+00:00\",\"description\":\"Aceite Sint\u00e9tico 0W60 RACING para motor 4T. Mejora el arranque en fr\u00edo, la refrigeraci\u00f3n, la lubricaci\u00f3n y protecci\u00f3n de las piezas en condiciones extremas\",\"breadcrumb\":{\"@id\":\"https:\/\/wander.com.ar\/website\/productos\/w2190\/#breadcrumb\"},\"inLanguage\":\"es\",\"potentialAction\":[{\"@type\":\"ReadAction\",\"target\":[\"https:\/\/wander.com.ar\/website\/productos\/w2190\/\"]}]},{\"@type\":\"ImageObject\",\"inLanguage\":\"es\",\"@id\":\"https:\/\/wander.com.ar\/website\/productos\/w2190\/#primaryimage\",\"url\":\"https:\/\/wander.com.ar\/website\/wp-content\/uploads\/W2195.webp\",\"contentUrl\":\"https:\/\/wander.com.ar\/website\/wp-content\/uploads\/W2195.webp\",\"width\":1500,\"height\":1500},{\"@type\":\"BreadcrumbList\",\"@id\":\"https:\/\/wander.com.ar\/website\/productos\/w2190\/#breadcrumb\",\"itemListElement\":[{\"@type\":\"ListItem\",\"position\":1,\"name\":\"Portada\",\"item\":\"https:\/\/wander.com.ar\/website\/\"},{\"@type\":\"ListItem\",\"position\":2,\"name\":\"Nuestros Productos\",\"item\":\"https:\/\/wander.com.ar\/website\/?page_id=2343\"},{\"@type\":\"ListItem\",\"position\":3,\"name\":\"BMX RACING 0W-60\"}]},{\"@type\":\"WebSite\",\"@id\":\"https:\/\/wander.com.ar\/website\/#website\",\"url\":\"https:\/\/wander.com.ar\/website\/\",\"name\":\"Wander Argentina\",\"description\":\"Productos para el mercado automotor\",\"publisher\":{\"@id\":\"https:\/\/wander.com.ar\/website\/#organization\"},\"alternateName\":\"Wander\",\"potentialAction\":[{\"@type\":\"SearchAction\",\"target\":{\"@type\":\"EntryPoint\",\"urlTemplate\":\"https:\/\/wander.com.ar\/website\/?s={search_term_string}\"},\"query-input\":{\"@type\":\"PropertyValueSpecification\",\"valueRequired\":true,\"valueName\":\"search_term_string\"}}],\"inLanguage\":\"es\"},{\"@type\":\"Organization\",\"@id\":\"https:\/\/wander.com.ar\/website\/#organization\",\"name\":\"Wander Argentina\",\"alternateName\":\"Wander\",\"url\":\"https:\/\/wander.com.ar\/website\/\",\"logo\":{\"@type\":\"ImageObject\",\"inLanguage\":\"es\",\"@id\":\"https:\/\/wander.com.ar\/website\/#\/schema\/logo\/image\/\",\"url\":\"https:\/\/wander.com.ar\/website\/wp-content\/uploads\/wander_isologo_hor_pos.png\",\"contentUrl\":\"https:\/\/wander.com.ar\/website\/wp-content\/uploads\/wander_isologo_hor_pos.png\",\"width\":951,\"height\":333,\"caption\":\"Wander Argentina\"},\"image\":{\"@id\":\"https:\/\/wander.com.ar\/website\/#\/schema\/logo\/image\/\"},\"sameAs\":[\"https:\/\/www.facebook.com\/wanderargentina.ok\/\",\"https:\/\/www.youtube.com\/@WanderRacingTV\",\"https:\/\/www.instagram.com\/wanderargentina.ok\"]}]}<\/script>\n<!-- \/ Yoast SEO plugin. -->","yoast_head_json":{"title":"Aceite Sint\u00e9tico 0W60 BMX RACING para motor 4T","description":"Aceite Sint\u00e9tico 0W60 RACING para motor 4T. Mejora el arranque en fr\u00edo, la refrigeraci\u00f3n, la lubricaci\u00f3n y protecci\u00f3n de las piezas en condiciones extremas","robots":{"index":"index","follow":"follow","max-snippet":"max-snippet:-1","max-image-preview":"max-image-preview:large","max-video-preview":"max-video-preview:-1"},"canonical":"https:\/\/wander.com.ar\/website\/productos\/w2190\/","og_locale":"es_ES","og_type":"article","og_title":"Lubricante Sint\u00e9tico BMX RACING 0W-60 para motor 4 tiempos","og_description":"Lubricante sint\u00e9tico formulado especialmente para desempe\u00f1arse en un amplio rango de temperaturas ambiente extremas, brindando un \u00f3ptimo rendimiento en todo momento gracias a su excelente \u00edndice de viscosidad y punto de escurrimiento, mejorando el arranque en fr\u00edo, la refrigeraci\u00f3n, la lubricaci\u00f3n y protecci\u00f3n de las piezas sometidas a exigencia extrema ya sea por elevadas temperaturas, cargas \u00f3 altas RPM.","og_url":"https:\/\/wander.com.ar\/website\/productos\/w2190\/","og_site_name":"Wander","article_publisher":"https:\/\/www.facebook.com\/wanderargentina.ok\/","article_modified_time":"2023-06-26T14:19:47+00:00","og_image":[{"width":1500,"height":1500,"url":"https:\/\/wander.com.ar\/website\/wp-content\/uploads\/W2195.webp","type":"image\/webp"}],"twitter_card":"summary_large_image","twitter_title":"Lubricante Sint\u00e9tico BMX RACING 0W-60 para motor 4 tiempos","twitter_misc":{"Tiempo de lectura":"1 minuto"},"schema":{"@context":"https:\/\/schema.org","@graph":[{"@type":"WebPage","@id":"https:\/\/wander.com.ar\/website\/productos\/w2190\/","url":"https:\/\/wander.com.ar\/website\/productos\/w2190\/","name":"Aceite Sint\u00e9tico 0W60 BMX RACING para motor 4T","isPartOf":{"@id":"https:\/\/wander.com.ar\/website\/#website"},"primaryImageOfPage":{"@id":"https:\/\/wander.com.ar\/website\/productos\/w2190\/#primaryimage"},"image":{"@id":"https:\/\/wander.com.ar\/website\/productos\/w2190\/#primaryimage"},"thumbnailUrl":"https:\/\/wander.com.ar\/website\/wp-content\/uploads\/W2195.webp","datePublished":"2015-02-26T17:43:00+00:00","dateModified":"2023-06-26T14:19:47+00:00","description":"Aceite Sint\u00e9tico 0W60 RACING para motor 4T. Mejora el arranque en fr\u00edo, la refrigeraci\u00f3n, la lubricaci\u00f3n y protecci\u00f3n de las piezas en condiciones extremas","breadcrumb":{"@id":"https:\/\/wander.com.ar\/website\/productos\/w2190\/#breadcrumb"},"inLanguage":"es","potentialAction":[{"@type":"ReadAction","target":["https:\/\/wander.com.ar\/website\/productos\/w2190\/"]}]},{"@type":"ImageObject","inLanguage":"es","@id":"https:\/\/wander.com.ar\/website\/productos\/w2190\/#primaryimage","url":"https:\/\/wander.com.ar\/website\/wp-content\/uploads\/W2195.webp","contentUrl":"https:\/\/wander.com.ar\/website\/wp-content\/uploads\/W2195.webp","width":1500,"height":1500},{"@type":"BreadcrumbList","@id":"https:\/\/wander.com.ar\/website\/productos\/w2190\/#breadcrumb","itemListElement":[{"@type":"ListItem","position":1,"name":"Portada","item":"https:\/\/wander.com.ar\/website\/"},{"@type":"ListItem","position":2,"name":"Nuestros Productos","item":"https:\/\/wander.com.ar\/website\/?page_id=2343"},{"@type":"ListItem","position":3,"name":"BMX RACING 0W-60"}]},{"@type":"WebSite","@id":"https:\/\/wander.com.ar\/website\/#website","url":"https:\/\/wander.com.ar\/website\/","name":"Wander Argentina","description":"Productos para el mercado automotor","publisher":{"@id":"https:\/\/wander.com.ar\/website\/#organization"},"alternateName":"Wander","potentialAction":[{"@type":"SearchAction","target":{"@type":"EntryPoint","urlTemplate":"https:\/\/wander.com.ar\/website\/?s={search_term_string}"},"query-input":{"@type":"PropertyValueSpecification","valueRequired":true,"valueName":"search_term_string"}}],"inLanguage":"es"},{"@type":"Organization","@id":"https:\/\/wander.com.ar\/website\/#organization","name":"Wander Argentina","alternateName":"Wander","url":"https:\/\/wander.com.ar\/website\/","logo":{"@type":"ImageObject","inLanguage":"es","@id":"https:\/\/wander.com.ar\/website\/#\/schema\/logo\/image\/","url":"https:\/\/wander.com.ar\/website\/wp-content\/uploads\/wander_isologo_hor_pos.png","contentUrl":"https:\/\/wander.com.ar\/website\/wp-content\/uploads\/wander_isologo_hor_pos.png","width":951,"height":333,"caption":"Wander Argentina"},"image":{"@id":"https:\/\/wander.com.ar\/website\/#\/schema\/logo\/image\/"},"sameAs":["https:\/\/www.facebook.com\/wanderargentina.ok\/","https:\/\/www.youtube.com\/@WanderRacingTV","https:\/\/www.instagram.com\/wanderargentina.ok"]}]}},"_links":{"self":[{"href":"https:\/\/wander.com.ar\/website\/wp-json\/wp\/v2\/product\/1605","targetHints":{"allow":["GET"]}}],"collection":[{"href":"https:\/\/wander.com.ar\/website\/wp-json\/wp\/v2\/product"}],"about":[{"href":"https:\/\/wander.com.ar\/website\/wp-json\/wp\/v2\/types\/product"}],"wp:featuredmedia":[{"embeddable":true,"href":"https:\/\/wander.com.ar\/website\/wp-json\/wp\/v2\/media\/6699"}],"wp:attachment":[{"href":"https:\/\/wander.com.ar\/website\/wp-json\/wp\/v2\/media?parent=1605"}],"wp:term":[{"taxonomy":"product_brand","embeddable":true,"href":"https:\/\/wander.com.ar\/website\/wp-json\/wp\/v2\/product_brand?post=1605"},{"taxonomy":"product_cat","embeddable":true,"href":"https:\/\/wander.com.ar\/website\/wp-json\/wp\/v2\/product_cat?post=1605"},{"taxonomy":"product_tag","embeddable":true,"href":"https:\/\/wander.com.ar\/website\/wp-json\/wp\/v2\/product_tag?post=1605"}],"curies":[{"name":"wp","href":"https:\/\/api.w.org\/{rel}","templated":true}]}}