{"id":5962,"date":"2022-04-06T13:27:01","date_gmt":"2022-04-06T13:27:01","guid":{"rendered":"https:\/\/wander.com.ar\/website\/?post_type=product&#038;p=5962"},"modified":"2022-11-02T12:59:23","modified_gmt":"2022-11-02T12:59:23","slug":"w2450","status":"publish","type":"product","link":"https:\/\/wander.com.ar\/website\/productos\/w2450\/","title":{"rendered":"EVOTEK LARGA VIDA EV 04 15W-40"},"content":{"rendered":"<p>Beneficios<\/p>\n<ul>\n<li>Brinda m\u00e1xima protecci\u00f3n a las piezas en servicio.<\/li>\n<li>Mejora la presi\u00f3n y disminuye el consumo de aceite.<\/li>\n<li>Prolonga la vida \u00fatil del motor.<\/li>\n<li>Contiene aditivos antioxidantes y anticorrosivos.<\/li>\n<li>Reduce la formaci\u00f3n de cenizas y residuos carbonosos.<\/li>\n<li>Minimiza dep\u00f3sitos da\u00f1inos en aros y pistones.<\/li>\n<\/ul>\n<div class='et-box et-shadow'>\n\t\t\t\t\t<div class='et-box-content'>PARA UTILIZAR EN MOTORES CON TECNOLOG\u00cdA HASTA EURO VI. APTO PARA SISTEMA DE POSTRATAMIENTO SCR (\u00daREA L\u00cdQUIDA). APTO PARA SISTEMA DE POSTRATAMIENTO DPF (FILTRO DE PART\u00cdCULAS).<\/div><\/div>\n","protected":false},"excerpt":{"rendered":"<p>Wander EVOTEK LARGA VIDA EV04 es un aceite multigrado mineral, especialmente formulado para ser utilizado en veh\u00edculos con motor diesel para servicio pesado, transporte de cargas, transporte de pasajeros, maquinaria agr\u00edcola y vial, motores estacionarios, que requieran intervalos largos entre recambios (hasta 45.000km \u00f3 600hs).<\/p>\n","protected":false},"featured_media":5963,"template":"","meta":{"_et_pb_use_builder":"","_et_pb_old_content":"","_et_gb_content_width":""},"product_brand":[],"product_cat":[443,148,145],"product_tag":[470,284,499],"class_list":{"0":"post-5962","1":"product","2":"type-product","3":"status-publish","4":"has-post-thumbnail","6":"product_cat-lubricantes-para-motores-transporte","7":"product_cat-transporte","8":"product_cat-sector-agricola-maquinarias-viales","9":"product_tag-aceite-15w40","10":"product_tag-aceite-lubricante","11":"product_tag-evotek","13":"first","14":"instock","15":"shipping-taxable","16":"purchasable","17":"product-type-simple"},"yoast_head":"<!-- This site is optimized with the Yoast SEO plugin v23.9 - https:\/\/yoast.com\/wordpress\/plugins\/seo\/ -->\n<title>EVOTEK LARGA VIDA EV 04 15W-40 -<\/title>\n<meta name=\"robots\" content=\"index, follow, max-snippet:-1, max-image-preview:large, max-video-preview:-1\" \/>\n<link rel=\"canonical\" href=\"https:\/\/wander.com.ar\/website\/productos\/w2450\/\" \/>\n<meta property=\"og:locale\" content=\"es_ES\" \/>\n<meta property=\"og:type\" content=\"article\" \/>\n<meta property=\"og:title\" content=\"EVOTEK LARGA VIDA EV 04 15W-40 -\" \/>\n<meta property=\"og:description\" content=\"Wander EVOTEK LARGA VIDA EV04 es un aceite multigrado mineral, especialmente formulado para ser utilizado en veh\u00edculos con motor diesel para servicio pesado, transporte de cargas, transporte de pasajeros, maquinaria agr\u00edcola y vial, motores estacionarios, que requieran intervalos largos entre recambios (hasta 45.000km \u00f3 600hs).\" \/>\n<meta property=\"og:url\" content=\"https:\/\/wander.com.ar\/website\/productos\/w2450\/\" \/>\n<meta property=\"og:site_name\" content=\"Wander\" \/>\n<meta property=\"article:publisher\" content=\"https:\/\/www.facebook.com\/wanderargentina.ok\/\" \/>\n<meta property=\"article:modified_time\" content=\"2022-11-02T12:59:23+00:00\" \/>\n<meta property=\"og:image\" content=\"https:\/\/wander.com.ar\/website\/wp-content\/uploads\/2458.png\" \/>\n\t<meta property=\"og:image:width\" content=\"900\" \/>\n\t<meta property=\"og:image:height\" content=\"900\" \/>\n\t<meta property=\"og:image:type\" content=\"image\/png\" \/>\n<meta name=\"twitter:card\" content=\"summary_large_image\" \/>\n<meta name=\"twitter:label1\" content=\"Tiempo de lectura\" \/>\n\t<meta name=\"twitter:data1\" content=\"1 minuto\" \/>\n<script type=\"application\/ld+json\" class=\"yoast-schema-graph\">{\"@context\":\"https:\/\/schema.org\",\"@graph\":[{\"@type\":\"WebPage\",\"@id\":\"https:\/\/wander.com.ar\/website\/productos\/w2450\/\",\"url\":\"https:\/\/wander.com.ar\/website\/productos\/w2450\/\",\"name\":\"EVOTEK LARGA VIDA EV 04 15W-40 -\",\"isPartOf\":{\"@id\":\"https:\/\/wander.com.ar\/website\/#website\"},\"primaryImageOfPage\":{\"@id\":\"https:\/\/wander.com.ar\/website\/productos\/w2450\/#primaryimage\"},\"image\":{\"@id\":\"https:\/\/wander.com.ar\/website\/productos\/w2450\/#primaryimage\"},\"thumbnailUrl\":\"https:\/\/wander.com.ar\/website\/wp-content\/uploads\/2458.png\",\"datePublished\":\"2022-04-06T13:27:01+00:00\",\"dateModified\":\"2022-11-02T12:59:23+00:00\",\"breadcrumb\":{\"@id\":\"https:\/\/wander.com.ar\/website\/productos\/w2450\/#breadcrumb\"},\"inLanguage\":\"es\",\"potentialAction\":[{\"@type\":\"ReadAction\",\"target\":[\"https:\/\/wander.com.ar\/website\/productos\/w2450\/\"]}]},{\"@type\":\"ImageObject\",\"inLanguage\":\"es\",\"@id\":\"https:\/\/wander.com.ar\/website\/productos\/w2450\/#primaryimage\",\"url\":\"https:\/\/wander.com.ar\/website\/wp-content\/uploads\/2458.png\",\"contentUrl\":\"https:\/\/wander.com.ar\/website\/wp-content\/uploads\/2458.png\",\"width\":900,\"height\":900},{\"@type\":\"BreadcrumbList\",\"@id\":\"https:\/\/wander.com.ar\/website\/productos\/w2450\/#breadcrumb\",\"itemListElement\":[{\"@type\":\"ListItem\",\"position\":1,\"name\":\"Portada\",\"item\":\"https:\/\/wander.com.ar\/website\/\"},{\"@type\":\"ListItem\",\"position\":2,\"name\":\"Nuestros Productos\",\"item\":\"https:\/\/wander.com.ar\/website\/?page_id=2343\"},{\"@type\":\"ListItem\",\"position\":3,\"name\":\"EVOTEK LARGA VIDA EV 04 15W-40\"}]},{\"@type\":\"WebSite\",\"@id\":\"https:\/\/wander.com.ar\/website\/#website\",\"url\":\"https:\/\/wander.com.ar\/website\/\",\"name\":\"Wander Argentina\",\"description\":\"Productos para el mercado automotor\",\"publisher\":{\"@id\":\"https:\/\/wander.com.ar\/website\/#organization\"},\"alternateName\":\"Wander\",\"potentialAction\":[{\"@type\":\"SearchAction\",\"target\":{\"@type\":\"EntryPoint\",\"urlTemplate\":\"https:\/\/wander.com.ar\/website\/?s={search_term_string}\"},\"query-input\":{\"@type\":\"PropertyValueSpecification\",\"valueRequired\":true,\"valueName\":\"search_term_string\"}}],\"inLanguage\":\"es\"},{\"@type\":\"Organization\",\"@id\":\"https:\/\/wander.com.ar\/website\/#organization\",\"name\":\"Wander Argentina\",\"alternateName\":\"Wander\",\"url\":\"https:\/\/wander.com.ar\/website\/\",\"logo\":{\"@type\":\"ImageObject\",\"inLanguage\":\"es\",\"@id\":\"https:\/\/wander.com.ar\/website\/#\/schema\/logo\/image\/\",\"url\":\"https:\/\/wander.com.ar\/website\/wp-content\/uploads\/wander_isologo_hor_pos.png\",\"contentUrl\":\"https:\/\/wander.com.ar\/website\/wp-content\/uploads\/wander_isologo_hor_pos.png\",\"width\":951,\"height\":333,\"caption\":\"Wander Argentina\"},\"image\":{\"@id\":\"https:\/\/wander.com.ar\/website\/#\/schema\/logo\/image\/\"},\"sameAs\":[\"https:\/\/www.facebook.com\/wanderargentina.ok\/\",\"https:\/\/www.youtube.com\/@WanderRacingTV\",\"https:\/\/www.instagram.com\/wanderargentina.ok\"]}]}<\/script>\n<!-- \/ Yoast SEO plugin. -->","yoast_head_json":{"title":"EVOTEK LARGA VIDA EV 04 15W-40 -","robots":{"index":"index","follow":"follow","max-snippet":"max-snippet:-1","max-image-preview":"max-image-preview:large","max-video-preview":"max-video-preview:-1"},"canonical":"https:\/\/wander.com.ar\/website\/productos\/w2450\/","og_locale":"es_ES","og_type":"article","og_title":"EVOTEK LARGA VIDA EV 04 15W-40 -","og_description":"Wander EVOTEK LARGA VIDA EV04 es un aceite multigrado mineral, especialmente formulado para ser utilizado en veh\u00edculos con motor diesel para servicio pesado, transporte de cargas, transporte de pasajeros, maquinaria agr\u00edcola y vial, motores estacionarios, que requieran intervalos largos entre recambios (hasta 45.000km \u00f3 600hs).","og_url":"https:\/\/wander.com.ar\/website\/productos\/w2450\/","og_site_name":"Wander","article_publisher":"https:\/\/www.facebook.com\/wanderargentina.ok\/","article_modified_time":"2022-11-02T12:59:23+00:00","og_image":[{"width":900,"height":900,"url":"https:\/\/wander.com.ar\/website\/wp-content\/uploads\/2458.png","type":"image\/png"}],"twitter_card":"summary_large_image","twitter_misc":{"Tiempo de lectura":"1 minuto"},"schema":{"@context":"https:\/\/schema.org","@graph":[{"@type":"WebPage","@id":"https:\/\/wander.com.ar\/website\/productos\/w2450\/","url":"https:\/\/wander.com.ar\/website\/productos\/w2450\/","name":"EVOTEK LARGA VIDA EV 04 15W-40 -","isPartOf":{"@id":"https:\/\/wander.com.ar\/website\/#website"},"primaryImageOfPage":{"@id":"https:\/\/wander.com.ar\/website\/productos\/w2450\/#primaryimage"},"image":{"@id":"https:\/\/wander.com.ar\/website\/productos\/w2450\/#primaryimage"},"thumbnailUrl":"https:\/\/wander.com.ar\/website\/wp-content\/uploads\/2458.png","datePublished":"2022-04-06T13:27:01+00:00","dateModified":"2022-11-02T12:59:23+00:00","breadcrumb":{"@id":"https:\/\/wander.com.ar\/website\/productos\/w2450\/#breadcrumb"},"inLanguage":"es","potentialAction":[{"@type":"ReadAction","target":["https:\/\/wander.com.ar\/website\/productos\/w2450\/"]}]},{"@type":"ImageObject","inLanguage":"es","@id":"https:\/\/wander.com.ar\/website\/productos\/w2450\/#primaryimage","url":"https:\/\/wander.com.ar\/website\/wp-content\/uploads\/2458.png","contentUrl":"https:\/\/wander.com.ar\/website\/wp-content\/uploads\/2458.png","width":900,"height":900},{"@type":"BreadcrumbList","@id":"https:\/\/wander.com.ar\/website\/productos\/w2450\/#breadcrumb","itemListElement":[{"@type":"ListItem","position":1,"name":"Portada","item":"https:\/\/wander.com.ar\/website\/"},{"@type":"ListItem","position":2,"name":"Nuestros Productos","item":"https:\/\/wander.com.ar\/website\/?page_id=2343"},{"@type":"ListItem","position":3,"name":"EVOTEK LARGA VIDA EV 04 15W-40"}]},{"@type":"WebSite","@id":"https:\/\/wander.com.ar\/website\/#website","url":"https:\/\/wander.com.ar\/website\/","name":"Wander Argentina","description":"Productos para el mercado automotor","publisher":{"@id":"https:\/\/wander.com.ar\/website\/#organization"},"alternateName":"Wander","potentialAction":[{"@type":"SearchAction","target":{"@type":"EntryPoint","urlTemplate":"https:\/\/wander.com.ar\/website\/?s={search_term_string}"},"query-input":{"@type":"PropertyValueSpecification","valueRequired":true,"valueName":"search_term_string"}}],"inLanguage":"es"},{"@type":"Organization","@id":"https:\/\/wander.com.ar\/website\/#organization","name":"Wander Argentina","alternateName":"Wander","url":"https:\/\/wander.com.ar\/website\/","logo":{"@type":"ImageObject","inLanguage":"es","@id":"https:\/\/wander.com.ar\/website\/#\/schema\/logo\/image\/","url":"https:\/\/wander.com.ar\/website\/wp-content\/uploads\/wander_isologo_hor_pos.png","contentUrl":"https:\/\/wander.com.ar\/website\/wp-content\/uploads\/wander_isologo_hor_pos.png","width":951,"height":333,"caption":"Wander Argentina"},"image":{"@id":"https:\/\/wander.com.ar\/website\/#\/schema\/logo\/image\/"},"sameAs":["https:\/\/www.facebook.com\/wanderargentina.ok\/","https:\/\/www.youtube.com\/@WanderRacingTV","https:\/\/www.instagram.com\/wanderargentina.ok"]}]}},"_links":{"self":[{"href":"https:\/\/wander.com.ar\/website\/wp-json\/wp\/v2\/product\/5962","targetHints":{"allow":["GET"]}}],"collection":[{"href":"https:\/\/wander.com.ar\/website\/wp-json\/wp\/v2\/product"}],"about":[{"href":"https:\/\/wander.com.ar\/website\/wp-json\/wp\/v2\/types\/product"}],"wp:featuredmedia":[{"embeddable":true,"href":"https:\/\/wander.com.ar\/website\/wp-json\/wp\/v2\/media\/5963"}],"wp:attachment":[{"href":"https:\/\/wander.com.ar\/website\/wp-json\/wp\/v2\/media?parent=5962"}],"wp:term":[{"taxonomy":"product_brand","embeddable":true,"href":"https:\/\/wander.com.ar\/website\/wp-json\/wp\/v2\/product_brand?post=5962"},{"taxonomy":"product_cat","embeddable":true,"href":"https:\/\/wander.com.ar\/website\/wp-json\/wp\/v2\/product_cat?post=5962"},{"taxonomy":"product_tag","embeddable":true,"href":"https:\/\/wander.com.ar\/website\/wp-json\/wp\/v2\/product_tag?post=5962"}],"curies":[{"name":"wp","href":"https:\/\/api.w.org\/{rel}","templated":true}]}}