{"id":6174,"date":"2022-07-06T13:42:37","date_gmt":"2022-07-06T13:42:37","guid":{"rendered":"https:\/\/wander.com.ar\/website\/?post_type=product&#038;p=6174"},"modified":"2022-11-23T15:58:19","modified_gmt":"2022-11-23T15:58:19","slug":"w2440","status":"publish","type":"product","link":"https:\/\/wander.com.ar\/website\/productos\/w2440\/","title":{"rendered":"PRIMATEK ECO FLEX 5W-30"},"content":{"rendered":"<h3>Beneficios:<\/h3>\n<ul>\n<li>Dise\u00f1ado para motores equipados con sistema START\/STOP<\/li>\n<li>Low Sap, disminuye los efectos LSPI.<\/li>\n<li>Apto y compatible para sistemas de post tratamiento de gases de escape de tipo GPF\/DPF\/SCR.<\/li>\n<li>Puede utilizarse en aplicaciones que recomienden un aceite SAE 10W-30.<\/li>\n<\/ul>\n<div class='et-box et-shadow'>\n\t\t\t\t\t<div class='et-box-content'><strong>Excelente circulaci\u00f3n en frio, reduciendo la fricci\u00f3n al momento del arranque. Es apto para utilizarse por hasta 25.000km.<\/strong> <strong>Cumple con las normas API SP &#8211; ACEA C1 &#8211; ILSAC GF-6A.<\/strong>\u00a0<\/div><\/div>\n","protected":false},"excerpt":{"rendered":"<p>Aceite multigrado 100% sint\u00e9tico, formulado para emplearse en veh\u00edculos livianos, con cualquier tipo de motor y que utilicen todo tipo de combustible. Prolonga la vida \u00fatil del motor. Posee aditivos antioxidantes y anticorrosivos.<\/p>\n","protected":false},"featured_media":6170,"template":"","meta":{"_et_pb_use_builder":"","_et_pb_old_content":"","_et_gb_content_width":""},"product_brand":[],"product_cat":[414,144],"product_tag":[261,334,461,269,460],"class_list":{"0":"post-6174","1":"product","2":"type-product","3":"status-publish","4":"has-post-thumbnail","6":"product_cat-lubricantes-para-motores","7":"product_cat-autos","8":"product_tag-100-sintetico","9":"product_tag-aceite-5w30","10":"product_tag-eco-flex","11":"product_tag-lubricante-sintetico","12":"product_tag-primatek","14":"first","15":"instock","16":"featured","17":"shipping-taxable","18":"product-type-simple"},"yoast_head":"<!-- This site is optimized with the Yoast SEO plugin v23.9 - https:\/\/yoast.com\/wordpress\/plugins\/seo\/ -->\n<title>PRIMATEK ECO FLEX 5W-30 | API SP ACEA C1<\/title>\n<meta name=\"description\" content=\"Aceite multigrado 100% sint\u00e9tico, formulado para emplearse en veh\u00edculos livianos, con cualquier tipo de motor y que utilicen todo tipo de combustible. Prolonga la vida \u00fatil del motor. Posee aditivos antioxidantes y anticorrosivos.\" \/>\n<meta name=\"robots\" content=\"index, follow, max-snippet:-1, max-image-preview:large, max-video-preview:-1\" \/>\n<link rel=\"canonical\" href=\"https:\/\/wander.com.ar\/website\/productos\/w2440\/\" \/>\n<meta property=\"og:locale\" content=\"es_ES\" \/>\n<meta property=\"og:type\" content=\"article\" \/>\n<meta property=\"og:title\" content=\"PRIMATEK ECO FLEX 5W-30 | API SP ACEA C1\" \/>\n<meta property=\"og:description\" content=\"Aceite multigrado 100% sint\u00e9tico, formulado para emplearse en veh\u00edculos livianos, con cualquier tipo de motor y que utilicen todo tipo de combustible. Prolonga la vida \u00fatil del motor. Posee aditivos antioxidantes y anticorrosivos.\" \/>\n<meta property=\"og:url\" content=\"https:\/\/wander.com.ar\/website\/productos\/w2440\/\" \/>\n<meta property=\"og:site_name\" content=\"Wander\" \/>\n<meta property=\"article:publisher\" content=\"https:\/\/www.facebook.com\/wanderargentina.ok\/\" \/>\n<meta property=\"article:modified_time\" content=\"2022-11-23T15:58:19+00:00\" \/>\n<meta property=\"og:image\" content=\"https:\/\/wander.com.ar\/website\/wp-content\/uploads\/2446.png\" \/>\n\t<meta property=\"og:image:width\" content=\"800\" \/>\n\t<meta property=\"og:image:height\" content=\"800\" \/>\n\t<meta property=\"og:image:type\" content=\"image\/png\" \/>\n<meta name=\"twitter:card\" content=\"summary_large_image\" \/>\n<meta name=\"twitter:label1\" content=\"Tiempo de lectura\" \/>\n\t<meta name=\"twitter:data1\" content=\"1 minuto\" \/>\n<script type=\"application\/ld+json\" class=\"yoast-schema-graph\">{\"@context\":\"https:\/\/schema.org\",\"@graph\":[{\"@type\":\"WebPage\",\"@id\":\"https:\/\/wander.com.ar\/website\/productos\/w2440\/\",\"url\":\"https:\/\/wander.com.ar\/website\/productos\/w2440\/\",\"name\":\"PRIMATEK ECO FLEX 5W-30 | API SP ACEA C1\",\"isPartOf\":{\"@id\":\"https:\/\/wander.com.ar\/website\/#website\"},\"primaryImageOfPage\":{\"@id\":\"https:\/\/wander.com.ar\/website\/productos\/w2440\/#primaryimage\"},\"image\":{\"@id\":\"https:\/\/wander.com.ar\/website\/productos\/w2440\/#primaryimage\"},\"thumbnailUrl\":\"https:\/\/wander.com.ar\/website\/wp-content\/uploads\/2446.png\",\"datePublished\":\"2022-07-06T13:42:37+00:00\",\"dateModified\":\"2022-11-23T15:58:19+00:00\",\"description\":\"Aceite multigrado 100% sint\u00e9tico, formulado para emplearse en veh\u00edculos livianos, con cualquier tipo de motor y que utilicen todo tipo de combustible. Prolonga la vida \u00fatil del motor. Posee aditivos antioxidantes y anticorrosivos.\",\"breadcrumb\":{\"@id\":\"https:\/\/wander.com.ar\/website\/productos\/w2440\/#breadcrumb\"},\"inLanguage\":\"es\",\"potentialAction\":[{\"@type\":\"ReadAction\",\"target\":[\"https:\/\/wander.com.ar\/website\/productos\/w2440\/\"]}]},{\"@type\":\"ImageObject\",\"inLanguage\":\"es\",\"@id\":\"https:\/\/wander.com.ar\/website\/productos\/w2440\/#primaryimage\",\"url\":\"https:\/\/wander.com.ar\/website\/wp-content\/uploads\/2446.png\",\"contentUrl\":\"https:\/\/wander.com.ar\/website\/wp-content\/uploads\/2446.png\",\"width\":800,\"height\":800},{\"@type\":\"BreadcrumbList\",\"@id\":\"https:\/\/wander.com.ar\/website\/productos\/w2440\/#breadcrumb\",\"itemListElement\":[{\"@type\":\"ListItem\",\"position\":1,\"name\":\"Portada\",\"item\":\"https:\/\/wander.com.ar\/website\/\"},{\"@type\":\"ListItem\",\"position\":2,\"name\":\"Nuestros Productos\",\"item\":\"https:\/\/wander.com.ar\/website\/?page_id=2343\"},{\"@type\":\"ListItem\",\"position\":3,\"name\":\"PRIMATEK ECO FLEX 5W-30\"}]},{\"@type\":\"WebSite\",\"@id\":\"https:\/\/wander.com.ar\/website\/#website\",\"url\":\"https:\/\/wander.com.ar\/website\/\",\"name\":\"Wander Argentina\",\"description\":\"Productos para el mercado automotor\",\"publisher\":{\"@id\":\"https:\/\/wander.com.ar\/website\/#organization\"},\"alternateName\":\"Wander\",\"potentialAction\":[{\"@type\":\"SearchAction\",\"target\":{\"@type\":\"EntryPoint\",\"urlTemplate\":\"https:\/\/wander.com.ar\/website\/?s={search_term_string}\"},\"query-input\":{\"@type\":\"PropertyValueSpecification\",\"valueRequired\":true,\"valueName\":\"search_term_string\"}}],\"inLanguage\":\"es\"},{\"@type\":\"Organization\",\"@id\":\"https:\/\/wander.com.ar\/website\/#organization\",\"name\":\"Wander Argentina\",\"alternateName\":\"Wander\",\"url\":\"https:\/\/wander.com.ar\/website\/\",\"logo\":{\"@type\":\"ImageObject\",\"inLanguage\":\"es\",\"@id\":\"https:\/\/wander.com.ar\/website\/#\/schema\/logo\/image\/\",\"url\":\"https:\/\/wander.com.ar\/website\/wp-content\/uploads\/wander_isologo_hor_pos.png\",\"contentUrl\":\"https:\/\/wander.com.ar\/website\/wp-content\/uploads\/wander_isologo_hor_pos.png\",\"width\":951,\"height\":333,\"caption\":\"Wander Argentina\"},\"image\":{\"@id\":\"https:\/\/wander.com.ar\/website\/#\/schema\/logo\/image\/\"},\"sameAs\":[\"https:\/\/www.facebook.com\/wanderargentina.ok\/\",\"https:\/\/www.youtube.com\/@WanderRacingTV\",\"https:\/\/www.instagram.com\/wanderargentina.ok\"]}]}<\/script>\n<!-- \/ Yoast SEO plugin. -->","yoast_head_json":{"title":"PRIMATEK ECO FLEX 5W-30 | API SP ACEA C1","description":"Aceite multigrado 100% sint\u00e9tico, formulado para emplearse en veh\u00edculos livianos, con cualquier tipo de motor y que utilicen todo tipo de combustible. Prolonga la vida \u00fatil del motor. Posee aditivos antioxidantes y anticorrosivos.","robots":{"index":"index","follow":"follow","max-snippet":"max-snippet:-1","max-image-preview":"max-image-preview:large","max-video-preview":"max-video-preview:-1"},"canonical":"https:\/\/wander.com.ar\/website\/productos\/w2440\/","og_locale":"es_ES","og_type":"article","og_title":"PRIMATEK ECO FLEX 5W-30 | API SP ACEA C1","og_description":"Aceite multigrado 100% sint\u00e9tico, formulado para emplearse en veh\u00edculos livianos, con cualquier tipo de motor y que utilicen todo tipo de combustible. Prolonga la vida \u00fatil del motor. Posee aditivos antioxidantes y anticorrosivos.","og_url":"https:\/\/wander.com.ar\/website\/productos\/w2440\/","og_site_name":"Wander","article_publisher":"https:\/\/www.facebook.com\/wanderargentina.ok\/","article_modified_time":"2022-11-23T15:58:19+00:00","og_image":[{"width":800,"height":800,"url":"https:\/\/wander.com.ar\/website\/wp-content\/uploads\/2446.png","type":"image\/png"}],"twitter_card":"summary_large_image","twitter_misc":{"Tiempo de lectura":"1 minuto"},"schema":{"@context":"https:\/\/schema.org","@graph":[{"@type":"WebPage","@id":"https:\/\/wander.com.ar\/website\/productos\/w2440\/","url":"https:\/\/wander.com.ar\/website\/productos\/w2440\/","name":"PRIMATEK ECO FLEX 5W-30 | API SP ACEA C1","isPartOf":{"@id":"https:\/\/wander.com.ar\/website\/#website"},"primaryImageOfPage":{"@id":"https:\/\/wander.com.ar\/website\/productos\/w2440\/#primaryimage"},"image":{"@id":"https:\/\/wander.com.ar\/website\/productos\/w2440\/#primaryimage"},"thumbnailUrl":"https:\/\/wander.com.ar\/website\/wp-content\/uploads\/2446.png","datePublished":"2022-07-06T13:42:37+00:00","dateModified":"2022-11-23T15:58:19+00:00","description":"Aceite multigrado 100% sint\u00e9tico, formulado para emplearse en veh\u00edculos livianos, con cualquier tipo de motor y que utilicen todo tipo de combustible. Prolonga la vida \u00fatil del motor. Posee aditivos antioxidantes y anticorrosivos.","breadcrumb":{"@id":"https:\/\/wander.com.ar\/website\/productos\/w2440\/#breadcrumb"},"inLanguage":"es","potentialAction":[{"@type":"ReadAction","target":["https:\/\/wander.com.ar\/website\/productos\/w2440\/"]}]},{"@type":"ImageObject","inLanguage":"es","@id":"https:\/\/wander.com.ar\/website\/productos\/w2440\/#primaryimage","url":"https:\/\/wander.com.ar\/website\/wp-content\/uploads\/2446.png","contentUrl":"https:\/\/wander.com.ar\/website\/wp-content\/uploads\/2446.png","width":800,"height":800},{"@type":"BreadcrumbList","@id":"https:\/\/wander.com.ar\/website\/productos\/w2440\/#breadcrumb","itemListElement":[{"@type":"ListItem","position":1,"name":"Portada","item":"https:\/\/wander.com.ar\/website\/"},{"@type":"ListItem","position":2,"name":"Nuestros Productos","item":"https:\/\/wander.com.ar\/website\/?page_id=2343"},{"@type":"ListItem","position":3,"name":"PRIMATEK ECO FLEX 5W-30"}]},{"@type":"WebSite","@id":"https:\/\/wander.com.ar\/website\/#website","url":"https:\/\/wander.com.ar\/website\/","name":"Wander Argentina","description":"Productos para el mercado automotor","publisher":{"@id":"https:\/\/wander.com.ar\/website\/#organization"},"alternateName":"Wander","potentialAction":[{"@type":"SearchAction","target":{"@type":"EntryPoint","urlTemplate":"https:\/\/wander.com.ar\/website\/?s={search_term_string}"},"query-input":{"@type":"PropertyValueSpecification","valueRequired":true,"valueName":"search_term_string"}}],"inLanguage":"es"},{"@type":"Organization","@id":"https:\/\/wander.com.ar\/website\/#organization","name":"Wander Argentina","alternateName":"Wander","url":"https:\/\/wander.com.ar\/website\/","logo":{"@type":"ImageObject","inLanguage":"es","@id":"https:\/\/wander.com.ar\/website\/#\/schema\/logo\/image\/","url":"https:\/\/wander.com.ar\/website\/wp-content\/uploads\/wander_isologo_hor_pos.png","contentUrl":"https:\/\/wander.com.ar\/website\/wp-content\/uploads\/wander_isologo_hor_pos.png","width":951,"height":333,"caption":"Wander Argentina"},"image":{"@id":"https:\/\/wander.com.ar\/website\/#\/schema\/logo\/image\/"},"sameAs":["https:\/\/www.facebook.com\/wanderargentina.ok\/","https:\/\/www.youtube.com\/@WanderRacingTV","https:\/\/www.instagram.com\/wanderargentina.ok"]}]}},"_links":{"self":[{"href":"https:\/\/wander.com.ar\/website\/wp-json\/wp\/v2\/product\/6174","targetHints":{"allow":["GET"]}}],"collection":[{"href":"https:\/\/wander.com.ar\/website\/wp-json\/wp\/v2\/product"}],"about":[{"href":"https:\/\/wander.com.ar\/website\/wp-json\/wp\/v2\/types\/product"}],"wp:featuredmedia":[{"embeddable":true,"href":"https:\/\/wander.com.ar\/website\/wp-json\/wp\/v2\/media\/6170"}],"wp:attachment":[{"href":"https:\/\/wander.com.ar\/website\/wp-json\/wp\/v2\/media?parent=6174"}],"wp:term":[{"taxonomy":"product_brand","embeddable":true,"href":"https:\/\/wander.com.ar\/website\/wp-json\/wp\/v2\/product_brand?post=6174"},{"taxonomy":"product_cat","embeddable":true,"href":"https:\/\/wander.com.ar\/website\/wp-json\/wp\/v2\/product_cat?post=6174"},{"taxonomy":"product_tag","embeddable":true,"href":"https:\/\/wander.com.ar\/website\/wp-json\/wp\/v2\/product_tag?post=6174"}],"curies":[{"name":"wp","href":"https:\/\/api.w.org\/{rel}","templated":true}]}}